{"id":23547,"date":"2026-04-15T12:50:17","date_gmt":"2026-04-15T12:50:17","guid":{"rendered":"https:\/\/some-store.projetsweb.net\/?post_type=product&#038;p=23547"},"modified":"2026-04-15T12:50:17","modified_gmt":"2026-04-15T12:50:17","slug":"gommes-licornes-magiques-x4","status":"publish","type":"product","link":"https:\/\/some-store.projetsweb.net\/en\/shop\/themes-occasions\/anniversaires\/par-themes\/licornes\/gommes-licornes-magiques-x4\/","title":{"rendered":"Gommes licornes magiques x4"},"content":{"rendered":"","protected":false},"excerpt":{"rendered":"<p data-start=\"101\" data-end=\"294\">Ajoute une touche de f\u00e9\u00e9rie aux trousses des enfants avec ces adorables gommes licorne aux couleurs pastel.<br data-start=\"210\" data-end=\"213\" \/>Parfaites pour l\u2019\u00e9cole, les activit\u00e9s cr\u00e9atives ou comme petits cadeaux de f\u00eate !<\/p>\n<p data-start=\"296\" data-end=\"431\">Chaque gomme repr\u00e9sente une licorne diff\u00e9rente avec des d\u00e9tails color\u00e9s et un design ultra mignon qui plaira \u00e0 coup s\u00fbr aux enfants.<\/p>\n<ul data-start=\"463\" data-end=\"672\">\n<li data-section-id=\"1urus5g\" data-start=\"463\" data-end=\"490\">Lot de 4 gommes licorne<\/li>\n<li data-section-id=\"1wtr5bu\" data-start=\"491\" data-end=\"525\">4 designs et couleurs assortis<\/li>\n<li data-section-id=\"1w839ug\" data-start=\"526\" data-end=\"564\">Mati\u00e8re : gomme souple et efficace<\/li>\n<li data-section-id=\"1x0ld6z\" data-start=\"565\" data-end=\"599\">Format individuel sous blister<\/li>\n<li data-section-id=\"i78tgf\" data-start=\"600\" data-end=\"672\">Id\u00e9al pour cadeaux de retour, pochettes surprises ou trousse d\u2019\u00e9cole<\/li>\n<\/ul>","protected":false},"featured_media":23548,"comment_status":"open","ping_status":"closed","template":"","meta":[],"product_brand":[],"product_cat":[292,336],"product_tag":[],"class_list":{"0":"post-23547","1":"product","2":"type-product","3":"status-publish","4":"has-post-thumbnail","6":"product_cat-licornes","7":"product_cat-petite-papeterie","9":"first","10":"instock","11":"virtual","12":"purchasable","13":"product-type-simple"},"_links":{"self":[{"href":"https:\/\/some-store.projetsweb.net\/en\/wp-json\/wp\/v2\/product\/23547","targetHints":{"allow":["GET"]}}],"collection":[{"href":"https:\/\/some-store.projetsweb.net\/en\/wp-json\/wp\/v2\/product"}],"about":[{"href":"https:\/\/some-store.projetsweb.net\/en\/wp-json\/wp\/v2\/types\/product"}],"replies":[{"embeddable":true,"href":"https:\/\/some-store.projetsweb.net\/en\/wp-json\/wp\/v2\/comments?post=23547"}],"wp:featuredmedia":[{"embeddable":true,"href":"https:\/\/some-store.projetsweb.net\/en\/wp-json\/wp\/v2\/media\/23548"}],"wp:attachment":[{"href":"https:\/\/some-store.projetsweb.net\/en\/wp-json\/wp\/v2\/media?parent=23547"}],"wp:term":[{"taxonomy":"product_brand","embeddable":true,"href":"https:\/\/some-store.projetsweb.net\/en\/wp-json\/wp\/v2\/product_brand?post=23547"},{"taxonomy":"product_cat","embeddable":true,"href":"https:\/\/some-store.projetsweb.net\/en\/wp-json\/wp\/v2\/product_cat?post=23547"},{"taxonomy":"product_tag","embeddable":true,"href":"https:\/\/some-store.projetsweb.net\/en\/wp-json\/wp\/v2\/product_tag?post=23547"}],"curies":[{"name":"wp","href":"https:\/\/api.w.org\/{rel}","templated":true}]}}