{"id":23519,"date":"2026-04-15T12:41:27","date_gmt":"2026-04-15T12:41:27","guid":{"rendered":"https:\/\/some-store.projetsweb.net\/?post_type=product&#038;p=23519"},"modified":"2026-04-15T12:41:27","modified_gmt":"2026-04-15T12:41:27","slug":"gommes-vehicules-de-chantier","status":"publish","type":"product","link":"https:\/\/some-store.projetsweb.net\/en\/shop\/themes-occasions\/anniversaires\/par-themes\/construction\/gommes-vehicules-de-chantier\/","title":{"rendered":"Gommes v\u00e9hicules de chantier"},"content":{"rendered":"","protected":false},"excerpt":{"rendered":"<p data-start=\"40\" data-end=\"251\">Amuse-toi avec ce lot de gommes en forme de v\u00e9hicules de chantier color\u00e9s. Pr\u00e9sent\u00e9es dans un \u00e9tui pratique, elles sont parfaites pour l\u2019\u00e9cole et id\u00e9ales comme cadeaux de retour pour un anniversaire ou une f\u00eate.<\/p>\n<ul data-start=\"277\" data-end=\"479\">\n<li data-section-id=\"brm5dh\" data-start=\"277\" data-end=\"296\">Lot de 5 gommes<\/li>\n<li data-section-id=\"18lll4h\" data-start=\"297\" data-end=\"351\">Formes v\u00e9hicules (camion, pelleteuse, avion, etc.)<\/li>\n<li data-section-id=\"1ok2ley\" data-start=\"352\" data-end=\"380\">Design color\u00e9 et ludique<\/li>\n<li data-section-id=\"x3p0v2\" data-start=\"381\" data-end=\"421\">Pr\u00e9sent\u00e9es dans un \u00e9tui de rangement<\/li>\n<li data-section-id=\"1xx5167\" data-start=\"422\" data-end=\"479\">Format pratique et facile \u00e0 utiliser pour les enfants<\/li>\n<\/ul>","protected":false},"featured_media":23535,"comment_status":"open","ping_status":"closed","template":"","meta":[],"product_brand":[],"product_cat":[286,336],"product_tag":[],"class_list":{"0":"post-23519","1":"product","2":"type-product","3":"status-publish","4":"has-post-thumbnail","6":"product_cat-construction","7":"product_cat-petite-papeterie","9":"first","10":"instock","11":"virtual","12":"purchasable","13":"product-type-simple"},"_links":{"self":[{"href":"https:\/\/some-store.projetsweb.net\/en\/wp-json\/wp\/v2\/product\/23519","targetHints":{"allow":["GET"]}}],"collection":[{"href":"https:\/\/some-store.projetsweb.net\/en\/wp-json\/wp\/v2\/product"}],"about":[{"href":"https:\/\/some-store.projetsweb.net\/en\/wp-json\/wp\/v2\/types\/product"}],"replies":[{"embeddable":true,"href":"https:\/\/some-store.projetsweb.net\/en\/wp-json\/wp\/v2\/comments?post=23519"}],"wp:featuredmedia":[{"embeddable":true,"href":"https:\/\/some-store.projetsweb.net\/en\/wp-json\/wp\/v2\/media\/23535"}],"wp:attachment":[{"href":"https:\/\/some-store.projetsweb.net\/en\/wp-json\/wp\/v2\/media?parent=23519"}],"wp:term":[{"taxonomy":"product_brand","embeddable":true,"href":"https:\/\/some-store.projetsweb.net\/en\/wp-json\/wp\/v2\/product_brand?post=23519"},{"taxonomy":"product_cat","embeddable":true,"href":"https:\/\/some-store.projetsweb.net\/en\/wp-json\/wp\/v2\/product_cat?post=23519"},{"taxonomy":"product_tag","embeddable":true,"href":"https:\/\/some-store.projetsweb.net\/en\/wp-json\/wp\/v2\/product_tag?post=23519"}],"curies":[{"name":"wp","href":"https:\/\/api.w.org\/{rel}","templated":true}]}}