{"id":23485,"date":"2026-04-15T11:59:15","date_gmt":"2026-04-15T11:59:15","guid":{"rendered":"https:\/\/some-store.projetsweb.net\/?post_type=product&#038;p=23485"},"modified":"2026-04-15T11:59:25","modified_gmt":"2026-04-15T11:59:25","slug":"gomme-licorne-avec-recharge","status":"publish","type":"product","link":"https:\/\/some-store.projetsweb.net\/en\/shop\/themes-occasions\/anniversaires\/par-themes\/licornes\/gomme-licorne-avec-recharge\/","title":{"rendered":"Gomme licorne avec recharge"},"content":{"rendered":"","protected":false},"excerpt":{"rendered":"<p data-start=\"119\" data-end=\"352\">Craquez pour cette adorable gomme licorne au design pastel, \u00e0 la fois pratique et irr\u00e9sistiblement mignonne. Parfaite pour accompagner les enfants \u00e0 l\u2019\u00e9cole ou \u00e0 offrir en cadeau, elle combine fun et utilit\u00e9 avec sa recharge incluse.<\/p>\n<ul data-start=\"376\" data-end=\"611\">\n<li data-section-id=\"5yodak\" data-start=\"376\" data-end=\"423\">Gomme en forme de stylo avec topper licorne<\/li>\n<li data-section-id=\"650up2\" data-start=\"424\" data-end=\"468\">Design pastel doux (violet, rose, blanc)<\/li>\n<li data-section-id=\"ejj1ik\" data-start=\"469\" data-end=\"501\">Inclus : 1 recharge de gomme<\/li>\n<li data-section-id=\"el9wjf\" data-start=\"502\" data-end=\"549\">Format pratique et facile \u00e0 prendre en main<\/li>\n<li data-section-id=\"1yx3p5b\" data-start=\"550\" data-end=\"611\">Id\u00e9al pour l\u2019\u00e9cole, la papeterie ou les cadeaux de retour<\/li>\n<\/ul>","protected":false},"featured_media":23487,"comment_status":"open","ping_status":"closed","template":"","meta":[],"product_brand":[],"product_cat":[292,336],"product_tag":[],"class_list":{"0":"post-23485","1":"product","2":"type-product","3":"status-publish","4":"has-post-thumbnail","6":"product_cat-licornes","7":"product_cat-petite-papeterie","9":"first","10":"instock","11":"virtual","12":"purchasable","13":"product-type-simple"},"_links":{"self":[{"href":"https:\/\/some-store.projetsweb.net\/en\/wp-json\/wp\/v2\/product\/23485","targetHints":{"allow":["GET"]}}],"collection":[{"href":"https:\/\/some-store.projetsweb.net\/en\/wp-json\/wp\/v2\/product"}],"about":[{"href":"https:\/\/some-store.projetsweb.net\/en\/wp-json\/wp\/v2\/types\/product"}],"replies":[{"embeddable":true,"href":"https:\/\/some-store.projetsweb.net\/en\/wp-json\/wp\/v2\/comments?post=23485"}],"wp:featuredmedia":[{"embeddable":true,"href":"https:\/\/some-store.projetsweb.net\/en\/wp-json\/wp\/v2\/media\/23487"}],"wp:attachment":[{"href":"https:\/\/some-store.projetsweb.net\/en\/wp-json\/wp\/v2\/media?parent=23485"}],"wp:term":[{"taxonomy":"product_brand","embeddable":true,"href":"https:\/\/some-store.projetsweb.net\/en\/wp-json\/wp\/v2\/product_brand?post=23485"},{"taxonomy":"product_cat","embeddable":true,"href":"https:\/\/some-store.projetsweb.net\/en\/wp-json\/wp\/v2\/product_cat?post=23485"},{"taxonomy":"product_tag","embeddable":true,"href":"https:\/\/some-store.projetsweb.net\/en\/wp-json\/wp\/v2\/product_tag?post=23485"}],"curies":[{"name":"wp","href":"https:\/\/api.w.org\/{rel}","templated":true}]}}