{"id":23477,"date":"2026-04-15T11:34:09","date_gmt":"2026-04-15T11:34:09","guid":{"rendered":"https:\/\/some-store.projetsweb.net\/?post_type=product&#038;p=23477"},"modified":"2026-04-15T11:34:10","modified_gmt":"2026-04-15T11:34:10","slug":"gommes-sirenes-x4","status":"publish","type":"product","link":"https:\/\/some-store.projetsweb.net\/en\/shop\/themes-occasions\/anniversaires\/par-themes\/sirenes\/gommes-sirenes-x4\/","title":{"rendered":"Gommes sir\u00e8nes x4"},"content":{"rendered":"","protected":false},"excerpt":{"rendered":"<p data-start=\"85\" data-end=\"227\">Plongez dans un univers f\u00e9erique avec ce lot de 4 gommes en forme de sir\u00e8nes ! Des designs adorables et pastel qui feront craquer les enfants.<\/p>\n<ul data-start=\"229\" data-end=\"581\">\n<li data-section-id=\"16vh0i4\" data-start=\"229\" data-end=\"256\">Lot de 4 gommes sir\u00e8nes<\/li>\n<li data-section-id=\"7lb7b0\" data-start=\"257\" data-end=\"310\">Diff\u00e9rents mod\u00e8les de sir\u00e8nes aux couleurs douces<\/li>\n<li data-section-id=\"kxw4c3\" data-start=\"311\" data-end=\"377\">Gommes efficaces pour effacer proprement sans ab\u00eemer le papier<\/li>\n<li data-section-id=\"egze1i\" data-start=\"378\" data-end=\"448\">Design d\u00e9taill\u00e9 avec accessoires (\u00e9toile, coquillage, hippocampe\u2026)<\/li>\n<li data-section-id=\"5i6w50\" data-start=\"449\" data-end=\"490\">Format pratique et facile \u00e0 manipuler<\/li>\n<li data-section-id=\"1xftffs\" data-start=\"491\" data-end=\"581\">Id\u00e9al pour cadeaux de retour, anniversaires, fournitures scolaires et loisirs cr\u00e9atifs<\/li>\n<\/ul>","protected":false},"featured_media":23478,"comment_status":"open","ping_status":"closed","template":"","meta":[],"product_brand":[],"product_cat":[336,296],"product_tag":[],"class_list":{"0":"post-23477","1":"product","2":"type-product","3":"status-publish","4":"has-post-thumbnail","6":"product_cat-petite-papeterie","7":"product_cat-sirenes","9":"first","10":"instock","11":"virtual","12":"purchasable","13":"product-type-simple"},"_links":{"self":[{"href":"https:\/\/some-store.projetsweb.net\/en\/wp-json\/wp\/v2\/product\/23477","targetHints":{"allow":["GET"]}}],"collection":[{"href":"https:\/\/some-store.projetsweb.net\/en\/wp-json\/wp\/v2\/product"}],"about":[{"href":"https:\/\/some-store.projetsweb.net\/en\/wp-json\/wp\/v2\/types\/product"}],"replies":[{"embeddable":true,"href":"https:\/\/some-store.projetsweb.net\/en\/wp-json\/wp\/v2\/comments?post=23477"}],"wp:featuredmedia":[{"embeddable":true,"href":"https:\/\/some-store.projetsweb.net\/en\/wp-json\/wp\/v2\/media\/23478"}],"wp:attachment":[{"href":"https:\/\/some-store.projetsweb.net\/en\/wp-json\/wp\/v2\/media?parent=23477"}],"wp:term":[{"taxonomy":"product_brand","embeddable":true,"href":"https:\/\/some-store.projetsweb.net\/en\/wp-json\/wp\/v2\/product_brand?post=23477"},{"taxonomy":"product_cat","embeddable":true,"href":"https:\/\/some-store.projetsweb.net\/en\/wp-json\/wp\/v2\/product_cat?post=23477"},{"taxonomy":"product_tag","embeddable":true,"href":"https:\/\/some-store.projetsweb.net\/en\/wp-json\/wp\/v2\/product_tag?post=23477"}],"curies":[{"name":"wp","href":"https:\/\/api.w.org\/{rel}","templated":true}]}}