{"id":23471,"date":"2026-04-15T11:22:51","date_gmt":"2026-04-15T11:22:51","guid":{"rendered":"https:\/\/some-store.projetsweb.net\/?post_type=product&#038;p=23471"},"modified":"2026-04-15T11:22:51","modified_gmt":"2026-04-15T11:22:51","slug":"gommes-donuts-x4","status":"publish","type":"product","link":"https:\/\/some-store.projetsweb.net\/en\/shop\/themes-occasions\/anniversaires\/par-themes\/ice-cream\/gommes-donuts-x4\/","title":{"rendered":"Gommes donuts x4"},"content":{"rendered":"","protected":false},"excerpt":{"rendered":"<p data-start=\"86\" data-end=\"254\">Ajoutez une touche gourmande et adorable aux fournitures avec ce lot de 4 gommes en forme de donuts animaux ! Un design original et mignon qui fera craquer les enfants.<\/p>\n<ul data-start=\"256\" data-end=\"607\">\n<li data-section-id=\"oxolno\" data-start=\"256\" data-end=\"290\">Lot de 4 gommes donuts animaux<\/li>\n<li data-section-id=\"1jxg5gi\" data-start=\"291\" data-end=\"352\">Designs vari\u00e9s avec petits animaux et d\u00e9corations sucr\u00e9es<\/li>\n<li data-section-id=\"kxw4c3\" data-start=\"353\" data-end=\"419\">Gommes efficaces pour effacer proprement sans ab\u00eemer le papier<\/li>\n<li data-section-id=\"5i6w50\" data-start=\"420\" data-end=\"461\">Format pratique et facile \u00e0 manipuler<\/li>\n<li data-section-id=\"1xftffs\" data-start=\"462\" data-end=\"552\">Id\u00e9al pour cadeaux de retour, anniversaires, fournitures scolaires et loisirs cr\u00e9atifs<\/li>\n<li data-section-id=\"1q655ib\" data-start=\"553\" data-end=\"607\">Parfait pour une trousse fun, color\u00e9e et originale<\/li>\n<\/ul>","protected":false},"featured_media":23472,"comment_status":"open","ping_status":"closed","template":"","meta":[],"product_brand":[],"product_cat":[288,336],"product_tag":[],"class_list":{"0":"post-23471","1":"product","2":"type-product","3":"status-publish","4":"has-post-thumbnail","6":"product_cat-ice-cream","7":"product_cat-petite-papeterie","9":"first","10":"instock","11":"virtual","12":"purchasable","13":"product-type-simple"},"_links":{"self":[{"href":"https:\/\/some-store.projetsweb.net\/en\/wp-json\/wp\/v2\/product\/23471","targetHints":{"allow":["GET"]}}],"collection":[{"href":"https:\/\/some-store.projetsweb.net\/en\/wp-json\/wp\/v2\/product"}],"about":[{"href":"https:\/\/some-store.projetsweb.net\/en\/wp-json\/wp\/v2\/types\/product"}],"replies":[{"embeddable":true,"href":"https:\/\/some-store.projetsweb.net\/en\/wp-json\/wp\/v2\/comments?post=23471"}],"wp:featuredmedia":[{"embeddable":true,"href":"https:\/\/some-store.projetsweb.net\/en\/wp-json\/wp\/v2\/media\/23472"}],"wp:attachment":[{"href":"https:\/\/some-store.projetsweb.net\/en\/wp-json\/wp\/v2\/media?parent=23471"}],"wp:term":[{"taxonomy":"product_brand","embeddable":true,"href":"https:\/\/some-store.projetsweb.net\/en\/wp-json\/wp\/v2\/product_brand?post=23471"},{"taxonomy":"product_cat","embeddable":true,"href":"https:\/\/some-store.projetsweb.net\/en\/wp-json\/wp\/v2\/product_cat?post=23471"},{"taxonomy":"product_tag","embeddable":true,"href":"https:\/\/some-store.projetsweb.net\/en\/wp-json\/wp\/v2\/product_tag?post=23471"}],"curies":[{"name":"wp","href":"https:\/\/api.w.org\/{rel}","templated":true}]}}