{"id":23453,"date":"2026-04-15T10:58:53","date_gmt":"2026-04-15T10:58:53","guid":{"rendered":"https:\/\/some-store.projetsweb.net\/?post_type=product&#038;p=23453"},"modified":"2026-04-15T10:58:53","modified_gmt":"2026-04-15T10:58:53","slug":"surligneurs-licorne-x6","status":"publish","type":"product","link":"https:\/\/some-store.projetsweb.net\/en\/shop\/themes-occasions\/anniversaires\/par-themes\/licornes\/surligneurs-licorne-x6\/","title":{"rendered":"Surligneurs licorne x6"},"content":{"rendered":"","protected":false},"excerpt":{"rendered":"<p data-start=\"115\" data-end=\"327\">Ajoutez une touche magique \u00e0 vos fournitures avec ce set de 6 surligneurs en forme de licorne ! Parfaits pour l\u2019\u00e9cole, le bureau ou comme cadeau de retour original, ils combinent praticit\u00e9 et design ultra mignon.<\/p>\n<ul data-start=\"329\" data-end=\"674\">\n<li data-section-id=\"155sgmp\" data-start=\"329\" data-end=\"361\">Lot de 6 surligneurs licorne<\/li>\n<li data-section-id=\"30de00\" data-start=\"362\" data-end=\"430\">6 couleurs diff\u00e9rentes (violet, jaune, vert, bleu, orange, rose)<\/li>\n<li data-section-id=\"1uof9a0\" data-start=\"431\" data-end=\"489\">Design ludique avec t\u00eate de licorne et d\u00e9tails color\u00e9s<\/li>\n<li data-section-id=\"13ydor9\" data-start=\"490\" data-end=\"539\">Encre fluide pour un marquage net et uniforme<\/li>\n<li data-section-id=\"1molc18\" data-start=\"540\" data-end=\"582\">Format facile \u00e0 tenir pour les enfants<\/li>\n<li data-section-id=\"1pdpslu\" data-start=\"583\" data-end=\"674\">Id\u00e9al pour cadeaux d\u2019anniversaire, goodie bags, rentr\u00e9e scolaire et activit\u00e9s cr\u00e9atives<\/li>\n<\/ul>","protected":false},"featured_media":23454,"comment_status":"open","ping_status":"closed","template":"","meta":[],"product_brand":[],"product_cat":[292,336],"product_tag":[],"class_list":{"0":"post-23453","1":"product","2":"type-product","3":"status-publish","4":"has-post-thumbnail","6":"product_cat-licornes","7":"product_cat-petite-papeterie","9":"first","10":"instock","11":"virtual","12":"purchasable","13":"product-type-simple"},"_links":{"self":[{"href":"https:\/\/some-store.projetsweb.net\/en\/wp-json\/wp\/v2\/product\/23453","targetHints":{"allow":["GET"]}}],"collection":[{"href":"https:\/\/some-store.projetsweb.net\/en\/wp-json\/wp\/v2\/product"}],"about":[{"href":"https:\/\/some-store.projetsweb.net\/en\/wp-json\/wp\/v2\/types\/product"}],"replies":[{"embeddable":true,"href":"https:\/\/some-store.projetsweb.net\/en\/wp-json\/wp\/v2\/comments?post=23453"}],"wp:featuredmedia":[{"embeddable":true,"href":"https:\/\/some-store.projetsweb.net\/en\/wp-json\/wp\/v2\/media\/23454"}],"wp:attachment":[{"href":"https:\/\/some-store.projetsweb.net\/en\/wp-json\/wp\/v2\/media?parent=23453"}],"wp:term":[{"taxonomy":"product_brand","embeddable":true,"href":"https:\/\/some-store.projetsweb.net\/en\/wp-json\/wp\/v2\/product_brand?post=23453"},{"taxonomy":"product_cat","embeddable":true,"href":"https:\/\/some-store.projetsweb.net\/en\/wp-json\/wp\/v2\/product_cat?post=23453"},{"taxonomy":"product_tag","embeddable":true,"href":"https:\/\/some-store.projetsweb.net\/en\/wp-json\/wp\/v2\/product_tag?post=23453"}],"curies":[{"name":"wp","href":"https:\/\/api.w.org\/{rel}","templated":true}]}}