{"id":23341,"date":"2026-04-15T08:50:14","date_gmt":"2026-04-15T08:50:14","guid":{"rendered":"https:\/\/some-store.projetsweb.net\/?post_type=product&#038;p=23341"},"modified":"2026-04-15T08:50:14","modified_gmt":"2026-04-15T08:50:14","slug":"pinata-ice-cream","status":"publish","type":"product","link":"https:\/\/some-store.projetsweb.net\/en\/shop\/themes-occasions\/anniversaires\/par-themes\/ice-cream\/pinata-ice-cream\/","title":{"rendered":"Pinata ice cream"},"content":{"rendered":"","protected":false},"excerpt":{"rendered":"<p data-start=\"145\" data-end=\"331\">Apportez une touche fun et gourmande \u00e0 votre f\u00eate avec cette pinata en forme de glace color\u00e9e ! Parfaite pour un anniversaire ou une f\u00eate \u00e0 th\u00e8me, elle fera sensation aupr\u00e8s des enfants.<\/p>\n<ul data-start=\"356\" data-end=\"545\">\n<li data-section-id=\"u08mk9\" data-start=\"356\" data-end=\"396\">1 pinata en forme de glace<\/li>\n<li data-section-id=\"oi08gd\" data-start=\"397\" data-end=\"456\">Design color\u00e9 avec effet \u201csprinkles\u201d pour un rendu festif<\/li>\n<li data-section-id=\"n786pe\" data-start=\"457\" data-end=\"504\">Compartiment facile \u00e0 remplir (trappe pr\u00e9vue)<\/li>\n<li data-section-id=\"1hkhipo\" data-start=\"505\" data-end=\"545\">\u00c0 suspendre gr\u00e2ce \u00e0 l\u2019attache int\u00e9gr\u00e9e<\/li>\n<li data-section-id=\"1qxzzgq\" data-start=\"564\" data-end=\"585\">Dimensions : 41.7 cm x 19.3 cm x 7.4 cm<\/li>\n<li data-section-id=\"1qxzzgq\" data-start=\"564\" data-end=\"585\">Fabriqu\u00e9e en papier \u00e0 franges pour un effet ludique<\/li>\n<li data-section-id=\"1qxzzgq\" data-start=\"564\" data-end=\"585\">Convient pour bonbons, petits jouets ou surprises<\/li>\n<li data-section-id=\"1qxzzgq\" data-start=\"564\" data-end=\"585\">Id\u00e9ale pour anniversaires, f\u00eates enfants ou th\u00e8me ice cream \/ summer<\/li>\n<\/ul>","protected":false},"featured_media":23342,"comment_status":"open","ping_status":"closed","template":"","meta":[],"product_brand":[],"product_cat":[288,264],"product_tag":[],"class_list":{"0":"post-23341","1":"product","2":"type-product","3":"status-publish","4":"has-post-thumbnail","6":"product_cat-ice-cream","7":"product_cat-pinatas","9":"first","10":"instock","11":"virtual","12":"purchasable","13":"product-type-simple"},"_links":{"self":[{"href":"https:\/\/some-store.projetsweb.net\/en\/wp-json\/wp\/v2\/product\/23341","targetHints":{"allow":["GET"]}}],"collection":[{"href":"https:\/\/some-store.projetsweb.net\/en\/wp-json\/wp\/v2\/product"}],"about":[{"href":"https:\/\/some-store.projetsweb.net\/en\/wp-json\/wp\/v2\/types\/product"}],"replies":[{"embeddable":true,"href":"https:\/\/some-store.projetsweb.net\/en\/wp-json\/wp\/v2\/comments?post=23341"}],"wp:featuredmedia":[{"embeddable":true,"href":"https:\/\/some-store.projetsweb.net\/en\/wp-json\/wp\/v2\/media\/23342"}],"wp:attachment":[{"href":"https:\/\/some-store.projetsweb.net\/en\/wp-json\/wp\/v2\/media?parent=23341"}],"wp:term":[{"taxonomy":"product_brand","embeddable":true,"href":"https:\/\/some-store.projetsweb.net\/en\/wp-json\/wp\/v2\/product_brand?post=23341"},{"taxonomy":"product_cat","embeddable":true,"href":"https:\/\/some-store.projetsweb.net\/en\/wp-json\/wp\/v2\/product_cat?post=23341"},{"taxonomy":"product_tag","embeddable":true,"href":"https:\/\/some-store.projetsweb.net\/en\/wp-json\/wp\/v2\/product_tag?post=23341"}],"curies":[{"name":"wp","href":"https:\/\/api.w.org\/{rel}","templated":true}]}}