{"id":23324,"date":"2026-04-14T16:39:57","date_gmt":"2026-04-14T16:39:57","guid":{"rendered":"https:\/\/some-store.projetsweb.net\/?post_type=product&#038;p=23324"},"modified":"2026-04-15T11:56:34","modified_gmt":"2026-04-15T11:56:34","slug":"taille-crayons-dinosaure-x2","status":"publish","type":"product","link":"https:\/\/some-store.projetsweb.net\/en\/shop\/themes-occasions\/anniversaires\/par-themes\/dinosaures\/taille-crayons-dinosaure-x2\/","title":{"rendered":"Tailles-crayons dinosaure x2"},"content":{"rendered":"","protected":false},"excerpt":{"rendered":"<div>Ajoutez une touche fun et originale \u00e0 la rentr\u00e9e ou aux f\u00eates avec ces adorables taille-crayons en forme de dinosaure.<\/div>\n<div>Parfaits comme cadeaux de retour, ils feront craquer tous les enfants !<\/div>\n<div><\/div>\n<div>\u2022Lot de 2 taille-crayons dinosaures (2 couleurs diff\u00e9rentes)<\/div>\n<div>\u2022Design ludique et color\u00e9 avec finition douce<\/div>\n<div>\u2022Taille-crayon int\u00e9gr\u00e9 discret et facile \u00e0 utiliser<\/div>\n<div>\u2022Pr\u00e9sent\u00e9s dans une bo\u00eete transparente (id\u00e9al pour offrir)<\/div>\n<div>\u2022Parfait pour anniversaires, cadeaux de retour, pochettes surprises<\/div>\n<div>\u2022Convient aux enfants 3 ans et +<\/div>","protected":false},"featured_media":23484,"comment_status":"open","ping_status":"closed","template":"","meta":[],"product_brand":[],"product_cat":[287,336],"product_tag":[],"class_list":{"0":"post-23324","1":"product","2":"type-product","3":"status-publish","4":"has-post-thumbnail","6":"product_cat-dinosaures","7":"product_cat-petite-papeterie","9":"first","10":"instock","11":"virtual","12":"purchasable","13":"product-type-simple"},"_links":{"self":[{"href":"https:\/\/some-store.projetsweb.net\/en\/wp-json\/wp\/v2\/product\/23324","targetHints":{"allow":["GET"]}}],"collection":[{"href":"https:\/\/some-store.projetsweb.net\/en\/wp-json\/wp\/v2\/product"}],"about":[{"href":"https:\/\/some-store.projetsweb.net\/en\/wp-json\/wp\/v2\/types\/product"}],"replies":[{"embeddable":true,"href":"https:\/\/some-store.projetsweb.net\/en\/wp-json\/wp\/v2\/comments?post=23324"}],"wp:featuredmedia":[{"embeddable":true,"href":"https:\/\/some-store.projetsweb.net\/en\/wp-json\/wp\/v2\/media\/23484"}],"wp:attachment":[{"href":"https:\/\/some-store.projetsweb.net\/en\/wp-json\/wp\/v2\/media?parent=23324"}],"wp:term":[{"taxonomy":"product_brand","embeddable":true,"href":"https:\/\/some-store.projetsweb.net\/en\/wp-json\/wp\/v2\/product_brand?post=23324"},{"taxonomy":"product_cat","embeddable":true,"href":"https:\/\/some-store.projetsweb.net\/en\/wp-json\/wp\/v2\/product_cat?post=23324"},{"taxonomy":"product_tag","embeddable":true,"href":"https:\/\/some-store.projetsweb.net\/en\/wp-json\/wp\/v2\/product_tag?post=23324"}],"curies":[{"name":"wp","href":"https:\/\/api.w.org\/{rel}","templated":true}]}}