{"id":23188,"date":"2026-04-14T14:04:05","date_gmt":"2026-04-14T14:04:05","guid":{"rendered":"https:\/\/some-store.projetsweb.net\/?post_type=product&#038;p=23188"},"modified":"2026-04-14T14:04:05","modified_gmt":"2026-04-14T14:04:05","slug":"guirlandes-en-crepon-violets-x6","status":"publish","type":"product","link":"https:\/\/some-store.projetsweb.net\/en\/shop\/le-store\/la-decoration\/guirlandes-la-decoration\/guirlandes-en-crepon-violets-x6\/","title":{"rendered":"Guirlandes en cr\u00e9pon violets x6"},"content":{"rendered":"","protected":false},"excerpt":{"rendered":"<p data-start=\"106\" data-end=\"327\">Apportez une touche de couleur et de mouvement \u00e0 vos d\u00e9corations avec ce lot de 6 guirlandes en cr\u00e9pon au design torsad\u00e9. L\u00e9g\u00e8res et faciles \u00e0 suspendre, elles cr\u00e9ent un effet visuel dynamique id\u00e9al pour toutes vos f\u00eates.<\/p>\n<p data-start=\"329\" data-end=\"482\">Parfaites pour les anniversaires, baby showers, gender reveal ou toute autre c\u00e9l\u00e9bration, elles habillent instantan\u00e9ment un mur, un plafond ou une arche.<\/p>\n<ul data-start=\"509\" data-end=\"660\">\n<li data-section-id=\"ke3gw\" data-start=\"509\" data-end=\"532\">Lot de 6 guirlandes<\/li>\n<li data-section-id=\"ke3gw\" data-start=\"509\" data-end=\"532\">Couleur violet<\/li>\n<li data-section-id=\"el687e\" data-start=\"533\" data-end=\"560\">Mati\u00e8re : papier cr\u00e9pon<\/li>\n<li data-section-id=\"x3lgsy\" data-start=\"561\" data-end=\"586\">Dimensions de chaque guirlande : 201 x 15 cm<\/li>\n<li data-section-id=\"hft7i2\" data-start=\"611\" data-end=\"636\">Effet torsad\u00e9 \u00e9l\u00e9gant<\/li>\n<li data-section-id=\"7t51ya\" data-start=\"637\" data-end=\"660\">Faciles \u00e0 suspendre<\/li>\n<\/ul>","protected":false},"featured_media":23192,"comment_status":"open","ping_status":"closed","template":"","meta":[],"product_brand":[],"product_cat":[263],"product_tag":[],"class_list":{"0":"post-23188","1":"product","2":"type-product","3":"status-publish","4":"has-post-thumbnail","6":"product_cat-guirlandes-la-decoration","8":"first","9":"instock","10":"virtual","11":"purchasable","12":"product-type-simple"},"_links":{"self":[{"href":"https:\/\/some-store.projetsweb.net\/en\/wp-json\/wp\/v2\/product\/23188","targetHints":{"allow":["GET"]}}],"collection":[{"href":"https:\/\/some-store.projetsweb.net\/en\/wp-json\/wp\/v2\/product"}],"about":[{"href":"https:\/\/some-store.projetsweb.net\/en\/wp-json\/wp\/v2\/types\/product"}],"replies":[{"embeddable":true,"href":"https:\/\/some-store.projetsweb.net\/en\/wp-json\/wp\/v2\/comments?post=23188"}],"wp:featuredmedia":[{"embeddable":true,"href":"https:\/\/some-store.projetsweb.net\/en\/wp-json\/wp\/v2\/media\/23192"}],"wp:attachment":[{"href":"https:\/\/some-store.projetsweb.net\/en\/wp-json\/wp\/v2\/media?parent=23188"}],"wp:term":[{"taxonomy":"product_brand","embeddable":true,"href":"https:\/\/some-store.projetsweb.net\/en\/wp-json\/wp\/v2\/product_brand?post=23188"},{"taxonomy":"product_cat","embeddable":true,"href":"https:\/\/some-store.projetsweb.net\/en\/wp-json\/wp\/v2\/product_cat?post=23188"},{"taxonomy":"product_tag","embeddable":true,"href":"https:\/\/some-store.projetsweb.net\/en\/wp-json\/wp\/v2\/product_tag?post=23188"}],"curies":[{"name":"wp","href":"https:\/\/api.w.org\/{rel}","templated":true}]}}