{"id":23147,"date":"2026-04-14T13:51:49","date_gmt":"2026-04-14T13:51:49","guid":{"rendered":"https:\/\/some-store.projetsweb.net\/?post_type=product&#038;p=23147"},"modified":"2026-04-14T13:51:49","modified_gmt":"2026-04-14T13:51:49","slug":"pinata-sirene","status":"publish","type":"product","link":"https:\/\/some-store.projetsweb.net\/en\/shop\/themes-occasions\/anniversaires\/par-themes\/sirenes\/pinata-sirene\/","title":{"rendered":"Pinata sir\u00e8ne"},"content":{"rendered":"","protected":false},"excerpt":{"rendered":"<p data-start=\"91\" data-end=\"284\">Plongez dans un univers f\u00e9erique avec cette adorable pinata en forme de sir\u00e8ne ! Parfaite pour un anniversaire sur le th\u00e8me de la mer, elle apportera une touche magique et ludique \u00e0 votre f\u00eate.<\/p>\n<p data-start=\"286\" data-end=\"460\">Facile \u00e0 suspendre, elle est id\u00e9ale pour amuser les enfants tout en d\u00e9corant votre espace. Le kit inclut \u00e9galement un b\u00e2ton color\u00e9 et un bandeau pour jouer en toute s\u00e9curit\u00e9.<\/p>\n<ul data-start=\"487\" data-end=\"643\">\n<li data-section-id=\"11ni09d\" data-start=\"487\" data-end=\"506\">1 pinata sir\u00e8ne<\/li>\n<li data-section-id=\"160ay25\" data-start=\"507\" data-end=\"526\">1 b\u00e2ton assorti<\/li>\n<li data-section-id=\"z2uc1t\" data-start=\"527\" data-end=\"540\">1 bandeau<\/li>\n<li data-section-id=\"v5nn9i\" data-start=\"541\" data-end=\"576\">Dimensions : 35 x 35 x 9 cm<\/li>\n<li data-section-id=\"1g6819f\" data-start=\"577\" data-end=\"597\">Mati\u00e8re : papier<\/li>\n<li data-section-id=\"1u746yh\" data-start=\"598\" data-end=\"643\">\u00c0 remplir de bonbons, jouets ou surprises<\/li>\n<\/ul>","protected":false},"featured_media":23154,"comment_status":"open","ping_status":"closed","template":"","meta":[],"product_brand":[],"product_cat":[264,296],"product_tag":[],"class_list":{"0":"post-23147","1":"product","2":"type-product","3":"status-publish","4":"has-post-thumbnail","6":"product_cat-pinatas","7":"product_cat-sirenes","9":"first","10":"instock","11":"virtual","12":"purchasable","13":"product-type-simple"},"_links":{"self":[{"href":"https:\/\/some-store.projetsweb.net\/en\/wp-json\/wp\/v2\/product\/23147","targetHints":{"allow":["GET"]}}],"collection":[{"href":"https:\/\/some-store.projetsweb.net\/en\/wp-json\/wp\/v2\/product"}],"about":[{"href":"https:\/\/some-store.projetsweb.net\/en\/wp-json\/wp\/v2\/types\/product"}],"replies":[{"embeddable":true,"href":"https:\/\/some-store.projetsweb.net\/en\/wp-json\/wp\/v2\/comments?post=23147"}],"wp:featuredmedia":[{"embeddable":true,"href":"https:\/\/some-store.projetsweb.net\/en\/wp-json\/wp\/v2\/media\/23154"}],"wp:attachment":[{"href":"https:\/\/some-store.projetsweb.net\/en\/wp-json\/wp\/v2\/media?parent=23147"}],"wp:term":[{"taxonomy":"product_brand","embeddable":true,"href":"https:\/\/some-store.projetsweb.net\/en\/wp-json\/wp\/v2\/product_brand?post=23147"},{"taxonomy":"product_cat","embeddable":true,"href":"https:\/\/some-store.projetsweb.net\/en\/wp-json\/wp\/v2\/product_cat?post=23147"},{"taxonomy":"product_tag","embeddable":true,"href":"https:\/\/some-store.projetsweb.net\/en\/wp-json\/wp\/v2\/product_tag?post=23147"}],"curies":[{"name":"wp","href":"https:\/\/api.w.org\/{rel}","templated":true}]}}