{"id":23087,"date":"2026-04-14T12:51:16","date_gmt":"2026-04-14T12:51:16","guid":{"rendered":"https:\/\/some-store.projetsweb.net\/?post_type=product&#038;p=23087"},"modified":"2026-04-14T12:51:16","modified_gmt":"2026-04-14T12:51:16","slug":"presentoir-a-rayures-jaunes","status":"publish","type":"product","link":"https:\/\/some-store.projetsweb.net\/en\/shop\/themes-occasions\/anniversaires\/par-themes\/mix-match\/presentoir-a-rayures-jaunes\/","title":{"rendered":"Pr\u00e9sentoir \u00e0 rayures jaunes"},"content":{"rendered":"","protected":false},"excerpt":{"rendered":"<p data-start=\"124\" data-end=\"310\">Mettez en valeur vos douceurs avec ce magnifique pr\u00e9sentoir \u00e0 cupcakes aux motifs rayonnants jaune et blanc. Id\u00e9al pour sublimer votre table de f\u00eate avec une touche lumineuse et moderne.<\/p>\n<ul data-start=\"326\" data-end=\"524\">\n<li data-section-id=\"1ceyokl\" data-start=\"326\" data-end=\"351\">Pr\u00e9sentoir \u00e0 3 \u00e9tages<\/li>\n<li data-section-id=\"lnf989\" data-start=\"352\" data-end=\"416\">Design rayures soleil jaune et blanc avec finition bord dor\u00e9<\/li>\n<li data-section-id=\"hlj545\" data-start=\"417\" data-end=\"459\">Structure l\u00e9g\u00e8re et facile \u00e0 assembler<\/li>\n<li data-section-id=\"tckw5y\" data-start=\"460\" data-end=\"524\">Parfait pour cupcakes, p\u00e2tisseries, bonbons ou petits snacks<\/li>\n<\/ul>","protected":false},"featured_media":23088,"comment_status":"open","ping_status":"closed","template":"","meta":[],"product_brand":[],"product_cat":[327,255,297],"product_tag":[],"class_list":{"0":"post-23087","1":"product","2":"type-product","3":"status-publish","4":"has-post-thumbnail","6":"product_cat-mix-match","7":"product_cat-presentoires","8":"product_cat-soleil","10":"first","11":"instock","12":"virtual","13":"purchasable","14":"product-type-simple"},"_links":{"self":[{"href":"https:\/\/some-store.projetsweb.net\/en\/wp-json\/wp\/v2\/product\/23087","targetHints":{"allow":["GET"]}}],"collection":[{"href":"https:\/\/some-store.projetsweb.net\/en\/wp-json\/wp\/v2\/product"}],"about":[{"href":"https:\/\/some-store.projetsweb.net\/en\/wp-json\/wp\/v2\/types\/product"}],"replies":[{"embeddable":true,"href":"https:\/\/some-store.projetsweb.net\/en\/wp-json\/wp\/v2\/comments?post=23087"}],"wp:featuredmedia":[{"embeddable":true,"href":"https:\/\/some-store.projetsweb.net\/en\/wp-json\/wp\/v2\/media\/23088"}],"wp:attachment":[{"href":"https:\/\/some-store.projetsweb.net\/en\/wp-json\/wp\/v2\/media?parent=23087"}],"wp:term":[{"taxonomy":"product_brand","embeddable":true,"href":"https:\/\/some-store.projetsweb.net\/en\/wp-json\/wp\/v2\/product_brand?post=23087"},{"taxonomy":"product_cat","embeddable":true,"href":"https:\/\/some-store.projetsweb.net\/en\/wp-json\/wp\/v2\/product_cat?post=23087"},{"taxonomy":"product_tag","embeddable":true,"href":"https:\/\/some-store.projetsweb.net\/en\/wp-json\/wp\/v2\/product_tag?post=23087"}],"curies":[{"name":"wp","href":"https:\/\/api.w.org\/{rel}","templated":true}]}}