{"id":23050,"date":"2026-04-14T09:33:41","date_gmt":"2026-04-14T09:33:41","guid":{"rendered":"https:\/\/some-store.projetsweb.net\/?post_type=product&#038;p=23050"},"modified":"2026-04-14T09:37:26","modified_gmt":"2026-04-14T09:37:26","slug":"rideaux-a-franges-holographiques-dorees","status":"publish","type":"product","link":"https:\/\/some-store.projetsweb.net\/en\/shop\/le-store\/la-decoration\/decoration-murale\/rideaux-a-franges-holographiques-dorees\/","title":{"rendered":"Rideaux \u00e0 franges holographiques dor\u00e9es"},"content":{"rendered":"","protected":false},"excerpt":{"rendered":"<p data-start=\"159\" data-end=\"431\">Apportez une touche brillante et festive \u00e0 vos \u00e9v\u00e9nements avec ces rideaux \u00e0 franges m\u00e9talliques dor\u00e9es aux reflets holographiques multicolores. Parfaits pour cr\u00e9er un fond photo, d\u00e9corer un mur ou sublimer une entr\u00e9e, ils captent la lumi\u00e8re pour un effet spectaculaire.<\/p>\n<ul data-start=\"460\" data-end=\"709\">\n<li data-section-id=\"1mlsuw9\" data-start=\"460\" data-end=\"517\">Lot de 2 rideaux \u00e0 franges m\u00e9talliques holographiques<\/li>\n<li data-section-id=\"138ep0w\" data-start=\"518\" data-end=\"574\">Effet dor\u00e9 avec reflets multicolores paillet\u00e9s<\/li>\n<li data-section-id=\"h5uy17\" data-start=\"575\" data-end=\"647\">Id\u00e9al pour anniversaires, baby shower, mariages, f\u00eates et \u00e9v\u00e9nements<\/li>\n<li data-section-id=\"172t9cs\" data-start=\"648\" data-end=\"709\">Faciles \u00e0 installer (\u00e0 suspendre sur mur, porte ou arche)<\/li>\n<li data-section-id=\"okdsl2\" data-start=\"733\" data-end=\"759\">1 rideau : 0,9 x 2,5 m<\/li>\n<\/ul>","protected":false},"featured_media":23051,"comment_status":"open","ping_status":"closed","template":"","meta":[],"product_brand":[],"product_cat":[261,262],"product_tag":[],"class_list":{"0":"post-23050","1":"product","2":"type-product","3":"status-publish","4":"has-post-thumbnail","6":"product_cat-decoration-murale","7":"product_cat-fonds-de-scene","9":"first","10":"instock","11":"virtual","12":"purchasable","13":"product-type-simple"},"_links":{"self":[{"href":"https:\/\/some-store.projetsweb.net\/en\/wp-json\/wp\/v2\/product\/23050","targetHints":{"allow":["GET"]}}],"collection":[{"href":"https:\/\/some-store.projetsweb.net\/en\/wp-json\/wp\/v2\/product"}],"about":[{"href":"https:\/\/some-store.projetsweb.net\/en\/wp-json\/wp\/v2\/types\/product"}],"replies":[{"embeddable":true,"href":"https:\/\/some-store.projetsweb.net\/en\/wp-json\/wp\/v2\/comments?post=23050"}],"wp:featuredmedia":[{"embeddable":true,"href":"https:\/\/some-store.projetsweb.net\/en\/wp-json\/wp\/v2\/media\/23051"}],"wp:attachment":[{"href":"https:\/\/some-store.projetsweb.net\/en\/wp-json\/wp\/v2\/media?parent=23050"}],"wp:term":[{"taxonomy":"product_brand","embeddable":true,"href":"https:\/\/some-store.projetsweb.net\/en\/wp-json\/wp\/v2\/product_brand?post=23050"},{"taxonomy":"product_cat","embeddable":true,"href":"https:\/\/some-store.projetsweb.net\/en\/wp-json\/wp\/v2\/product_cat?post=23050"},{"taxonomy":"product_tag","embeddable":true,"href":"https:\/\/some-store.projetsweb.net\/en\/wp-json\/wp\/v2\/product_tag?post=23050"}],"curies":[{"name":"wp","href":"https:\/\/api.w.org\/{rel}","templated":true}]}}