{"id":23037,"date":"2026-04-13T13:18:27","date_gmt":"2026-04-13T13:18:27","guid":{"rendered":"https:\/\/some-store.projetsweb.net\/?post_type=product&#038;p=23037"},"modified":"2026-04-13T13:34:06","modified_gmt":"2026-04-13T13:34:06","slug":"rideau-a-franges-bleu-pastel","status":"publish","type":"product","link":"https:\/\/some-store.projetsweb.net\/en\/shop\/le-store\/la-decoration\/fonds-de-scene\/rideau-a-franges-bleu-pastel\/","title":{"rendered":"Rideau \u00e0 franges bleu macaron"},"content":{"rendered":"","protected":false},"excerpt":{"rendered":"<p data-start=\"111\" data-end=\"352\">Apportez une touche festive et \u00e9l\u00e9gante \u00e0 vos \u00e9v\u00e9nements avec ce rideau de fond \u00e0 franges\u00a0 bleu pastel . Parfait pour les anniversaires, baby showers, gender reveal ou shootings photo, il cr\u00e9e instantan\u00e9ment un d\u00e9cor lumineux et tendance.<\/p>\n<p data-start=\"354\" data-end=\"509\">Facile \u00e0 installer, il se fixe rapidement gr\u00e2ce \u00e0 sa bande adh\u00e9sive int\u00e9gr\u00e9e.<\/p>\n<ul data-start=\"598\" data-end=\"789\">\n<li data-section-id=\"mqzy0r\" data-start=\"598\" data-end=\"616\">Couleur : Bleu<\/li>\n<li data-section-id=\"dtw24p\" data-start=\"617\" data-end=\"655\">Mati\u00e8re : Film m\u00e9tallique brillant<\/li>\n<li data-section-id=\"1b2mrbz\" data-start=\"656\" data-end=\"712\">Dimensions : 1 x 2.5 m<\/li>\n<li data-section-id=\"cum5ac\" data-start=\"713\" data-end=\"760\">Facile \u00e0 poser avec bande adh\u00e9sive int\u00e9gr\u00e9e<\/li>\n<li data-section-id=\"gvz5k\" data-start=\"761\" data-end=\"789\">Effet brillant et fluide<\/li>\n<\/ul>","protected":false},"featured_media":23038,"comment_status":"open","ping_status":"closed","template":"","meta":[],"product_brand":[],"product_cat":[276,262,278],"product_tag":[],"class_list":{"0":"post-23037","1":"product","2":"type-product","3":"status-publish","4":"has-post-thumbnail","6":"product_cat-baby-shower","7":"product_cat-fonds-de-scene","8":"product_cat-gender-reveal","10":"first","11":"instock","12":"virtual","13":"purchasable","14":"product-type-simple"},"_links":{"self":[{"href":"https:\/\/some-store.projetsweb.net\/en\/wp-json\/wp\/v2\/product\/23037","targetHints":{"allow":["GET"]}}],"collection":[{"href":"https:\/\/some-store.projetsweb.net\/en\/wp-json\/wp\/v2\/product"}],"about":[{"href":"https:\/\/some-store.projetsweb.net\/en\/wp-json\/wp\/v2\/types\/product"}],"replies":[{"embeddable":true,"href":"https:\/\/some-store.projetsweb.net\/en\/wp-json\/wp\/v2\/comments?post=23037"}],"wp:featuredmedia":[{"embeddable":true,"href":"https:\/\/some-store.projetsweb.net\/en\/wp-json\/wp\/v2\/media\/23038"}],"wp:attachment":[{"href":"https:\/\/some-store.projetsweb.net\/en\/wp-json\/wp\/v2\/media?parent=23037"}],"wp:term":[{"taxonomy":"product_brand","embeddable":true,"href":"https:\/\/some-store.projetsweb.net\/en\/wp-json\/wp\/v2\/product_brand?post=23037"},{"taxonomy":"product_cat","embeddable":true,"href":"https:\/\/some-store.projetsweb.net\/en\/wp-json\/wp\/v2\/product_cat?post=23037"},{"taxonomy":"product_tag","embeddable":true,"href":"https:\/\/some-store.projetsweb.net\/en\/wp-json\/wp\/v2\/product_tag?post=23037"}],"curies":[{"name":"wp","href":"https:\/\/api.w.org\/{rel}","templated":true}]}}