{"id":23025,"date":"2026-04-13T12:59:03","date_gmt":"2026-04-13T12:59:03","guid":{"rendered":"https:\/\/some-store.projetsweb.net\/?post_type=product&#038;p=23025"},"modified":"2026-04-13T13:07:08","modified_gmt":"2026-04-13T13:07:08","slug":"boites-a-pop-corn-rayures-bleues-x12","status":"publish","type":"product","link":"https:\/\/some-store.projetsweb.net\/en\/shop\/le-store\/la-table\/boites-a-pop-corn\/boites-a-pop-corn-rayures-bleues-x12\/","title":{"rendered":"Boites \u00e0 pop-corn \u00e0 rayures bleues x12"},"content":{"rendered":"","protected":false},"excerpt":{"rendered":"<p data-start=\"117\" data-end=\"370\">Apportez une touche fun et color\u00e9e \u00e0 vos f\u00eates avec ces jolies bo\u00eetes \u00e0 pop-corn aux rayures bleues ! Parfaites pour un anniversaire, une baby shower ou une soir\u00e9e cin\u00e9ma, elles sont id\u00e9ales pour servir du pop-corn, des bonbons ou d\u2019autres gourmandises.<\/p>\n<p data-start=\"372\" data-end=\"508\">Leur design frais et moderne s\u2019int\u00e8gre facilement \u00e0 tous les th\u00e8mes de f\u00eate et ajoute instantan\u00e9ment une ambiance festive \u00e0 votre table.<\/p>\n<ul data-start=\"533\" data-end=\"771\">\n<li data-section-id=\"1rov6xh\" data-start=\"533\" data-end=\"564\">Bo\u00eetes \u00e0 pop-corn en carton<\/li>\n<li data-section-id=\"1rov6xh\" data-start=\"533\" data-end=\"564\">Lot de 12 boites<\/li>\n<li data-section-id=\"14606as\" data-start=\"565\" data-end=\"601\">Motif rayures blanches et bleues<\/li>\n<li data-section-id=\"j1hnrz\" data-start=\"602\" data-end=\"646\">Id\u00e9ales pour pop-corn, bonbons ou snacks<\/li>\n<li data-section-id=\"16g4692\" data-start=\"647\" data-end=\"700\">Parfaites pour anniversaires, f\u00eates et \u00e9v\u00e9nements<\/li>\n<li data-section-id=\"bhpdg0\" data-start=\"701\" data-end=\"721\">Faciles \u00e0 monter<\/li>\n<li data-section-id=\"88u0ny\" data-start=\"722\" data-end=\"738\">Usage unique<\/li>\n<li data-section-id=\"1vt2p0k\" data-start=\"739\" data-end=\"771\">Dimensions : 5 x 7 x 12 cm<\/li>\n<\/ul>","protected":false},"featured_media":23027,"comment_status":"open","ping_status":"closed","template":"","meta":[],"product_brand":[],"product_cat":[332],"product_tag":[],"class_list":{"0":"post-23025","1":"product","2":"type-product","3":"status-publish","4":"has-post-thumbnail","6":"product_cat-boites-a-pop-corn","8":"first","9":"instock","10":"virtual","11":"purchasable","12":"product-type-simple"},"_links":{"self":[{"href":"https:\/\/some-store.projetsweb.net\/en\/wp-json\/wp\/v2\/product\/23025","targetHints":{"allow":["GET"]}}],"collection":[{"href":"https:\/\/some-store.projetsweb.net\/en\/wp-json\/wp\/v2\/product"}],"about":[{"href":"https:\/\/some-store.projetsweb.net\/en\/wp-json\/wp\/v2\/types\/product"}],"replies":[{"embeddable":true,"href":"https:\/\/some-store.projetsweb.net\/en\/wp-json\/wp\/v2\/comments?post=23025"}],"wp:featuredmedia":[{"embeddable":true,"href":"https:\/\/some-store.projetsweb.net\/en\/wp-json\/wp\/v2\/media\/23027"}],"wp:attachment":[{"href":"https:\/\/some-store.projetsweb.net\/en\/wp-json\/wp\/v2\/media?parent=23025"}],"wp:term":[{"taxonomy":"product_brand","embeddable":true,"href":"https:\/\/some-store.projetsweb.net\/en\/wp-json\/wp\/v2\/product_brand?post=23025"},{"taxonomy":"product_cat","embeddable":true,"href":"https:\/\/some-store.projetsweb.net\/en\/wp-json\/wp\/v2\/product_cat?post=23025"},{"taxonomy":"product_tag","embeddable":true,"href":"https:\/\/some-store.projetsweb.net\/en\/wp-json\/wp\/v2\/product_tag?post=23025"}],"curies":[{"name":"wp","href":"https:\/\/api.w.org\/{rel}","templated":true}]}}