{"id":22999,"date":"2026-04-13T11:16:17","date_gmt":"2026-04-13T11:16:17","guid":{"rendered":"https:\/\/some-store.projetsweb.net\/?post_type=product&#038;p=22999"},"modified":"2026-04-13T11:16:17","modified_gmt":"2026-04-13T11:16:17","slug":"presentoir-cerises-et-noeuds","status":"publish","type":"product","link":"https:\/\/some-store.projetsweb.net\/en\/shop\/themes-occasions\/anniversaires\/par-themes\/cerise\/presentoir-cerises-et-noeuds\/","title":{"rendered":"Pr\u00e9sentoir cerises et noeuds"},"content":{"rendered":"","protected":false},"excerpt":{"rendered":"<p data-start=\"114\" data-end=\"338\">Apportez une touche douce et girly \u00e0 votre f\u00eate avec ce pr\u00e9sentoir \u00e0 cupcakes au th\u00e8me cerise et n\u0153uds. Parfait pour sublimer vos desserts, il cr\u00e9e une mise en sc\u00e8ne \u00e9l\u00e9gante et gourmande pour toutes vos occasions sp\u00e9ciales.<\/p>\n<ul data-start=\"361\" data-end=\"686\">\n<li data-section-id=\"tdva2z\" data-start=\"361\" data-end=\"405\">Pr\u00e9sentoir 3 \u00e9tages th\u00e8me cerise &amp; n\u0153uds<\/li>\n<li data-section-id=\"174qgcy\" data-start=\"406\" data-end=\"458\">Design rose avec motifs cerises, rubans et c\u0153urs<\/li>\n<li data-section-id=\"1rxvza2\" data-start=\"528\" data-end=\"567\">Structure l\u00e9g\u00e8re et facile \u00e0 monter<\/li>\n<li data-section-id=\"1kajyz7\" data-start=\"568\" data-end=\"631\">Parfait pour cupcakes, muffins, biscuits et petits desserts<\/li>\n<li data-section-id=\"1eadq90\" data-start=\"632\" data-end=\"686\">Id\u00e9al pour anniversaires, baby shower, f\u00eates girly<\/li>\n<\/ul>","protected":false},"featured_media":23001,"comment_status":"open","ping_status":"closed","template":"","meta":[],"product_brand":[],"product_cat":[335,255],"product_tag":[],"class_list":{"0":"post-22999","1":"product","2":"type-product","3":"status-publish","4":"has-post-thumbnail","6":"product_cat-cerise","7":"product_cat-presentoires","9":"first","10":"instock","11":"virtual","12":"purchasable","13":"product-type-simple"},"_links":{"self":[{"href":"https:\/\/some-store.projetsweb.net\/en\/wp-json\/wp\/v2\/product\/22999","targetHints":{"allow":["GET"]}}],"collection":[{"href":"https:\/\/some-store.projetsweb.net\/en\/wp-json\/wp\/v2\/product"}],"about":[{"href":"https:\/\/some-store.projetsweb.net\/en\/wp-json\/wp\/v2\/types\/product"}],"replies":[{"embeddable":true,"href":"https:\/\/some-store.projetsweb.net\/en\/wp-json\/wp\/v2\/comments?post=22999"}],"wp:featuredmedia":[{"embeddable":true,"href":"https:\/\/some-store.projetsweb.net\/en\/wp-json\/wp\/v2\/media\/23001"}],"wp:attachment":[{"href":"https:\/\/some-store.projetsweb.net\/en\/wp-json\/wp\/v2\/media?parent=22999"}],"wp:term":[{"taxonomy":"product_brand","embeddable":true,"href":"https:\/\/some-store.projetsweb.net\/en\/wp-json\/wp\/v2\/product_brand?post=22999"},{"taxonomy":"product_cat","embeddable":true,"href":"https:\/\/some-store.projetsweb.net\/en\/wp-json\/wp\/v2\/product_cat?post=22999"},{"taxonomy":"product_tag","embeddable":true,"href":"https:\/\/some-store.projetsweb.net\/en\/wp-json\/wp\/v2\/product_tag?post=22999"}],"curies":[{"name":"wp","href":"https:\/\/api.w.org\/{rel}","templated":true}]}}