{"id":22663,"date":"2026-03-30T13:58:33","date_gmt":"2026-03-30T13:58:33","guid":{"rendered":"https:\/\/some-store.projetsweb.net\/?post_type=product&#038;p=22663"},"modified":"2026-03-30T13:58:44","modified_gmt":"2026-03-30T13:58:44","slug":"petites-serviettes-x16","status":"publish","type":"product","link":"https:\/\/some-store.projetsweb.net\/en\/shop\/themes-occasions\/anniversaires\/par-themes\/fleurs\/petites-serviettes-x16\/","title":{"rendered":"Petites serviettes Ladur\u00e9e x16"},"content":{"rendered":"","protected":false},"excerpt":{"rendered":"<p>Apportez une touche \u00e9l\u00e9gante \u00e0 votre table de f\u00eate avec ces serviettes magnifiquement illustr\u00e9es. Chaque lot contient des couleurs jaune, bleu, rose et menthe, avec des bords festonn\u00e9s pour un effet plein de charme.<\/p>\n<ul data-start=\"0\" data-end=\"135\">\n<li data-section-id=\"ywz4pu\" data-start=\"0\" data-end=\"17\">Papier 3 plis<\/li>\n<li data-section-id=\"3scpzl\" data-start=\"18\" data-end=\"37\">Bords festonn\u00e9s<\/li>\n<li data-section-id=\"w3kukx\" data-start=\"38\" data-end=\"69\">D\u00e9tails en dorure brillante<\/li>\n<li data-section-id=\"1eu0pkx\" data-start=\"70\" data-end=\"96\">Lot de 16 en 4 coloris<\/li>\n<li data-section-id=\"j8b5kd\" data-start=\"97\" data-end=\"135\">Dimensions pli\u00e9es : 12,7 x 12,7 cm<\/li>\n<\/ul>\n<p data-start=\"137\" data-end=\"158\" data-is-last-node=\"\" data-is-only-node=\"\">Code produit : 225828<\/p>","protected":false},"featured_media":22664,"comment_status":"open","ping_status":"closed","template":"","meta":[],"product_brand":[],"product_cat":[290,329,256],"product_tag":[],"class_list":{"0":"post-22663","1":"product","2":"type-product","3":"status-publish","4":"has-post-thumbnail","6":"product_cat-fleurs","7":"product_cat-laduree","8":"product_cat-serviettes","10":"first","11":"instock","12":"virtual","13":"purchasable","14":"product-type-simple"},"_links":{"self":[{"href":"https:\/\/some-store.projetsweb.net\/en\/wp-json\/wp\/v2\/product\/22663","targetHints":{"allow":["GET"]}}],"collection":[{"href":"https:\/\/some-store.projetsweb.net\/en\/wp-json\/wp\/v2\/product"}],"about":[{"href":"https:\/\/some-store.projetsweb.net\/en\/wp-json\/wp\/v2\/types\/product"}],"replies":[{"embeddable":true,"href":"https:\/\/some-store.projetsweb.net\/en\/wp-json\/wp\/v2\/comments?post=22663"}],"wp:featuredmedia":[{"embeddable":true,"href":"https:\/\/some-store.projetsweb.net\/en\/wp-json\/wp\/v2\/media\/22664"}],"wp:attachment":[{"href":"https:\/\/some-store.projetsweb.net\/en\/wp-json\/wp\/v2\/media?parent=22663"}],"wp:term":[{"taxonomy":"product_brand","embeddable":true,"href":"https:\/\/some-store.projetsweb.net\/en\/wp-json\/wp\/v2\/product_brand?post=22663"},{"taxonomy":"product_cat","embeddable":true,"href":"https:\/\/some-store.projetsweb.net\/en\/wp-json\/wp\/v2\/product_cat?post=22663"},{"taxonomy":"product_tag","embeddable":true,"href":"https:\/\/some-store.projetsweb.net\/en\/wp-json\/wp\/v2\/product_tag?post=22663"}],"curies":[{"name":"wp","href":"https:\/\/api.w.org\/{rel}","templated":true}]}}