{"id":22656,"date":"2026-03-30T13:51:26","date_gmt":"2026-03-30T13:51:26","guid":{"rendered":"https:\/\/some-store.projetsweb.net\/?post_type=product&#038;p=22656"},"modified":"2026-03-30T13:51:26","modified_gmt":"2026-03-30T13:51:26","slug":"serviettes-macarons-x16","status":"publish","type":"product","link":"https:\/\/some-store.projetsweb.net\/en\/shop\/themes-occasions\/anniversaires\/par-themes\/laduree\/serviettes-macarons-x16\/","title":{"rendered":"Serviettes macarons x16"},"content":{"rendered":"","protected":false},"excerpt":{"rendered":"<p>On craque pour ces magnifiques serviettes gourmandes en forme de macarons!<\/p>\n<ul data-start=\"0\" data-end=\"167\">\n<li data-section-id=\"1xi7m6k\" data-start=\"0\" data-end=\"67\">Fabriqu\u00e9es en papier 3 plis, \u00e0 la fois pratiques et d\u00e9coratives<\/li>\n<li data-section-id=\"cq70it\" data-start=\"68\" data-end=\"114\">D\u00e9tails en dorure pour une touche \u00e9l\u00e9gante<\/li>\n<li data-section-id=\"2osu55\" data-start=\"115\" data-end=\"128\">Lot de 16<\/li>\n<li data-section-id=\"eaqnca\" data-start=\"129\" data-end=\"167\">Dimensions pli\u00e9es : 10,8 x 17,8 cm<\/li>\n<\/ul>\n<p data-start=\"169\" data-end=\"190\" data-is-last-node=\"\" data-is-only-node=\"\">Code produit : 223434<\/p>","protected":false},"featured_media":22657,"comment_status":"open","ping_status":"closed","template":"","meta":[],"product_brand":[],"product_cat":[329,256],"product_tag":[],"class_list":{"0":"post-22656","1":"product","2":"type-product","3":"status-publish","4":"has-post-thumbnail","6":"product_cat-laduree","7":"product_cat-serviettes","9":"first","10":"instock","11":"virtual","12":"purchasable","13":"product-type-simple"},"_links":{"self":[{"href":"https:\/\/some-store.projetsweb.net\/en\/wp-json\/wp\/v2\/product\/22656","targetHints":{"allow":["GET"]}}],"collection":[{"href":"https:\/\/some-store.projetsweb.net\/en\/wp-json\/wp\/v2\/product"}],"about":[{"href":"https:\/\/some-store.projetsweb.net\/en\/wp-json\/wp\/v2\/types\/product"}],"replies":[{"embeddable":true,"href":"https:\/\/some-store.projetsweb.net\/en\/wp-json\/wp\/v2\/comments?post=22656"}],"wp:featuredmedia":[{"embeddable":true,"href":"https:\/\/some-store.projetsweb.net\/en\/wp-json\/wp\/v2\/media\/22657"}],"wp:attachment":[{"href":"https:\/\/some-store.projetsweb.net\/en\/wp-json\/wp\/v2\/media?parent=22656"}],"wp:term":[{"taxonomy":"product_brand","embeddable":true,"href":"https:\/\/some-store.projetsweb.net\/en\/wp-json\/wp\/v2\/product_brand?post=22656"},{"taxonomy":"product_cat","embeddable":true,"href":"https:\/\/some-store.projetsweb.net\/en\/wp-json\/wp\/v2\/product_cat?post=22656"},{"taxonomy":"product_tag","embeddable":true,"href":"https:\/\/some-store.projetsweb.net\/en\/wp-json\/wp\/v2\/product_tag?post=22656"}],"curies":[{"name":"wp","href":"https:\/\/api.w.org\/{rel}","templated":true}]}}