{"id":22643,"date":"2026-03-30T13:03:39","date_gmt":"2026-03-30T13:03:39","guid":{"rendered":"https:\/\/some-store.projetsweb.net\/?post_type=product&#038;p=22643"},"modified":"2026-03-30T13:11:40","modified_gmt":"2026-03-30T13:11:40","slug":"pinata-spider-man","status":"publish","type":"product","link":"https:\/\/some-store.projetsweb.net\/en\/shop\/themes-occasions\/anniversaires\/par-themes\/supers-heros\/pinata-spider-man\/","title":{"rendered":"Pinata Spider-man"},"content":{"rendered":"","protected":false},"excerpt":{"rendered":"<p data-start=\"0\" data-end=\"238\">Apportez une dose d\u2019action et de fun \u00e0 votre f\u00eate avec cette pinata <span class=\"hover:entity-accent entity-underline inline cursor-pointer align-baseline\"><span class=\"whitespace-normal\">Spider-Man<\/span><\/span>. Avec son design color\u00e9 et dynamique, elle est parfaite pour un anniversaire th\u00e8me super-h\u00e9ros et fera sensation aupr\u00e8s des enfants.<\/p>\n<p data-start=\"240\" data-end=\"499\" data-is-last-node=\"\" data-is-only-node=\"\">\u2022 Pinata th\u00e8me Spider-Man<br data-start=\"265\" data-end=\"268\" \/>\u2022 Id\u00e9ale pour anniversaire ou f\u00eate super-h\u00e9ros<br data-start=\"314\" data-end=\"317\" \/>\u2022 Grande taille pour plus d\u2019impact visuel<br data-start=\"358\" data-end=\"361\" \/>\u2022 Peut \u00eatre remplie de bonbons, petits jouets ou surprises<br data-start=\"419\" data-end=\"422\" \/>\u2022 B\u00e2ton et bandeau pour les yeux inclus<br data-start=\"466\" data-end=\"469\" \/>\u2022 Dimensions : 90 x 44 x 10 cm<\/p>","protected":false},"featured_media":22644,"comment_status":"open","ping_status":"closed","template":"","meta":[],"product_brand":[],"product_cat":[264,298],"product_tag":[],"class_list":{"0":"post-22643","1":"product","2":"type-product","3":"status-publish","4":"has-post-thumbnail","6":"product_cat-pinatas","7":"product_cat-supers-heros","9":"first","10":"instock","11":"virtual","12":"purchasable","13":"product-type-simple"},"_links":{"self":[{"href":"https:\/\/some-store.projetsweb.net\/en\/wp-json\/wp\/v2\/product\/22643","targetHints":{"allow":["GET"]}}],"collection":[{"href":"https:\/\/some-store.projetsweb.net\/en\/wp-json\/wp\/v2\/product"}],"about":[{"href":"https:\/\/some-store.projetsweb.net\/en\/wp-json\/wp\/v2\/types\/product"}],"replies":[{"embeddable":true,"href":"https:\/\/some-store.projetsweb.net\/en\/wp-json\/wp\/v2\/comments?post=22643"}],"wp:featuredmedia":[{"embeddable":true,"href":"https:\/\/some-store.projetsweb.net\/en\/wp-json\/wp\/v2\/media\/22644"}],"wp:attachment":[{"href":"https:\/\/some-store.projetsweb.net\/en\/wp-json\/wp\/v2\/media?parent=22643"}],"wp:term":[{"taxonomy":"product_brand","embeddable":true,"href":"https:\/\/some-store.projetsweb.net\/en\/wp-json\/wp\/v2\/product_brand?post=22643"},{"taxonomy":"product_cat","embeddable":true,"href":"https:\/\/some-store.projetsweb.net\/en\/wp-json\/wp\/v2\/product_cat?post=22643"},{"taxonomy":"product_tag","embeddable":true,"href":"https:\/\/some-store.projetsweb.net\/en\/wp-json\/wp\/v2\/product_tag?post=22643"}],"curies":[{"name":"wp","href":"https:\/\/api.w.org\/{rel}","templated":true}]}}