{"id":22605,"date":"2026-03-27T13:30:13","date_gmt":"2026-03-27T13:30:13","guid":{"rendered":"https:\/\/some-store.projetsweb.net\/?post_type=product&#038;p=22605"},"modified":"2026-04-17T09:29:09","modified_gmt":"2026-04-17T09:29:09","slug":"eventails-decoratifs-roses","status":"publish","type":"product","link":"https:\/\/some-store.projetsweb.net\/en\/shop\/le-store\/la-decoration\/decoration-murale\/eventails-decoratifs-roses\/","title":{"rendered":"Eventails d\u00e9coratifs roses"},"content":{"rendered":"","protected":false},"excerpt":{"rendered":"<p data-start=\"0\" data-end=\"243\">Apportez une touche douce et \u00e9l\u00e9gante \u00e0 votre d\u00e9coration avec ce lot de rosaces en papier rose. Parfaites pour cr\u00e9er un d\u00e9cor harmonieux et tendance, elles s\u2019adaptent \u00e0 toutes les occasions : anniversaire, baby shower, bachelorette ,\u00a0 bapt\u00eame ou f\u00eate \u00e0 th\u00e8me.<\/p>\n<p data-start=\"245\" data-end=\"629\">\u2022 Lot de 6 rosaces d\u00e9coratives en papier<br data-start=\"285\" data-end=\"288\" \/>\u2022 Couleurs : nuances de rose avec motifs (rayures, pois, uni)<br data-start=\"349\" data-end=\"352\" data-is-only-node=\"\" \/>\u2022 3 tailles assorties pour un joli effet visuel<br data-start=\"399\" data-end=\"402\" \/>\u2022 Dimensions :<br data-start=\"416\" data-end=\"419\" \/>\u2013 2 rosaces de 40 cm<br data-start=\"441\" data-end=\"444\" \/>\u2013 2 rosaces de 30 cm<br data-start=\"466\" data-end=\"469\" \/>\u2013 2 rosaces de 20 cm<br data-start=\"491\" data-end=\"494\" \/>\u2022 Faciles \u00e0 ouvrir et \u00e0 suspendre<br data-start=\"527\" data-end=\"530\" \/>\u2022 Id\u00e9ales pour mur, fond photo, candy bar ou plafond<br data-start=\"582\" data-end=\"585\" \/>\u2022 L\u00e9g\u00e8res et r\u00e9utilisables avec pr\u00e9caution<\/p>","protected":false},"featured_media":22606,"comment_status":"open","ping_status":"closed","template":"","meta":[],"product_brand":[],"product_cat":[276,277,321,261,262,266],"product_tag":[],"class_list":{"0":"post-22605","1":"product","2":"type-product","3":"status-publish","4":"has-post-thumbnail","6":"product_cat-baby-shower","7":"product_cat-bachelorette","8":"product_cat-bapteme","9":"product_cat-decoration-murale","10":"product_cat-fonds-de-scene","11":"product_cat-suspensions","13":"first","14":"instock","15":"virtual","16":"purchasable","17":"product-type-simple"},"_links":{"self":[{"href":"https:\/\/some-store.projetsweb.net\/en\/wp-json\/wp\/v2\/product\/22605","targetHints":{"allow":["GET"]}}],"collection":[{"href":"https:\/\/some-store.projetsweb.net\/en\/wp-json\/wp\/v2\/product"}],"about":[{"href":"https:\/\/some-store.projetsweb.net\/en\/wp-json\/wp\/v2\/types\/product"}],"replies":[{"embeddable":true,"href":"https:\/\/some-store.projetsweb.net\/en\/wp-json\/wp\/v2\/comments?post=22605"}],"wp:featuredmedia":[{"embeddable":true,"href":"https:\/\/some-store.projetsweb.net\/en\/wp-json\/wp\/v2\/media\/22606"}],"wp:attachment":[{"href":"https:\/\/some-store.projetsweb.net\/en\/wp-json\/wp\/v2\/media?parent=22605"}],"wp:term":[{"taxonomy":"product_brand","embeddable":true,"href":"https:\/\/some-store.projetsweb.net\/en\/wp-json\/wp\/v2\/product_brand?post=22605"},{"taxonomy":"product_cat","embeddable":true,"href":"https:\/\/some-store.projetsweb.net\/en\/wp-json\/wp\/v2\/product_cat?post=22605"},{"taxonomy":"product_tag","embeddable":true,"href":"https:\/\/some-store.projetsweb.net\/en\/wp-json\/wp\/v2\/product_tag?post=22605"}],"curies":[{"name":"wp","href":"https:\/\/api.w.org\/{rel}","templated":true}]}}