{"id":22595,"date":"2026-03-27T12:27:12","date_gmt":"2026-03-27T12:27:12","guid":{"rendered":"https:\/\/some-store.projetsweb.net\/?post_type=product&#038;p=22595"},"modified":"2026-03-27T12:27:12","modified_gmt":"2026-03-27T12:27:12","slug":"lunettes-led-x5","status":"publish","type":"product","link":"https:\/\/some-store.projetsweb.net\/en\/shop\/le-store\/les-accessoires\/deguisements\/lunettes-led-x5\/","title":{"rendered":"Lunettes LED x5"},"content":{"rendered":"","protected":false},"excerpt":{"rendered":"<p data-start=\"0\" data-end=\"273\">Ajoutez une touche fun et lumineuse \u00e0 vos f\u00eates avec ce lot de 5 lunettes LED ultra originales. Parfaites pour cr\u00e9er une ambiance festive et color\u00e9e, elles feront sensation aupr\u00e8s des enfants comme des adultes, que ce soit pour un anniversaire, une soir\u00e9e ou un photobooth.<\/p>\n<p data-start=\"275\" data-end=\"566\">\u2022 Lot de 5 lunettes lumineuses LED<br data-start=\"309\" data-end=\"312\" \/>\u2022 Effet lumineux fun et color\u00e9<br data-start=\"342\" data-end=\"345\" data-is-only-node=\"\" \/>\u2022 Id\u00e9al pour anniversaire, f\u00eate, soir\u00e9e ou photobooth<br data-start=\"398\" data-end=\"401\" \/>\u2022 Parfait comme cadeau de retour original<br data-start=\"442\" data-end=\"445\" \/>\u2022 L\u00e9ger et confortable \u00e0 porter<br data-start=\"476\" data-end=\"479\" \/>\u2022 Diff\u00e9rentes couleurs pour varier les styles<br data-start=\"524\" data-end=\"527\" \/>\u2022 Convient aux enfants et aux adultes<\/p>","protected":false},"featured_media":22596,"comment_status":"open","ping_status":"closed","template":"","meta":[],"product_brand":[],"product_cat":[272,273,268],"product_tag":[],"class_list":{"0":"post-22595","1":"product","2":"type-product","3":"status-publish","4":"has-post-thumbnail","6":"product_cat-deguisements","7":"product_cat-lunettes","8":"product_cat-petits-cadeaux","10":"first","11":"instock","12":"virtual","13":"purchasable","14":"product-type-simple"},"_links":{"self":[{"href":"https:\/\/some-store.projetsweb.net\/en\/wp-json\/wp\/v2\/product\/22595","targetHints":{"allow":["GET"]}}],"collection":[{"href":"https:\/\/some-store.projetsweb.net\/en\/wp-json\/wp\/v2\/product"}],"about":[{"href":"https:\/\/some-store.projetsweb.net\/en\/wp-json\/wp\/v2\/types\/product"}],"replies":[{"embeddable":true,"href":"https:\/\/some-store.projetsweb.net\/en\/wp-json\/wp\/v2\/comments?post=22595"}],"wp:featuredmedia":[{"embeddable":true,"href":"https:\/\/some-store.projetsweb.net\/en\/wp-json\/wp\/v2\/media\/22596"}],"wp:attachment":[{"href":"https:\/\/some-store.projetsweb.net\/en\/wp-json\/wp\/v2\/media?parent=22595"}],"wp:term":[{"taxonomy":"product_brand","embeddable":true,"href":"https:\/\/some-store.projetsweb.net\/en\/wp-json\/wp\/v2\/product_brand?post=22595"},{"taxonomy":"product_cat","embeddable":true,"href":"https:\/\/some-store.projetsweb.net\/en\/wp-json\/wp\/v2\/product_cat?post=22595"},{"taxonomy":"product_tag","embeddable":true,"href":"https:\/\/some-store.projetsweb.net\/en\/wp-json\/wp\/v2\/product_tag?post=22595"}],"curies":[{"name":"wp","href":"https:\/\/api.w.org\/{rel}","templated":true}]}}