{"id":22591,"date":"2026-03-27T12:12:09","date_gmt":"2026-03-27T12:12:09","guid":{"rendered":"https:\/\/some-store.projetsweb.net\/?post_type=product&#038;p=22591"},"modified":"2026-03-27T12:21:49","modified_gmt":"2026-03-27T12:21:49","slug":"lunette-coeurs-jaune","status":"publish","type":"product","link":"https:\/\/some-store.projetsweb.net\/en\/shop\/themes-occasions\/anniversaires\/par-themes\/coeurs\/lunette-coeurs-jaune\/","title":{"rendered":"Lunette c\u0153urs jaune"},"content":{"rendered":"","protected":false},"excerpt":{"rendered":"<p data-start=\"0\" data-end=\"279\">Ajoutez une touche fun et pleine de style \u00e0 vos \u00e9v\u00e9nements avec ces lunettes en forme de c\u0153ur ultra tendance. Color\u00e9es et originales, elles sont parfaites pour apporter une ambiance festive et cr\u00e9er de jolis souvenirs, que ce soit pour un anniversaire, une f\u00eate ou un photobooth.<\/p>\n<p data-start=\"281\" data-end=\"615\">\u2022 Lunettes forme c\u0153ur originales et tendance<br data-start=\"325\" data-end=\"328\" \/>\u2022 Coloris jaune<br data-start=\"410\" data-end=\"413\" data-is-only-node=\"\" \/>\u2022 Effet translucide brillant<br data-start=\"441\" data-end=\"444\" \/>\u2022 Parfait pour anniversaire, f\u00eate, photobooth ou pool party<br data-start=\"503\" data-end=\"506\" \/>\u2022 Id\u00e9al comme cadeau de retour<br data-start=\"536\" data-end=\"539\" \/>\u2022 L\u00e9g\u00e8res et confortables \u00e0 porter<br data-start=\"573\" data-end=\"576\" \/>\u2022 Convient aux enfants et aux adultes<\/p>","protected":false},"featured_media":22592,"comment_status":"open","ping_status":"closed","template":"","meta":[],"product_brand":[],"product_cat":[285,272,273,268],"product_tag":[],"class_list":{"0":"post-22591","1":"product","2":"type-product","3":"status-publish","4":"has-post-thumbnail","6":"product_cat-coeurs","7":"product_cat-deguisements","8":"product_cat-lunettes","9":"product_cat-petits-cadeaux","11":"first","12":"instock","13":"virtual","14":"purchasable","15":"product-type-simple"},"_links":{"self":[{"href":"https:\/\/some-store.projetsweb.net\/en\/wp-json\/wp\/v2\/product\/22591","targetHints":{"allow":["GET"]}}],"collection":[{"href":"https:\/\/some-store.projetsweb.net\/en\/wp-json\/wp\/v2\/product"}],"about":[{"href":"https:\/\/some-store.projetsweb.net\/en\/wp-json\/wp\/v2\/types\/product"}],"replies":[{"embeddable":true,"href":"https:\/\/some-store.projetsweb.net\/en\/wp-json\/wp\/v2\/comments?post=22591"}],"wp:featuredmedia":[{"embeddable":true,"href":"https:\/\/some-store.projetsweb.net\/en\/wp-json\/wp\/v2\/media\/22592"}],"wp:attachment":[{"href":"https:\/\/some-store.projetsweb.net\/en\/wp-json\/wp\/v2\/media?parent=22591"}],"wp:term":[{"taxonomy":"product_brand","embeddable":true,"href":"https:\/\/some-store.projetsweb.net\/en\/wp-json\/wp\/v2\/product_brand?post=22591"},{"taxonomy":"product_cat","embeddable":true,"href":"https:\/\/some-store.projetsweb.net\/en\/wp-json\/wp\/v2\/product_cat?post=22591"},{"taxonomy":"product_tag","embeddable":true,"href":"https:\/\/some-store.projetsweb.net\/en\/wp-json\/wp\/v2\/product_tag?post=22591"}],"curies":[{"name":"wp","href":"https:\/\/api.w.org\/{rel}","templated":true}]}}