{"id":22573,"date":"2026-03-27T11:45:08","date_gmt":"2026-03-27T11:45:08","guid":{"rendered":"https:\/\/some-store.projetsweb.net\/?post_type=product&#038;p=22573"},"modified":"2026-03-27T11:45:08","modified_gmt":"2026-03-27T11:45:08","slug":"lunette-etoiles-rouges","status":"publish","type":"product","link":"https:\/\/some-store.projetsweb.net\/en\/shop\/le-store\/les-accessoires\/deguisements\/lunette-etoiles-rouges\/","title":{"rendered":"Lunette \u00e9toiles rouges"},"content":{"rendered":"","protected":false},"excerpt":{"rendered":"<p data-start=\"0\" data-end=\"281\">Apportez une touche fun et color\u00e9e \u00e0 vos f\u00eates avec ces lunettes \u00e9toile ultra tendance. D\u00e9clin\u00e9es en plusieurs couleurs vives, elles sont parfaites pour amuser les enfants et cr\u00e9er de super souvenirs. Un accessoire id\u00e9al pour compl\u00e9ter une d\u00e9coration ou offrir en cadeau de retour.<\/p>\n<p data-start=\"283\" data-end=\"542\" data-is-last-node=\"\" data-is-only-node=\"\">\u2022 Lunettes forme \u00e9toile originales<br data-start=\"317\" data-end=\"320\" \/>\u2022 Coloris rouge<br data-start=\"366\" data-end=\"369\" \/>\u2022 Effet translucide brillant<br data-start=\"397\" data-end=\"400\" \/>\u2022 Parfait pour anniversaire, f\u00eate ou photobooth<br data-start=\"447\" data-end=\"450\" \/>\u2022 Id\u00e9al comme cadeau de retour<br data-start=\"480\" data-end=\"483\" \/>\u2022 L\u00e9g\u00e8res et confortables \u00e0 porter<br data-start=\"517\" data-end=\"520\" \/>\u2022 Convient aux enfants et aux adultes<\/p>","protected":false},"featured_media":22574,"comment_status":"open","ping_status":"closed","template":"","meta":[],"product_brand":[],"product_cat":[272,273,268],"product_tag":[],"class_list":{"0":"post-22573","1":"product","2":"type-product","3":"status-publish","4":"has-post-thumbnail","6":"product_cat-deguisements","7":"product_cat-lunettes","8":"product_cat-petits-cadeaux","10":"first","11":"instock","12":"virtual","13":"purchasable","14":"product-type-simple"},"_links":{"self":[{"href":"https:\/\/some-store.projetsweb.net\/en\/wp-json\/wp\/v2\/product\/22573","targetHints":{"allow":["GET"]}}],"collection":[{"href":"https:\/\/some-store.projetsweb.net\/en\/wp-json\/wp\/v2\/product"}],"about":[{"href":"https:\/\/some-store.projetsweb.net\/en\/wp-json\/wp\/v2\/types\/product"}],"replies":[{"embeddable":true,"href":"https:\/\/some-store.projetsweb.net\/en\/wp-json\/wp\/v2\/comments?post=22573"}],"wp:featuredmedia":[{"embeddable":true,"href":"https:\/\/some-store.projetsweb.net\/en\/wp-json\/wp\/v2\/media\/22574"}],"wp:attachment":[{"href":"https:\/\/some-store.projetsweb.net\/en\/wp-json\/wp\/v2\/media?parent=22573"}],"wp:term":[{"taxonomy":"product_brand","embeddable":true,"href":"https:\/\/some-store.projetsweb.net\/en\/wp-json\/wp\/v2\/product_brand?post=22573"},{"taxonomy":"product_cat","embeddable":true,"href":"https:\/\/some-store.projetsweb.net\/en\/wp-json\/wp\/v2\/product_cat?post=22573"},{"taxonomy":"product_tag","embeddable":true,"href":"https:\/\/some-store.projetsweb.net\/en\/wp-json\/wp\/v2\/product_tag?post=22573"}],"curies":[{"name":"wp","href":"https:\/\/api.w.org\/{rel}","templated":true}]}}