{"id":22553,"date":"2026-03-26T14:44:39","date_gmt":"2026-03-26T14:44:39","guid":{"rendered":"https:\/\/some-store.projetsweb.net\/?post_type=product&#038;p=22553"},"modified":"2026-03-26T14:44:39","modified_gmt":"2026-03-26T14:44:39","slug":"tambourins-lumineux-x5","status":"publish","type":"product","link":"https:\/\/some-store.projetsweb.net\/en\/shop\/le-store\/les-cadeaux-de-retour\/petits-cadeaux\/tambourins-lumineux-x5\/","title":{"rendered":"Tambourins lumineux x5"},"content":{"rendered":"","protected":false},"excerpt":{"rendered":"<p data-start=\"0\" data-end=\"210\">Apportez du rythme et de la couleur \u00e0 vos f\u00eates avec ce lot de 5 tambourins lumineux. Parfaits pour amuser les enfants et cr\u00e9er une ambiance festive, ils s\u2019illuminent \u00e0 chaque mouvement pour encore plus de fun.<\/p>\n<p data-start=\"212\" data-end=\"546\">\u2022 Lot de 5 tambourins (1 de chaque couleur : rouge, jaune, rose, bleu et vert)<br data-start=\"290\" data-end=\"293\" \/>\u2022 Effet lumineux LED pour un rendu encore plus ludique<br data-start=\"347\" data-end=\"350\" data-is-only-node=\"\" \/>\u2022 Sons amusants gr\u00e2ce aux cymbalettes m\u00e9talliques<br data-start=\"399\" data-end=\"402\" \/>\u2022 Prise en main facile adapt\u00e9e aux enfants<br data-start=\"444\" data-end=\"447\" \/>\u2022 Id\u00e9al en cadeau de retour<\/p>","protected":false},"featured_media":22554,"comment_status":"open","ping_status":"closed","template":"","meta":[],"product_brand":[],"product_cat":[268],"product_tag":[],"class_list":{"0":"post-22553","1":"product","2":"type-product","3":"status-publish","4":"has-post-thumbnail","6":"product_cat-petits-cadeaux","8":"first","9":"instock","10":"virtual","11":"purchasable","12":"product-type-simple"},"_links":{"self":[{"href":"https:\/\/some-store.projetsweb.net\/en\/wp-json\/wp\/v2\/product\/22553","targetHints":{"allow":["GET"]}}],"collection":[{"href":"https:\/\/some-store.projetsweb.net\/en\/wp-json\/wp\/v2\/product"}],"about":[{"href":"https:\/\/some-store.projetsweb.net\/en\/wp-json\/wp\/v2\/types\/product"}],"replies":[{"embeddable":true,"href":"https:\/\/some-store.projetsweb.net\/en\/wp-json\/wp\/v2\/comments?post=22553"}],"wp:featuredmedia":[{"embeddable":true,"href":"https:\/\/some-store.projetsweb.net\/en\/wp-json\/wp\/v2\/media\/22554"}],"wp:attachment":[{"href":"https:\/\/some-store.projetsweb.net\/en\/wp-json\/wp\/v2\/media?parent=22553"}],"wp:term":[{"taxonomy":"product_brand","embeddable":true,"href":"https:\/\/some-store.projetsweb.net\/en\/wp-json\/wp\/v2\/product_brand?post=22553"},{"taxonomy":"product_cat","embeddable":true,"href":"https:\/\/some-store.projetsweb.net\/en\/wp-json\/wp\/v2\/product_cat?post=22553"},{"taxonomy":"product_tag","embeddable":true,"href":"https:\/\/some-store.projetsweb.net\/en\/wp-json\/wp\/v2\/product_tag?post=22553"}],"curies":[{"name":"wp","href":"https:\/\/api.w.org\/{rel}","templated":true}]}}