{"id":22545,"date":"2026-03-26T13:32:35","date_gmt":"2026-03-26T13:32:35","guid":{"rendered":"https:\/\/some-store.projetsweb.net\/?post_type=product&#038;p=22545"},"modified":"2026-03-26T13:32:35","modified_gmt":"2026-03-26T13:32:35","slug":"pailles-violet-x25","status":"publish","type":"product","link":"https:\/\/some-store.projetsweb.net\/en\/shop\/le-store\/la-table\/pailles\/pailles-violet-x25\/","title":{"rendered":"Pailles violet x25"},"content":{"rendered":"","protected":false},"excerpt":{"rendered":"<p data-start=\"0\" data-end=\"211\">Apportez une touche color\u00e9e et festive \u00e0 vos boissons avec ces pailles en papier ray\u00e9es. Parfaites pour les anniversaires, baby showers ou toutes vos f\u00eates, elles ajoutent une note fun et \u00e9l\u00e9gante \u00e0 votre table.<\/p>\n<p data-start=\"213\" data-end=\"481\" data-is-last-node=\"\" data-is-only-node=\"\">\u2022 Pailles en papier ray\u00e9es<br data-start=\"239\" data-end=\"242\" \/>\u2022 Coloris violet<br data-start=\"299\" data-end=\"302\" \/>\u2022 Id\u00e9ales pour boissons froides (jus, sodas, cocktails)<br data-start=\"357\" data-end=\"360\" \/>\u2022 Parfaites pour anniversaires, f\u00eates et \u00e9v\u00e9nements<br data-start=\"411\" data-end=\"414\" \/>\u2022 Usage unique<br data-start=\"428\" data-end=\"431\" \/>\u2022 Longueur standard adapt\u00e9e aux verres et gobelets<\/p>","protected":false},"featured_media":22546,"comment_status":"open","ping_status":"closed","template":"","meta":[],"product_brand":[],"product_cat":[254],"product_tag":[],"class_list":{"0":"post-22545","1":"product","2":"type-product","3":"status-publish","4":"has-post-thumbnail","6":"product_cat-pailles","8":"first","9":"instock","10":"virtual","11":"purchasable","12":"product-type-simple"},"_links":{"self":[{"href":"https:\/\/some-store.projetsweb.net\/en\/wp-json\/wp\/v2\/product\/22545","targetHints":{"allow":["GET"]}}],"collection":[{"href":"https:\/\/some-store.projetsweb.net\/en\/wp-json\/wp\/v2\/product"}],"about":[{"href":"https:\/\/some-store.projetsweb.net\/en\/wp-json\/wp\/v2\/types\/product"}],"replies":[{"embeddable":true,"href":"https:\/\/some-store.projetsweb.net\/en\/wp-json\/wp\/v2\/comments?post=22545"}],"wp:featuredmedia":[{"embeddable":true,"href":"https:\/\/some-store.projetsweb.net\/en\/wp-json\/wp\/v2\/media\/22546"}],"wp:attachment":[{"href":"https:\/\/some-store.projetsweb.net\/en\/wp-json\/wp\/v2\/media?parent=22545"}],"wp:term":[{"taxonomy":"product_brand","embeddable":true,"href":"https:\/\/some-store.projetsweb.net\/en\/wp-json\/wp\/v2\/product_brand?post=22545"},{"taxonomy":"product_cat","embeddable":true,"href":"https:\/\/some-store.projetsweb.net\/en\/wp-json\/wp\/v2\/product_cat?post=22545"},{"taxonomy":"product_tag","embeddable":true,"href":"https:\/\/some-store.projetsweb.net\/en\/wp-json\/wp\/v2\/product_tag?post=22545"}],"curies":[{"name":"wp","href":"https:\/\/api.w.org\/{rel}","templated":true}]}}