{"id":22520,"date":"2026-03-26T12:07:26","date_gmt":"2026-03-26T12:07:26","guid":{"rendered":"https:\/\/some-store.projetsweb.net\/?post_type=product&#038;p=22520"},"modified":"2026-03-26T12:07:26","modified_gmt":"2026-03-26T12:07:26","slug":"presentoir-jaune","status":"publish","type":"product","link":"https:\/\/some-store.projetsweb.net\/en\/shop\/themes-occasions\/anniversaires\/par-personnage\/pokemon\/presentoir-jaune\/","title":{"rendered":"Pr\u00e9sentoir jaune"},"content":{"rendered":"","protected":false},"excerpt":{"rendered":"<p data-start=\"0\" data-end=\"144\">Mettez en valeur vos douceurs avec ce pr\u00e9sentoir jaune \u00e0 \u00e9tages, id\u00e9al pour sublimer vos cupcakes, g\u00e2teaux ou friandises lors de vos \u00e9v\u00e9nements.<\/p>\n<ul data-start=\"146\" data-end=\"397\" data-is-last-node=\"\" data-is-only-node=\"\">\n<li data-section-id=\"1ceyokl\" data-start=\"146\" data-end=\"171\">Pr\u00e9sentoir \u00e0 3 \u00e9tages<\/li>\n<li data-section-id=\"19jalqa\" data-start=\"172\" data-end=\"206\">Couleur jaune vive et \u00e9l\u00e9gante<\/li>\n<li data-section-id=\"txmwyh\" data-start=\"207\" data-end=\"257\">Id\u00e9al pour cupcakes, bonbons et petits g\u00e2teaux<\/li>\n<li data-section-id=\"1n31bnx\" data-start=\"258\" data-end=\"286\">Montage facile et rapide<\/li>\n<li data-section-id=\"ixwwuj\" data-start=\"287\" data-end=\"339\">Dimensions : 30 x 32.7 cm<\/li>\n<\/ul>","protected":false},"featured_media":22521,"comment_status":"open","ping_status":"closed","template":"","meta":[],"product_brand":[],"product_cat":[302,255],"product_tag":[],"class_list":{"0":"post-22520","1":"product","2":"type-product","3":"status-publish","4":"has-post-thumbnail","6":"product_cat-pokemon","7":"product_cat-presentoires","9":"first","10":"instock","11":"virtual","12":"purchasable","13":"product-type-simple"},"_links":{"self":[{"href":"https:\/\/some-store.projetsweb.net\/en\/wp-json\/wp\/v2\/product\/22520","targetHints":{"allow":["GET"]}}],"collection":[{"href":"https:\/\/some-store.projetsweb.net\/en\/wp-json\/wp\/v2\/product"}],"about":[{"href":"https:\/\/some-store.projetsweb.net\/en\/wp-json\/wp\/v2\/types\/product"}],"replies":[{"embeddable":true,"href":"https:\/\/some-store.projetsweb.net\/en\/wp-json\/wp\/v2\/comments?post=22520"}],"wp:featuredmedia":[{"embeddable":true,"href":"https:\/\/some-store.projetsweb.net\/en\/wp-json\/wp\/v2\/media\/22521"}],"wp:attachment":[{"href":"https:\/\/some-store.projetsweb.net\/en\/wp-json\/wp\/v2\/media?parent=22520"}],"wp:term":[{"taxonomy":"product_brand","embeddable":true,"href":"https:\/\/some-store.projetsweb.net\/en\/wp-json\/wp\/v2\/product_brand?post=22520"},{"taxonomy":"product_cat","embeddable":true,"href":"https:\/\/some-store.projetsweb.net\/en\/wp-json\/wp\/v2\/product_cat?post=22520"},{"taxonomy":"product_tag","embeddable":true,"href":"https:\/\/some-store.projetsweb.net\/en\/wp-json\/wp\/v2\/product_tag?post=22520"}],"curies":[{"name":"wp","href":"https:\/\/api.w.org\/{rel}","templated":true}]}}