{"id":22507,"date":"2026-03-26T11:54:36","date_gmt":"2026-03-26T11:54:36","guid":{"rendered":"https:\/\/some-store.projetsweb.net\/?post_type=product&#038;p=22507"},"modified":"2026-03-26T11:54:36","modified_gmt":"2026-03-26T11:54:36","slug":"presentoir-rose-clair","status":"publish","type":"product","link":"https:\/\/some-store.projetsweb.net\/en\/shop\/le-store\/la-decoration\/presentoires\/presentoir-rose-clair\/","title":{"rendered":"Pr\u00e9sentoir rose clair"},"content":{"rendered":"","protected":false},"excerpt":{"rendered":"<p data-start=\"0\" data-end=\"144\">Mettez en valeur vos douceurs avec ce pr\u00e9sentoir jaune \u00e0 \u00e9tages, id\u00e9al pour sublimer vos cupcakes, g\u00e2teaux ou friandises lors de vos \u00e9v\u00e9nements.<\/p>\n<ul data-start=\"146\" data-end=\"397\" data-is-last-node=\"\" data-is-only-node=\"\">\n<li data-section-id=\"1ceyokl\" data-start=\"146\" data-end=\"171\">Pr\u00e9sentoir \u00e0 3 \u00e9tages<\/li>\n<li data-section-id=\"19jalqa\" data-start=\"172\" data-end=\"206\">Couleur jaune vive et \u00e9l\u00e9gante<\/li>\n<li data-section-id=\"txmwyh\" data-start=\"207\" data-end=\"257\">Id\u00e9al pour cupcakes, bonbons et petits g\u00e2teaux<\/li>\n<li data-section-id=\"1n31bnx\" data-start=\"258\" data-end=\"286\">Montage facile et rapide<\/li>\n<li data-section-id=\"ixwwuj\" data-start=\"287\" data-end=\"339\">Dimensions : 30 x 32.7 cm<\/li>\n<\/ul>","protected":false},"featured_media":22508,"comment_status":"open","ping_status":"closed","template":"","meta":[],"product_brand":[],"product_cat":[276,277,321,278,255],"product_tag":[],"class_list":{"0":"post-22507","1":"product","2":"type-product","3":"status-publish","4":"has-post-thumbnail","6":"product_cat-baby-shower","7":"product_cat-bachelorette","8":"product_cat-bapteme","9":"product_cat-gender-reveal","10":"product_cat-presentoires","12":"first","13":"instock","14":"virtual","15":"purchasable","16":"product-type-simple"},"_links":{"self":[{"href":"https:\/\/some-store.projetsweb.net\/en\/wp-json\/wp\/v2\/product\/22507","targetHints":{"allow":["GET"]}}],"collection":[{"href":"https:\/\/some-store.projetsweb.net\/en\/wp-json\/wp\/v2\/product"}],"about":[{"href":"https:\/\/some-store.projetsweb.net\/en\/wp-json\/wp\/v2\/types\/product"}],"replies":[{"embeddable":true,"href":"https:\/\/some-store.projetsweb.net\/en\/wp-json\/wp\/v2\/comments?post=22507"}],"wp:featuredmedia":[{"embeddable":true,"href":"https:\/\/some-store.projetsweb.net\/en\/wp-json\/wp\/v2\/media\/22508"}],"wp:attachment":[{"href":"https:\/\/some-store.projetsweb.net\/en\/wp-json\/wp\/v2\/media?parent=22507"}],"wp:term":[{"taxonomy":"product_brand","embeddable":true,"href":"https:\/\/some-store.projetsweb.net\/en\/wp-json\/wp\/v2\/product_brand?post=22507"},{"taxonomy":"product_cat","embeddable":true,"href":"https:\/\/some-store.projetsweb.net\/en\/wp-json\/wp\/v2\/product_cat?post=22507"},{"taxonomy":"product_tag","embeddable":true,"href":"https:\/\/some-store.projetsweb.net\/en\/wp-json\/wp\/v2\/product_tag?post=22507"}],"curies":[{"name":"wp","href":"https:\/\/api.w.org\/{rel}","templated":true}]}}