{"id":22488,"date":"2026-03-26T10:57:33","date_gmt":"2026-03-26T10:57:33","guid":{"rendered":"https:\/\/some-store.projetsweb.net\/?post_type=product&#038;p=22488"},"modified":"2026-03-26T11:12:14","modified_gmt":"2026-03-26T11:12:14","slug":"guirlande-happy-birthday-noire","status":"publish","type":"product","link":"https:\/\/some-store.projetsweb.net\/en\/shop\/le-store\/la-decoration\/bannieres\/guirlande-happy-birthday-noire\/","title":{"rendered":"Banni\u00e8re Happy Birthday noire"},"content":{"rendered":"","protected":false},"excerpt":{"rendered":"<p data-start=\"0\" data-end=\"116\">Ajoutez une touche \u00e9l\u00e9gante et festive \u00e0 votre d\u00e9coration avec cette guirlande \u201cHappy Birthday\u201d noire et dor\u00e9e<\/p>\n<ul data-start=\"118\" data-end=\"450\" data-is-last-node=\"\" data-is-only-node=\"\">\n<li data-section-id=\"1b3rrsr\" data-start=\"118\" data-end=\"160\">Guirlande \u201cHappy Birthday\u201d \u00e0 assembler<\/li>\n<li data-section-id=\"13qkl5o\" data-start=\"161\" data-end=\"209\">Fanions noirs avec lettres dor\u00e9es effet chic<\/li>\n<li data-section-id=\"1pfd2on\" data-start=\"210\" data-end=\"248\">Ruban ajustable (environ 5 m\u00e8tres)<\/li>\n<li data-section-id=\"dnfgin\" data-start=\"249\" data-end=\"283\">Fanions r\u00e9sistants et durables<\/li>\n<li data-section-id=\"15ji63v\" data-start=\"285\" data-end=\"326\">Dimensions fanion : env. 11,5 x 16 cm<\/li>\n<li data-section-id=\"16teev1\" data-start=\"327\" data-end=\"385\">Parfait pour anniversaires, f\u00eates et d\u00e9corations photo<\/li>\n<li data-section-id=\"17qfixb\" data-start=\"386\" data-end=\"450\" data-is-last-node=\"\">Apporte une ambiance \u00e9l\u00e9gante et moderne \u00e0 votre \u00e9v\u00e9nement<\/li>\n<\/ul>","protected":false},"featured_media":22490,"comment_status":"open","ping_status":"closed","template":"","meta":[],"product_brand":[],"product_cat":[325,263],"product_tag":[],"class_list":{"0":"post-22488","1":"product","2":"type-product","3":"status-publish","4":"has-post-thumbnail","6":"product_cat-bannieres","7":"product_cat-guirlandes-la-decoration","9":"first","10":"instock","11":"shipping-taxable","12":"purchasable","13":"product-type-simple"},"_links":{"self":[{"href":"https:\/\/some-store.projetsweb.net\/en\/wp-json\/wp\/v2\/product\/22488","targetHints":{"allow":["GET"]}}],"collection":[{"href":"https:\/\/some-store.projetsweb.net\/en\/wp-json\/wp\/v2\/product"}],"about":[{"href":"https:\/\/some-store.projetsweb.net\/en\/wp-json\/wp\/v2\/types\/product"}],"replies":[{"embeddable":true,"href":"https:\/\/some-store.projetsweb.net\/en\/wp-json\/wp\/v2\/comments?post=22488"}],"wp:featuredmedia":[{"embeddable":true,"href":"https:\/\/some-store.projetsweb.net\/en\/wp-json\/wp\/v2\/media\/22490"}],"wp:attachment":[{"href":"https:\/\/some-store.projetsweb.net\/en\/wp-json\/wp\/v2\/media?parent=22488"}],"wp:term":[{"taxonomy":"product_brand","embeddable":true,"href":"https:\/\/some-store.projetsweb.net\/en\/wp-json\/wp\/v2\/product_brand?post=22488"},{"taxonomy":"product_cat","embeddable":true,"href":"https:\/\/some-store.projetsweb.net\/en\/wp-json\/wp\/v2\/product_cat?post=22488"},{"taxonomy":"product_tag","embeddable":true,"href":"https:\/\/some-store.projetsweb.net\/en\/wp-json\/wp\/v2\/product_tag?post=22488"}],"curies":[{"name":"wp","href":"https:\/\/api.w.org\/{rel}","templated":true}]}}