{"id":22465,"date":"2026-03-25T16:38:48","date_gmt":"2026-03-25T16:38:48","guid":{"rendered":"https:\/\/some-store.projetsweb.net\/?post_type=product&#038;p=22465"},"modified":"2026-03-25T16:38:48","modified_gmt":"2026-03-25T16:38:48","slug":"topper-happy-birthday-bleu-et-dore","status":"publish","type":"product","link":"https:\/\/some-store.projetsweb.net\/en\/shop\/le-store\/la-decoration\/toppers\/topper-happy-birthday-bleu-et-dore\/","title":{"rendered":"Topper Happy birthday bleu et dor\u00e9"},"content":{"rendered":"","protected":false},"excerpt":{"rendered":"<p data-start=\"0\" data-end=\"105\">Apportez une touche \u00e9l\u00e9gante et festive \u00e0 votre g\u00e2teau avec ce topper \u201cHappy Birthday\u201d bleu et dor\u00e9<\/p>\n<ul data-start=\"107\" data-end=\"365\" data-is-last-node=\"\" data-is-only-node=\"\">\n<li data-section-id=\"12upx8s\" data-start=\"107\" data-end=\"141\">Topper g\u00e2teau \u201cHappy Birthday\u201d<\/li>\n<li data-section-id=\"gipxlj\" data-start=\"142\" data-end=\"188\">Coloris bleu avec \u00e9criture dor\u00e9e paillet\u00e9e<\/li>\n<li data-section-id=\"abja8l\" data-start=\"219\" data-end=\"262\">Pic int\u00e9gr\u00e9 pour une utilisation facile<\/li>\n<li data-section-id=\"1xi9rs\" data-start=\"264\" data-end=\"303\">Parfait pour tous les anniversaires<\/li>\n<li data-section-id=\"xb5ijt\" data-start=\"304\" data-end=\"365\" data-is-last-node=\"\">Ajoute une finition chic et festive \u00e0 votre d\u00e9coration<\/li>\n<\/ul>","protected":false},"featured_media":22466,"comment_status":"open","ping_status":"closed","template":"","meta":[],"product_brand":[],"product_cat":[267],"product_tag":[],"class_list":{"0":"post-22465","1":"product","2":"type-product","3":"status-publish","4":"has-post-thumbnail","6":"product_cat-toppers","8":"first","9":"instock","10":"virtual","11":"purchasable","12":"product-type-simple"},"_links":{"self":[{"href":"https:\/\/some-store.projetsweb.net\/en\/wp-json\/wp\/v2\/product\/22465","targetHints":{"allow":["GET"]}}],"collection":[{"href":"https:\/\/some-store.projetsweb.net\/en\/wp-json\/wp\/v2\/product"}],"about":[{"href":"https:\/\/some-store.projetsweb.net\/en\/wp-json\/wp\/v2\/types\/product"}],"replies":[{"embeddable":true,"href":"https:\/\/some-store.projetsweb.net\/en\/wp-json\/wp\/v2\/comments?post=22465"}],"wp:featuredmedia":[{"embeddable":true,"href":"https:\/\/some-store.projetsweb.net\/en\/wp-json\/wp\/v2\/media\/22466"}],"wp:attachment":[{"href":"https:\/\/some-store.projetsweb.net\/en\/wp-json\/wp\/v2\/media?parent=22465"}],"wp:term":[{"taxonomy":"product_brand","embeddable":true,"href":"https:\/\/some-store.projetsweb.net\/en\/wp-json\/wp\/v2\/product_brand?post=22465"},{"taxonomy":"product_cat","embeddable":true,"href":"https:\/\/some-store.projetsweb.net\/en\/wp-json\/wp\/v2\/product_cat?post=22465"},{"taxonomy":"product_tag","embeddable":true,"href":"https:\/\/some-store.projetsweb.net\/en\/wp-json\/wp\/v2\/product_tag?post=22465"}],"curies":[{"name":"wp","href":"https:\/\/api.w.org\/{rel}","templated":true}]}}