{"id":22463,"date":"2026-03-25T16:36:47","date_gmt":"2026-03-25T16:36:47","guid":{"rendered":"https:\/\/some-store.projetsweb.net\/?post_type=product&#038;p=22463"},"modified":"2026-03-25T16:36:47","modified_gmt":"2026-03-25T16:36:47","slug":"topper-one-rose","status":"publish","type":"product","link":"https:\/\/some-store.projetsweb.net\/en\/shop\/le-store\/la-decoration\/toppers\/topper-one-rose\/","title":{"rendered":"Topper One rose"},"content":{"rendered":"","protected":false},"excerpt":{"rendered":"<p data-start=\"0\" data-end=\"120\">C\u00e9l\u00e9brez le tout premier anniversaire avec \u00e9l\u00e9gance gr\u00e2ce \u00e0 ce topper \u201cOne\u201d rose, parfait pour un g\u00e2teau m\u00e9morable<\/p>\n<ul data-start=\"122\" data-end=\"372\" data-is-last-node=\"\" data-is-only-node=\"\">\n<li data-section-id=\"7falup\" data-start=\"122\" data-end=\"145\">Topper g\u00e2teau \u201cOne\u201d<\/li>\n<li data-section-id=\"eabkmq\" data-start=\"146\" data-end=\"178\">Coloris rose clair<\/li>\n<li data-section-id=\"t6aebp\" data-start=\"179\" data-end=\"221\">Id\u00e9al pour d\u00e9corer g\u00e2teaux et desserts<\/li>\n<li data-section-id=\"abja8l\" data-start=\"222\" data-end=\"265\">Pic int\u00e9gr\u00e9 pour une utilisation facile<\/li>\n<li data-section-id=\"1xlt9ab\" data-start=\"267\" data-end=\"307\">Parfait pour un premier anniversaire<\/li>\n<li data-section-id=\"pd6vfq\" data-start=\"308\" data-end=\"372\" data-is-last-node=\"\">Apporte une touche \u00e9l\u00e9gante et festive \u00e0 votre d\u00e9coration<\/li>\n<\/ul>","protected":false},"featured_media":22464,"comment_status":"open","ping_status":"closed","template":"","meta":[],"product_brand":[],"product_cat":[267],"product_tag":[],"class_list":{"0":"post-22463","1":"product","2":"type-product","3":"status-publish","4":"has-post-thumbnail","6":"product_cat-toppers","8":"first","9":"instock","10":"virtual","11":"purchasable","12":"product-type-simple"},"_links":{"self":[{"href":"https:\/\/some-store.projetsweb.net\/en\/wp-json\/wp\/v2\/product\/22463","targetHints":{"allow":["GET"]}}],"collection":[{"href":"https:\/\/some-store.projetsweb.net\/en\/wp-json\/wp\/v2\/product"}],"about":[{"href":"https:\/\/some-store.projetsweb.net\/en\/wp-json\/wp\/v2\/types\/product"}],"replies":[{"embeddable":true,"href":"https:\/\/some-store.projetsweb.net\/en\/wp-json\/wp\/v2\/comments?post=22463"}],"wp:featuredmedia":[{"embeddable":true,"href":"https:\/\/some-store.projetsweb.net\/en\/wp-json\/wp\/v2\/media\/22464"}],"wp:attachment":[{"href":"https:\/\/some-store.projetsweb.net\/en\/wp-json\/wp\/v2\/media?parent=22463"}],"wp:term":[{"taxonomy":"product_brand","embeddable":true,"href":"https:\/\/some-store.projetsweb.net\/en\/wp-json\/wp\/v2\/product_brand?post=22463"},{"taxonomy":"product_cat","embeddable":true,"href":"https:\/\/some-store.projetsweb.net\/en\/wp-json\/wp\/v2\/product_cat?post=22463"},{"taxonomy":"product_tag","embeddable":true,"href":"https:\/\/some-store.projetsweb.net\/en\/wp-json\/wp\/v2\/product_tag?post=22463"}],"curies":[{"name":"wp","href":"https:\/\/api.w.org\/{rel}","templated":true}]}}