{"id":22448,"date":"2026-03-25T16:24:51","date_gmt":"2026-03-25T16:24:51","guid":{"rendered":"https:\/\/some-store.projetsweb.net\/?post_type=product&#038;p=22448"},"modified":"2026-03-26T09:23:48","modified_gmt":"2026-03-26T09:23:48","slug":"topper-oh-baby-bleu","status":"publish","type":"product","link":"https:\/\/some-store.projetsweb.net\/en\/shop\/le-store\/la-decoration\/toppers\/topper-oh-baby-bleu\/","title":{"rendered":"Topper Oh baby bleu"},"content":{"rendered":"","protected":false},"excerpt":{"rendered":"<p data-start=\"0\" data-end=\"116\">Ajoutez une touche \u00e9l\u00e9gante \u00e0 votre g\u00e2teau avec ce topper \u201cOh Baby\u201d bleu, parfait pour une baby shower ou gender reveal r\u00e9ussie !<\/p>\n<ul data-start=\"118\" data-end=\"379\" data-is-last-node=\"\" data-is-only-node=\"\">\n<li data-section-id=\"4zx6t6\" data-start=\"118\" data-end=\"145\">Topper g\u00e2teau \u201cOh Baby\u201d<\/li>\n<li data-section-id=\"6w0jsr\" data-start=\"146\" data-end=\"178\">Coloris bleu chic et moderne<\/li>\n<li data-section-id=\"t6aebp\" data-start=\"179\" data-end=\"221\">Id\u00e9al pour d\u00e9corer g\u00e2teaux et desserts<\/li>\n<li data-section-id=\"10pb0ok\" data-start=\"222\" data-end=\"268\">Facile \u00e0 planter gr\u00e2ce \u00e0 ses pics int\u00e9gr\u00e9s<\/li>\n<li data-section-id=\"10pb0ok\" data-start=\"222\" data-end=\"268\">Enlever les films plastiques des 2 cot\u00e9s avant utilisation<\/li>\n<li data-section-id=\"154gpao\" data-start=\"270\" data-end=\"311\">Parfait pour gender reveal , baby shower ou naissance<\/li>\n<li data-section-id=\"dvu3jc\" data-start=\"312\" data-end=\"379\" data-is-last-node=\"\">Apporte une finition d\u00e9licate et tendance \u00e0 votre d\u00e9coration<\/li>\n<li data-section-id=\"dvu3jc\" data-start=\"312\" data-end=\"379\" data-is-last-node=\"\">Dimension : 15 x 15 cm<\/li>\n<\/ul>","protected":false},"featured_media":22450,"comment_status":"open","ping_status":"closed","template":"","meta":[],"product_brand":[],"product_cat":[276,321,278,267],"product_tag":[],"class_list":{"0":"post-22448","1":"product","2":"type-product","3":"status-publish","4":"has-post-thumbnail","6":"product_cat-baby-shower","7":"product_cat-bapteme","8":"product_cat-gender-reveal","9":"product_cat-toppers","11":"first","12":"instock","13":"virtual","14":"purchasable","15":"product-type-simple"},"_links":{"self":[{"href":"https:\/\/some-store.projetsweb.net\/en\/wp-json\/wp\/v2\/product\/22448","targetHints":{"allow":["GET"]}}],"collection":[{"href":"https:\/\/some-store.projetsweb.net\/en\/wp-json\/wp\/v2\/product"}],"about":[{"href":"https:\/\/some-store.projetsweb.net\/en\/wp-json\/wp\/v2\/types\/product"}],"replies":[{"embeddable":true,"href":"https:\/\/some-store.projetsweb.net\/en\/wp-json\/wp\/v2\/comments?post=22448"}],"wp:featuredmedia":[{"embeddable":true,"href":"https:\/\/some-store.projetsweb.net\/en\/wp-json\/wp\/v2\/media\/22450"}],"wp:attachment":[{"href":"https:\/\/some-store.projetsweb.net\/en\/wp-json\/wp\/v2\/media?parent=22448"}],"wp:term":[{"taxonomy":"product_brand","embeddable":true,"href":"https:\/\/some-store.projetsweb.net\/en\/wp-json\/wp\/v2\/product_brand?post=22448"},{"taxonomy":"product_cat","embeddable":true,"href":"https:\/\/some-store.projetsweb.net\/en\/wp-json\/wp\/v2\/product_cat?post=22448"},{"taxonomy":"product_tag","embeddable":true,"href":"https:\/\/some-store.projetsweb.net\/en\/wp-json\/wp\/v2\/product_tag?post=22448"}],"curies":[{"name":"wp","href":"https:\/\/api.w.org\/{rel}","templated":true}]}}