{"id":22439,"date":"2026-03-25T16:06:28","date_gmt":"2026-03-25T16:06:28","guid":{"rendered":"https:\/\/some-store.projetsweb.net\/?post_type=product&#038;p=22439"},"modified":"2026-03-25T16:06:28","modified_gmt":"2026-03-25T16:06:28","slug":"boites-a-gouter-violet-metallise-x10","status":"publish","type":"product","link":"https:\/\/some-store.projetsweb.net\/en\/shop\/le-store\/la-table\/boite-a-gouter\/boites-a-gouter-violet-metallise-x10\/","title":{"rendered":"Boites \u00e0 gouter violet m\u00e9tallis\u00e9 x10"},"content":{"rendered":"","protected":false},"excerpt":{"rendered":"<p data-start=\"0\" data-end=\"127\">Ajoutez une touche magique et tendance \u00e0 vos f\u00eates avec cette bo\u00eete \u00e0 go\u00fbter violet m\u00e9tallis\u00e9 , parfaite pour surprendre vos invit\u00e9s.<\/p>\n<ul data-start=\"129\" data-end=\"435\" data-is-last-node=\"\" data-is-only-node=\"\">\n<li data-section-id=\"737sm9\" data-start=\"129\" data-end=\"166\">Bo\u00eete \u00e0 go\u00fbter violet m\u00e9tallis\u00e9<\/li>\n<li data-section-id=\"737sm9\" data-start=\"129\" data-end=\"166\">Lot de 10 boites<\/li>\n<li data-section-id=\"j4exca\" data-start=\"167\" data-end=\"214\">Finition brillante aux reflets multicolores<\/li>\n<li data-section-id=\"18agv98\" data-start=\"215\" data-end=\"260\">Poign\u00e9e int\u00e9gr\u00e9e pour un transport facile<\/li>\n<li data-section-id=\"57cbxf\" data-start=\"313\" data-end=\"375\">Parfaite pour anniversaires, baby shower ou f\u00eates festives<\/li>\n<li data-section-id=\"7wdcno\" data-start=\"376\" data-end=\"435\" data-is-last-node=\"\">Dimension : 16.5x9x8cm<\/li>\n<\/ul>","protected":false},"featured_media":22440,"comment_status":"open","ping_status":"closed","template":"","meta":[],"product_brand":[],"product_cat":[319],"product_tag":[],"class_list":{"0":"post-22439","1":"product","2":"type-product","3":"status-publish","4":"has-post-thumbnail","6":"product_cat-boite-a-gouter","8":"first","9":"instock","10":"virtual","11":"purchasable","12":"product-type-simple"},"_links":{"self":[{"href":"https:\/\/some-store.projetsweb.net\/en\/wp-json\/wp\/v2\/product\/22439","targetHints":{"allow":["GET"]}}],"collection":[{"href":"https:\/\/some-store.projetsweb.net\/en\/wp-json\/wp\/v2\/product"}],"about":[{"href":"https:\/\/some-store.projetsweb.net\/en\/wp-json\/wp\/v2\/types\/product"}],"replies":[{"embeddable":true,"href":"https:\/\/some-store.projetsweb.net\/en\/wp-json\/wp\/v2\/comments?post=22439"}],"wp:featuredmedia":[{"embeddable":true,"href":"https:\/\/some-store.projetsweb.net\/en\/wp-json\/wp\/v2\/media\/22440"}],"wp:attachment":[{"href":"https:\/\/some-store.projetsweb.net\/en\/wp-json\/wp\/v2\/media?parent=22439"}],"wp:term":[{"taxonomy":"product_brand","embeddable":true,"href":"https:\/\/some-store.projetsweb.net\/en\/wp-json\/wp\/v2\/product_brand?post=22439"},{"taxonomy":"product_cat","embeddable":true,"href":"https:\/\/some-store.projetsweb.net\/en\/wp-json\/wp\/v2\/product_cat?post=22439"},{"taxonomy":"product_tag","embeddable":true,"href":"https:\/\/some-store.projetsweb.net\/en\/wp-json\/wp\/v2\/product_tag?post=22439"}],"curies":[{"name":"wp","href":"https:\/\/api.w.org\/{rel}","templated":true}]}}