{"id":22434,"date":"2026-03-25T15:49:31","date_gmt":"2026-03-25T15:49:31","guid":{"rendered":"https:\/\/some-store.projetsweb.net\/?post_type=product&#038;p=22434"},"modified":"2026-03-25T15:49:31","modified_gmt":"2026-03-25T15:49:31","slug":"sacs-cadeaux-kraft-x10","status":"publish","type":"product","link":"https:\/\/some-store.projetsweb.net\/en\/shop\/le-store\/les-cadeaux-de-retour\/sacs-cadeaux\/sacs-cadeaux-kraft-x10\/","title":{"rendered":"Sacs cadeaux kraft x10"},"content":{"rendered":"","protected":false},"excerpt":{"rendered":"<p data-start=\"0\" data-end=\"109\">Offrez vos cadeaux avec style gr\u00e2ce \u00e0 ces sacs cadeaux kraft, pratiques et \u00e9l\u00e9gants pour toutes les occasions .<\/p>\n<ul data-start=\"111\" data-end=\"375\" data-is-last-node=\"\" data-is-only-node=\"\">\n<li data-section-id=\"19yccjg\" data-start=\"111\" data-end=\"138\">Sac cadeau coloris kraft<\/li>\n<li data-section-id=\"1s6d6hr\" data-start=\"139\" data-end=\"171\">Dimensions : 21 x 12 x 33 cm<\/li>\n<li data-section-id=\"14gt619\" data-start=\"172\" data-end=\"218\">Anses r\u00e9sistantes pour un transport facile<\/li>\n<li data-section-id=\"phz6ko\" data-start=\"219\" data-end=\"265\">Format id\u00e9al pour petits et moyens cadeaux<\/li>\n<li data-section-id=\"qkqi9n\" data-start=\"267\" data-end=\"318\">Parfait pour anniversaires, f\u00eates ou \u00e9v\u00e9nements<\/li>\n<li data-section-id=\"1mkoprw\" data-start=\"319\" data-end=\"375\" data-is-last-node=\"\">A personnaliser \u00e0 souhait<\/li>\n<\/ul>","protected":false},"featured_media":22435,"comment_status":"open","ping_status":"closed","template":"","meta":[],"product_brand":[],"product_cat":[265],"product_tag":[],"class_list":{"0":"post-22434","1":"product","2":"type-product","3":"status-publish","4":"has-post-thumbnail","6":"product_cat-sacs-cadeaux","8":"first","9":"instock","10":"virtual","11":"purchasable","12":"product-type-simple"},"_links":{"self":[{"href":"https:\/\/some-store.projetsweb.net\/en\/wp-json\/wp\/v2\/product\/22434","targetHints":{"allow":["GET"]}}],"collection":[{"href":"https:\/\/some-store.projetsweb.net\/en\/wp-json\/wp\/v2\/product"}],"about":[{"href":"https:\/\/some-store.projetsweb.net\/en\/wp-json\/wp\/v2\/types\/product"}],"replies":[{"embeddable":true,"href":"https:\/\/some-store.projetsweb.net\/en\/wp-json\/wp\/v2\/comments?post=22434"}],"wp:featuredmedia":[{"embeddable":true,"href":"https:\/\/some-store.projetsweb.net\/en\/wp-json\/wp\/v2\/media\/22435"}],"wp:attachment":[{"href":"https:\/\/some-store.projetsweb.net\/en\/wp-json\/wp\/v2\/media?parent=22434"}],"wp:term":[{"taxonomy":"product_brand","embeddable":true,"href":"https:\/\/some-store.projetsweb.net\/en\/wp-json\/wp\/v2\/product_brand?post=22434"},{"taxonomy":"product_cat","embeddable":true,"href":"https:\/\/some-store.projetsweb.net\/en\/wp-json\/wp\/v2\/product_cat?post=22434"},{"taxonomy":"product_tag","embeddable":true,"href":"https:\/\/some-store.projetsweb.net\/en\/wp-json\/wp\/v2\/product_tag?post=22434"}],"curies":[{"name":"wp","href":"https:\/\/api.w.org\/{rel}","templated":true}]}}