{"id":22399,"date":"2026-03-25T15:03:59","date_gmt":"2026-03-25T15:03:59","guid":{"rendered":"https:\/\/some-store.projetsweb.net\/?post_type=product&#038;p=22399"},"modified":"2026-04-17T11:54:31","modified_gmt":"2026-04-17T11:54:31","slug":"presentoir-bleu-a-bords-dores","status":"publish","type":"product","link":"https:\/\/some-store.projetsweb.net\/en\/shop\/themes-occasions\/anniversaires\/par-themes\/mix-match\/presentoir-bleu-a-bords-dores\/","title":{"rendered":"Pr\u00e9sentoir bleu \u00e0 bords dor\u00e9s"},"content":{"rendered":"","protected":false},"excerpt":{"rendered":"<p data-start=\"0\" data-end=\"125\">Apportez une touche douce et \u00e9l\u00e9gante \u00e0 votre table avec ce pr\u00e9sentoir \u00e0 cupcakes bleu, parfait pour toutes vos f\u00eates.<\/p>\n<ul data-start=\"127\" data-end=\"424\" data-is-only-node=\"\" data-is-last-node=\"\">\n<li data-section-id=\"u7eh0l\" data-start=\"127\" data-end=\"165\">Pr\u00e9sentoir \u00e0 cupcakes 3 niveaux<\/li>\n<li data-section-id=\"mcuk1y\" data-start=\"166\" data-end=\"209\">Design bleu avec bords festonn\u00e9s<\/li>\n<li data-section-id=\"c01wgy\" data-start=\"210\" data-end=\"254\">Id\u00e9al pour g\u00e2teaux, cupcakes ou douceurs<\/li>\n<li data-section-id=\"127hzoa\" data-start=\"255\" data-end=\"306\">Parfait pour anniversaires ou baby shower<\/li>\n<li data-section-id=\"buk4b5\" data-start=\"307\" data-end=\"332\">Style chic et d\u00e9licat<\/li>\n<li data-section-id=\"60x8v2\" data-start=\"334\" data-end=\"372\">Montage facile et structure stable<\/li>\n<li data-section-id=\"99y9tg\" data-start=\"373\" data-end=\"424\" data-is-last-node=\"\">Id\u00e9al pour sublimer votre d\u00e9coration de table<\/li>\n<li data-section-id=\"99y9tg\" data-start=\"373\" data-end=\"424\" data-is-last-node=\"\">Dimensions : 29 x 21.5 x 16 cm<\/li>\n<\/ul>","protected":false},"featured_media":24101,"comment_status":"open","ping_status":"closed","template":"","meta":[],"product_brand":[],"product_cat":[276,321,278,327,255],"product_tag":[],"class_list":{"0":"post-22399","1":"product","2":"type-product","3":"status-publish","4":"has-post-thumbnail","6":"product_cat-baby-shower","7":"product_cat-bapteme","8":"product_cat-gender-reveal","9":"product_cat-mix-match","10":"product_cat-presentoires","12":"first","13":"instock","14":"virtual","15":"purchasable","16":"product-type-simple"},"_links":{"self":[{"href":"https:\/\/some-store.projetsweb.net\/en\/wp-json\/wp\/v2\/product\/22399","targetHints":{"allow":["GET"]}}],"collection":[{"href":"https:\/\/some-store.projetsweb.net\/en\/wp-json\/wp\/v2\/product"}],"about":[{"href":"https:\/\/some-store.projetsweb.net\/en\/wp-json\/wp\/v2\/types\/product"}],"replies":[{"embeddable":true,"href":"https:\/\/some-store.projetsweb.net\/en\/wp-json\/wp\/v2\/comments?post=22399"}],"wp:featuredmedia":[{"embeddable":true,"href":"https:\/\/some-store.projetsweb.net\/en\/wp-json\/wp\/v2\/media\/24101"}],"wp:attachment":[{"href":"https:\/\/some-store.projetsweb.net\/en\/wp-json\/wp\/v2\/media?parent=22399"}],"wp:term":[{"taxonomy":"product_brand","embeddable":true,"href":"https:\/\/some-store.projetsweb.net\/en\/wp-json\/wp\/v2\/product_brand?post=22399"},{"taxonomy":"product_cat","embeddable":true,"href":"https:\/\/some-store.projetsweb.net\/en\/wp-json\/wp\/v2\/product_cat?post=22399"},{"taxonomy":"product_tag","embeddable":true,"href":"https:\/\/some-store.projetsweb.net\/en\/wp-json\/wp\/v2\/product_tag?post=22399"}],"curies":[{"name":"wp","href":"https:\/\/api.w.org\/{rel}","templated":true}]}}