{"id":22391,"date":"2026-03-25T14:53:56","date_gmt":"2026-03-25T14:53:56","guid":{"rendered":"https:\/\/some-store.projetsweb.net\/?post_type=product&#038;p=22391"},"modified":"2026-03-25T14:53:56","modified_gmt":"2026-03-25T14:53:56","slug":"canon-a-poudre-bleu","status":"publish","type":"product","link":"https:\/\/some-store.projetsweb.net\/en\/shop\/themes-occasions\/gender-reveal\/canon-a-poudre-bleu\/","title":{"rendered":"Canon \u00e0 poudre bleu"},"content":{"rendered":"","protected":false},"excerpt":{"rendered":"<p data-start=\"0\" data-end=\"135\">Cr\u00e9ez un moment spectaculaire avec ces canons \u00e0 poudre gender reveal, parfaits pour une annonce pleine d\u2019\u00e9motion et de surprise !<\/p>\n<ul data-start=\"137\" data-end=\"484\" data-is-only-node=\"\" data-is-last-node=\"\">\n<li data-section-id=\"1ic7vga\" data-start=\"137\" data-end=\"175\">Canons \u00e0 confettis \u201cGender Reveal\u201d<\/li>\n<li data-section-id=\"8pfcrc\" data-start=\"176\" data-end=\"227\">Poudre bleue<\/li>\n<li data-section-id=\"1pgfomf\" data-start=\"228\" data-end=\"269\">Id\u00e9al pour r\u00e9v\u00e9lation du sexe du b\u00e9b\u00e9<\/li>\n<li data-section-id=\"1tcqdxa\" data-start=\"270\" data-end=\"316\">Faciles \u00e0 utiliser avec syst\u00e8me \u00e0 rotation<\/li>\n<li data-section-id=\"1px34ui\" data-start=\"317\" data-end=\"370\">Effet visuel impressionnant pour photos et vid\u00e9os<\/li>\n<li data-section-id=\"dgbe56\" data-start=\"372\" data-end=\"418\">Parfaits pour baby shower ou gender reveal<\/li>\n<li data-section-id=\"1hcric5\" data-start=\"419\" data-end=\"484\" data-is-last-node=\"\">Apportent une touche magique et m\u00e9morable \u00e0 votre \u00e9v\u00e9nement<\/li>\n<\/ul>","protected":false},"featured_media":22392,"comment_status":"open","ping_status":"closed","template":"","meta":[],"product_brand":[],"product_cat":[278],"product_tag":[],"class_list":{"0":"post-22391","1":"product","2":"type-product","3":"status-publish","4":"has-post-thumbnail","6":"product_cat-gender-reveal","8":"first","9":"instock","10":"virtual","11":"purchasable","12":"product-type-simple"},"_links":{"self":[{"href":"https:\/\/some-store.projetsweb.net\/en\/wp-json\/wp\/v2\/product\/22391","targetHints":{"allow":["GET"]}}],"collection":[{"href":"https:\/\/some-store.projetsweb.net\/en\/wp-json\/wp\/v2\/product"}],"about":[{"href":"https:\/\/some-store.projetsweb.net\/en\/wp-json\/wp\/v2\/types\/product"}],"replies":[{"embeddable":true,"href":"https:\/\/some-store.projetsweb.net\/en\/wp-json\/wp\/v2\/comments?post=22391"}],"wp:featuredmedia":[{"embeddable":true,"href":"https:\/\/some-store.projetsweb.net\/en\/wp-json\/wp\/v2\/media\/22392"}],"wp:attachment":[{"href":"https:\/\/some-store.projetsweb.net\/en\/wp-json\/wp\/v2\/media?parent=22391"}],"wp:term":[{"taxonomy":"product_brand","embeddable":true,"href":"https:\/\/some-store.projetsweb.net\/en\/wp-json\/wp\/v2\/product_brand?post=22391"},{"taxonomy":"product_cat","embeddable":true,"href":"https:\/\/some-store.projetsweb.net\/en\/wp-json\/wp\/v2\/product_cat?post=22391"},{"taxonomy":"product_tag","embeddable":true,"href":"https:\/\/some-store.projetsweb.net\/en\/wp-json\/wp\/v2\/product_tag?post=22391"}],"curies":[{"name":"wp","href":"https:\/\/api.w.org\/{rel}","templated":true}]}}