{"id":22385,"date":"2026-03-25T14:42:25","date_gmt":"2026-03-25T14:42:25","guid":{"rendered":"https:\/\/some-store.projetsweb.net\/?post_type=product&#038;p=22385"},"modified":"2026-03-25T14:42:25","modified_gmt":"2026-03-25T14:42:25","slug":"assiettes-boy-or-girl-x16","status":"publish","type":"product","link":"https:\/\/some-store.projetsweb.net\/en\/shop\/le-store\/la-table\/assiettes\/assiettes-boy-or-girl-x16\/","title":{"rendered":"Assiettes Boy or Girl? x16"},"content":{"rendered":"","protected":false},"excerpt":{"rendered":"<p data-start=\"0\" data-end=\"134\">Apportez une touche \u00e9l\u00e9gante \u00e0 votre table avec ces assiettes gender reveal, parfaites pour c\u00e9l\u00e9brer une annonce pleine d\u2019\u00e9motion .<\/p>\n<ul data-start=\"136\" data-end=\"464\" data-is-last-node=\"\" data-is-only-node=\"\">\n<li data-section-id=\"vnhq88\" data-start=\"136\" data-end=\"170\">Assiettes th\u00e8me \u201cBoy or Girl?\u201d<\/li>\n<li data-section-id=\"vnhq88\" data-start=\"136\" data-end=\"170\">Lot de 16 assiettes<\/li>\n<li data-section-id=\"1rw34ua\" data-start=\"171\" data-end=\"213\">Design rose et bleu avec d\u00e9tails dor\u00e9s<\/li>\n<li data-section-id=\"16ibqxb\" data-start=\"214\" data-end=\"259\">Id\u00e9ales pour baby shower ou gender reveal<\/li>\n<li data-section-id=\"bcnxv2\" data-start=\"260\" data-end=\"313\">Parfaites pour servir g\u00e2teaux, snacks ou desserts<\/li>\n<li data-section-id=\"175sg4z\" data-start=\"314\" data-end=\"349\">Jetables pour un usage pratique<\/li>\n<\/ul>","protected":false},"featured_media":22386,"comment_status":"open","ping_status":"closed","template":"","meta":[],"product_brand":[],"product_cat":[248,278],"product_tag":[],"class_list":{"0":"post-22385","1":"product","2":"type-product","3":"status-publish","4":"has-post-thumbnail","6":"product_cat-assiettes","7":"product_cat-gender-reveal","9":"first","10":"instock","11":"virtual","12":"purchasable","13":"product-type-simple"},"_links":{"self":[{"href":"https:\/\/some-store.projetsweb.net\/en\/wp-json\/wp\/v2\/product\/22385","targetHints":{"allow":["GET"]}}],"collection":[{"href":"https:\/\/some-store.projetsweb.net\/en\/wp-json\/wp\/v2\/product"}],"about":[{"href":"https:\/\/some-store.projetsweb.net\/en\/wp-json\/wp\/v2\/types\/product"}],"replies":[{"embeddable":true,"href":"https:\/\/some-store.projetsweb.net\/en\/wp-json\/wp\/v2\/comments?post=22385"}],"wp:featuredmedia":[{"embeddable":true,"href":"https:\/\/some-store.projetsweb.net\/en\/wp-json\/wp\/v2\/media\/22386"}],"wp:attachment":[{"href":"https:\/\/some-store.projetsweb.net\/en\/wp-json\/wp\/v2\/media?parent=22385"}],"wp:term":[{"taxonomy":"product_brand","embeddable":true,"href":"https:\/\/some-store.projetsweb.net\/en\/wp-json\/wp\/v2\/product_brand?post=22385"},{"taxonomy":"product_cat","embeddable":true,"href":"https:\/\/some-store.projetsweb.net\/en\/wp-json\/wp\/v2\/product_cat?post=22385"},{"taxonomy":"product_tag","embeddable":true,"href":"https:\/\/some-store.projetsweb.net\/en\/wp-json\/wp\/v2\/product_tag?post=22385"}],"curies":[{"name":"wp","href":"https:\/\/api.w.org\/{rel}","templated":true}]}}