{"id":22375,"date":"2026-03-25T14:18:55","date_gmt":"2026-03-25T14:18:55","guid":{"rendered":"https:\/\/some-store.projetsweb.net\/?post_type=product&#038;p=22375"},"modified":"2026-04-13T11:39:58","modified_gmt":"2026-04-13T11:39:58","slug":"pinata-papillon","status":"publish","type":"product","link":"https:\/\/some-store.projetsweb.net\/en\/shop\/themes-occasions\/anniversaires\/par-themes\/papillons\/pinata-papillon\/","title":{"rendered":"Pinata papillon"},"content":{"rendered":"","protected":false},"excerpt":{"rendered":"<section class=\"text-token-text-primary w-full focus:outline-none [--shadow-height:45px] has-data-writing-block:pointer-events-none has-data-writing-block:-mt-(--shadow-height) has-data-writing-block:pt-(--shadow-height) [&amp;:has([data-writing-block])&gt;*]:pointer-events-auto scroll-mt-(--header-height)\" dir=\"auto\" data-turn-id=\"8d9f4971-f2b6-4db3-a6e7-4274cb84e08b\" data-testid=\"conversation-turn-133\" data-scroll-anchor=\"false\" data-turn=\"user\"><\/section>\n<section class=\"text-token-text-primary w-full focus:outline-none [--shadow-height:45px] has-data-writing-block:pointer-events-none has-data-writing-block:-mt-(--shadow-height) has-data-writing-block:pt-(--shadow-height) [&amp;:has([data-writing-block])&gt;*]:pointer-events-auto scroll-mt-[calc(var(--header-height)+min(200px,max(70px,20svh)))]\" dir=\"auto\" data-turn-id=\"request-69c27ede-0dac-8325-989f-6b6eafc1fcdf-54\" data-testid=\"conversation-turn-134\" data-scroll-anchor=\"true\" data-turn=\"assistant\">\n<div class=\"text-base my-auto mx-auto pb-10 [--thread-content-margin:var(--thread-content-margin-xs,calc(var(--spacing)*4))] @w-sm\/main:[--thread-content-margin:var(--thread-content-margin-sm,calc(var(--spacing)*6))] @w-lg\/main:[--thread-content-margin:var(--thread-content-margin-lg,calc(var(--spacing)*16))] px-(--thread-content-margin)\">\n<div class=\"[--thread-content-max-width:40rem] @w-lg\/main:[--thread-content-max-width:48rem] mx-auto max-w-(--thread-content-max-width) flex-1 group\/turn-messages focus-visible:outline-hidden relative flex w-full min-w-0 flex-col agent-turn\">\n<div class=\"flex max-w-full flex-col gap-4 grow\">\n<div class=\"min-h-8 text-message relative flex w-full flex-col items-end gap-2 text-start break-words whitespace-normal outline-none keyboard-focused:focus-ring [.text-message+&amp;]:mt-1\" dir=\"auto\" tabindex=\"0\" data-message-author-role=\"assistant\" data-message-id=\"e49652fa-2640-4511-bdd5-acbaf904f710\" data-message-model-slug=\"gpt-5-3\" data-turn-start-message=\"true\">\n<div class=\"flex w-full flex-col gap-1 empty:hidden\">\n<div class=\"markdown prose dark:prose-invert w-full wrap-break-word light markdown-new-styling\">\n<p data-start=\"0\" data-end=\"114\">Ajoutez une touche color\u00e9e et po\u00e9tique \u00e0 votre f\u00eate avec cette pinata papillon, pleine de douceur et de fantaisie.<\/p>\n<ul data-start=\"116\" data-end=\"435\" data-is-last-node=\"\" data-is-only-node=\"\">\n<li data-section-id=\"f3n3vo\" data-start=\"116\" data-end=\"144\">Pinata forme papillon<\/li>\n<li data-section-id=\"1k5v3d7\" data-start=\"192\" data-end=\"222\">Couleurs vives et joyeuses<\/li>\n<li data-section-id=\"1u746yh\" data-start=\"223\" data-end=\"268\">\u00c0 remplir de bonbons, jouets ou surprises<\/li>\n<li data-section-id=\"1i8p1k5\" data-start=\"269\" data-end=\"333\">Id\u00e9ale pour anniversaires, baby shower ou f\u00eates printani\u00e8res<\/li>\n<li data-section-id=\"1ng1snc\" data-start=\"335\" data-end=\"380\">Rubans color\u00e9s non inclus<\/li>\n<li data-section-id=\"s5r3q6\" data-start=\"381\" data-end=\"435\" data-is-last-node=\"\">B\u00e2ton et bandeau inclus<\/li>\n<li data-section-id=\"s5r3q6\" data-start=\"381\" data-end=\"435\" data-is-last-node=\"\">Dimensions : 33 x 42 x 7.5 cm<\/li>\n<\/ul>\n<\/div>\n<\/div>\n<\/div>\n<\/div>\n<\/div>\n<\/div>\n<\/section>\n","protected":false},"featured_media":23006,"comment_status":"open","ping_status":"closed","template":"","meta":[],"product_brand":[],"product_cat":[293,264],"product_tag":[],"class_list":{"0":"post-22375","1":"product","2":"type-product","3":"status-publish","4":"has-post-thumbnail","6":"product_cat-papillons","7":"product_cat-pinatas","9":"first","10":"instock","11":"virtual","12":"purchasable","13":"product-type-simple"},"_links":{"self":[{"href":"https:\/\/some-store.projetsweb.net\/en\/wp-json\/wp\/v2\/product\/22375","targetHints":{"allow":["GET"]}}],"collection":[{"href":"https:\/\/some-store.projetsweb.net\/en\/wp-json\/wp\/v2\/product"}],"about":[{"href":"https:\/\/some-store.projetsweb.net\/en\/wp-json\/wp\/v2\/types\/product"}],"replies":[{"embeddable":true,"href":"https:\/\/some-store.projetsweb.net\/en\/wp-json\/wp\/v2\/comments?post=22375"}],"wp:featuredmedia":[{"embeddable":true,"href":"https:\/\/some-store.projetsweb.net\/en\/wp-json\/wp\/v2\/media\/23006"}],"wp:attachment":[{"href":"https:\/\/some-store.projetsweb.net\/en\/wp-json\/wp\/v2\/media?parent=22375"}],"wp:term":[{"taxonomy":"product_brand","embeddable":true,"href":"https:\/\/some-store.projetsweb.net\/en\/wp-json\/wp\/v2\/product_brand?post=22375"},{"taxonomy":"product_cat","embeddable":true,"href":"https:\/\/some-store.projetsweb.net\/en\/wp-json\/wp\/v2\/product_cat?post=22375"},{"taxonomy":"product_tag","embeddable":true,"href":"https:\/\/some-store.projetsweb.net\/en\/wp-json\/wp\/v2\/product_tag?post=22375"}],"curies":[{"name":"wp","href":"https:\/\/api.w.org\/{rel}","templated":true}]}}