{"id":22367,"date":"2026-03-25T14:03:14","date_gmt":"2026-03-25T14:03:14","guid":{"rendered":"https:\/\/some-store.projetsweb.net\/?post_type=product&#038;p=22367"},"modified":"2026-04-13T11:47:14","modified_gmt":"2026-04-13T11:47:14","slug":"pinata-fleur","status":"publish","type":"product","link":"https:\/\/some-store.projetsweb.net\/en\/shop\/themes-occasions\/anniversaires\/par-themes\/fleurs\/pinata-fleur\/","title":{"rendered":"Pinata fleur"},"content":{"rendered":"","protected":false},"excerpt":{"rendered":"<p data-start=\"0\" data-end=\"121\">Apportez une touche douce et po\u00e9tique \u00e0 votre f\u00eate avec cette pinata fleur, id\u00e9ale pour une ambiance d\u00e9licate et joyeuse.<\/p>\n<ul data-start=\"123\" data-end=\"435\" data-is-last-node=\"\" data-is-only-node=\"\">\n<li data-section-id=\"1umem50\" data-start=\"123\" data-end=\"148\">Pinata forme fleur<\/li>\n<li data-section-id=\"o4fq97\" data-start=\"149\" data-end=\"180\">Coloris rose pastel \u00e9l\u00e9gant<\/li>\n<li data-section-id=\"1l13qyf\" data-start=\"181\" data-end=\"210\">Design simple et tendance<\/li>\n<li data-section-id=\"r5x452\" data-start=\"211\" data-end=\"263\">\u00c0 remplir de bonbons, petits jouets ou surprises<\/li>\n<li data-section-id=\"10t185x\" data-start=\"264\" data-end=\"330\">Parfaite pour anniversaires, baby shower ou f\u00eates printani\u00e8res<\/li>\n<li data-section-id=\"1ng1snc\" data-start=\"332\" data-end=\"377\">Dimensions : 45 x 45 x9.5 cm<\/li>\n<\/ul>","protected":false},"featured_media":23009,"comment_status":"open","ping_status":"closed","template":"","meta":[],"product_brand":[],"product_cat":[290,264],"product_tag":[],"class_list":{"0":"post-22367","1":"product","2":"type-product","3":"status-publish","4":"has-post-thumbnail","6":"product_cat-fleurs","7":"product_cat-pinatas","9":"first","10":"instock","11":"virtual","12":"purchasable","13":"product-type-simple"},"_links":{"self":[{"href":"https:\/\/some-store.projetsweb.net\/en\/wp-json\/wp\/v2\/product\/22367","targetHints":{"allow":["GET"]}}],"collection":[{"href":"https:\/\/some-store.projetsweb.net\/en\/wp-json\/wp\/v2\/product"}],"about":[{"href":"https:\/\/some-store.projetsweb.net\/en\/wp-json\/wp\/v2\/types\/product"}],"replies":[{"embeddable":true,"href":"https:\/\/some-store.projetsweb.net\/en\/wp-json\/wp\/v2\/comments?post=22367"}],"wp:featuredmedia":[{"embeddable":true,"href":"https:\/\/some-store.projetsweb.net\/en\/wp-json\/wp\/v2\/media\/23009"}],"wp:attachment":[{"href":"https:\/\/some-store.projetsweb.net\/en\/wp-json\/wp\/v2\/media?parent=22367"}],"wp:term":[{"taxonomy":"product_brand","embeddable":true,"href":"https:\/\/some-store.projetsweb.net\/en\/wp-json\/wp\/v2\/product_brand?post=22367"},{"taxonomy":"product_cat","embeddable":true,"href":"https:\/\/some-store.projetsweb.net\/en\/wp-json\/wp\/v2\/product_cat?post=22367"},{"taxonomy":"product_tag","embeddable":true,"href":"https:\/\/some-store.projetsweb.net\/en\/wp-json\/wp\/v2\/product_tag?post=22367"}],"curies":[{"name":"wp","href":"https:\/\/api.w.org\/{rel}","templated":true}]}}