{"id":22365,"date":"2026-03-25T14:00:25","date_gmt":"2026-03-25T14:00:25","guid":{"rendered":"https:\/\/some-store.projetsweb.net\/?post_type=product&#038;p=22365"},"modified":"2026-04-13T11:50:20","modified_gmt":"2026-04-13T11:50:20","slug":"pinata-fusee","status":"publish","type":"product","link":"https:\/\/some-store.projetsweb.net\/en\/shop\/themes-occasions\/anniversaires\/par-themes\/astronaute\/pinata-fusee\/","title":{"rendered":"Pinata fus\u00e9e"},"content":{"rendered":"","protected":false},"excerpt":{"rendered":"<p data-start=\"0\" data-end=\"104\">Faites d\u00e9coller la f\u00eate avec cette pinata fus\u00e9e, parfaite pour un anniversaire sur le th\u00e8me de l\u2019espace.<\/p>\n<ul data-start=\"106\" data-end=\"422\" data-is-last-node=\"\" data-is-only-node=\"\">\n<li data-section-id=\"1rithbd\" data-start=\"106\" data-end=\"131\">Pinata forme fus\u00e9e<\/li>\n<li data-section-id=\"1e79rnb\" data-start=\"132\" data-end=\"171\">Design color\u00e9 avec d\u00e9tails ludiques<\/li>\n<li data-section-id=\"mrbsb4\" data-start=\"172\" data-end=\"219\">Id\u00e9ale pour f\u00eates th\u00e8me astronaute \/ espace<\/li>\n<li data-section-id=\"r5x452\" data-start=\"220\" data-end=\"272\">\u00c0 remplir de bonbons, petits jouets ou surprises<\/li>\n<li data-section-id=\"1e0b08v\" data-start=\"273\" data-end=\"326\">Activit\u00e9 amusante et interactive pour les enfants<\/li>\n<li data-section-id=\"12bjcme\" data-start=\"374\" data-end=\"422\" data-is-last-node=\"\">Dimensions : 45 x 23 x9.5 cm<\/li>\n<\/ul>","protected":false},"featured_media":23010,"comment_status":"open","ping_status":"closed","template":"","meta":[],"product_brand":[],"product_cat":[282,264],"product_tag":[],"class_list":{"0":"post-22365","1":"product","2":"type-product","3":"status-publish","4":"has-post-thumbnail","6":"product_cat-astronaute","7":"product_cat-pinatas","9":"first","10":"instock","11":"virtual","12":"purchasable","13":"product-type-simple"},"_links":{"self":[{"href":"https:\/\/some-store.projetsweb.net\/en\/wp-json\/wp\/v2\/product\/22365","targetHints":{"allow":["GET"]}}],"collection":[{"href":"https:\/\/some-store.projetsweb.net\/en\/wp-json\/wp\/v2\/product"}],"about":[{"href":"https:\/\/some-store.projetsweb.net\/en\/wp-json\/wp\/v2\/types\/product"}],"replies":[{"embeddable":true,"href":"https:\/\/some-store.projetsweb.net\/en\/wp-json\/wp\/v2\/comments?post=22365"}],"wp:featuredmedia":[{"embeddable":true,"href":"https:\/\/some-store.projetsweb.net\/en\/wp-json\/wp\/v2\/media\/23010"}],"wp:attachment":[{"href":"https:\/\/some-store.projetsweb.net\/en\/wp-json\/wp\/v2\/media?parent=22365"}],"wp:term":[{"taxonomy":"product_brand","embeddable":true,"href":"https:\/\/some-store.projetsweb.net\/en\/wp-json\/wp\/v2\/product_brand?post=22365"},{"taxonomy":"product_cat","embeddable":true,"href":"https:\/\/some-store.projetsweb.net\/en\/wp-json\/wp\/v2\/product_cat?post=22365"},{"taxonomy":"product_tag","embeddable":true,"href":"https:\/\/some-store.projetsweb.net\/en\/wp-json\/wp\/v2\/product_tag?post=22365"}],"curies":[{"name":"wp","href":"https:\/\/api.w.org\/{rel}","templated":true}]}}