{"id":22363,"date":"2026-03-25T13:54:44","date_gmt":"2026-03-25T13:54:44","guid":{"rendered":"https:\/\/some-store.projetsweb.net\/?post_type=product&#038;p=22363"},"modified":"2026-04-13T11:55:09","modified_gmt":"2026-04-13T11:55:09","slug":"pinata-chateau-de-princesse-rose","status":"publish","type":"product","link":"https:\/\/some-store.projetsweb.net\/en\/shop\/themes-occasions\/anniversaires\/par-themes\/princesse\/pinata-chateau-de-princesse-rose\/","title":{"rendered":"Pinata ch\u00e2teau de princesse rose"},"content":{"rendered":"","protected":false},"excerpt":{"rendered":"<p data-start=\"0\" data-end=\"112\">Cr\u00e9ez un moment magique avec cette pinata ch\u00e2teau de princesse grand format, parfaite pour une f\u00eate inoubliable.<\/p>\n<ul data-start=\"114\" data-end=\"462\" data-is-last-node=\"\" data-is-only-node=\"\">\n<li data-section-id=\"132qmzl\" data-start=\"114\" data-end=\"147\">Pinata ch\u00e2teau princesse<\/li>\n<li data-section-id=\"yz2eb0\" data-start=\"148\" data-end=\"202\">Design \u00e9l\u00e9gant rose et dor\u00e9 avec d\u00e9tails paillet\u00e9s<\/li>\n<li data-section-id=\"3z2akq\" data-start=\"203\" data-end=\"247\">Grand format pour un effet \u201cwow\u201d garanti<\/li>\n<li data-section-id=\"1u746yh\" data-start=\"248\" data-end=\"293\">\u00c0 remplir de bonbons, jouets ou surprises<\/li>\n<li data-section-id=\"1ohwldb\" data-start=\"344\" data-end=\"404\">Livr\u00e9e avec b\u00e2ton et masque pour jouer en toute s\u00e9curit\u00e9<\/li>\n<li data-section-id=\"zl5y2e\" data-start=\"405\" data-end=\"462\" data-is-last-node=\"\">Activit\u00e9 ludique et incontournable pour les enfants<\/li>\n<li data-section-id=\"zl5y2e\" data-start=\"405\" data-end=\"462\" data-is-last-node=\"\">Dimensions : 42 x 30 x7.6 cm<\/li>\n<\/ul>","protected":false},"featured_media":22364,"comment_status":"open","ping_status":"closed","template":"","meta":[],"product_brand":[],"product_cat":[264,294],"product_tag":[],"class_list":{"0":"post-22363","1":"product","2":"type-product","3":"status-publish","4":"has-post-thumbnail","6":"product_cat-pinatas","7":"product_cat-princesse","9":"first","10":"instock","11":"virtual","12":"purchasable","13":"product-type-simple"},"_links":{"self":[{"href":"https:\/\/some-store.projetsweb.net\/en\/wp-json\/wp\/v2\/product\/22363","targetHints":{"allow":["GET"]}}],"collection":[{"href":"https:\/\/some-store.projetsweb.net\/en\/wp-json\/wp\/v2\/product"}],"about":[{"href":"https:\/\/some-store.projetsweb.net\/en\/wp-json\/wp\/v2\/types\/product"}],"replies":[{"embeddable":true,"href":"https:\/\/some-store.projetsweb.net\/en\/wp-json\/wp\/v2\/comments?post=22363"}],"wp:featuredmedia":[{"embeddable":true,"href":"https:\/\/some-store.projetsweb.net\/en\/wp-json\/wp\/v2\/media\/22364"}],"wp:attachment":[{"href":"https:\/\/some-store.projetsweb.net\/en\/wp-json\/wp\/v2\/media?parent=22363"}],"wp:term":[{"taxonomy":"product_brand","embeddable":true,"href":"https:\/\/some-store.projetsweb.net\/en\/wp-json\/wp\/v2\/product_brand?post=22363"},{"taxonomy":"product_cat","embeddable":true,"href":"https:\/\/some-store.projetsweb.net\/en\/wp-json\/wp\/v2\/product_cat?post=22363"},{"taxonomy":"product_tag","embeddable":true,"href":"https:\/\/some-store.projetsweb.net\/en\/wp-json\/wp\/v2\/product_tag?post=22363"}],"curies":[{"name":"wp","href":"https:\/\/api.w.org\/{rel}","templated":true}]}}