{"id":22359,"date":"2026-03-25T13:40:40","date_gmt":"2026-03-25T13:40:40","guid":{"rendered":"https:\/\/some-store.projetsweb.net\/?post_type=product&#038;p=22359"},"modified":"2026-04-15T13:04:17","modified_gmt":"2026-04-15T13:04:17","slug":"presentoir-fusee","status":"publish","type":"product","link":"https:\/\/some-store.projetsweb.net\/en\/shop\/themes-occasions\/anniversaires\/par-themes\/astronaute\/presentoir-fusee\/","title":{"rendered":"Pr\u00e9sentoir fus\u00e9e"},"content":{"rendered":"","protected":false},"excerpt":{"rendered":"<p data-start=\"0\" data-end=\"121\">Apportez une touche spectaculaire \u00e0 votre table avec ce pr\u00e9sentoir fus\u00e9e, parfait pour une f\u00eate sur le th\u00e8me de l\u2019espace.<\/p>\n<ul data-start=\"123\" data-end=\"478\" data-is-only-node=\"\" data-is-last-node=\"\">\n<li data-section-id=\"wecvyo\" data-start=\"123\" data-end=\"176\">Pr\u00e9sentoir \u00e0 cupcakes th\u00e8me fus\u00e9e \/ astronaute \ud83d\ude80<\/li>\n<li data-section-id=\"7wqsh\" data-start=\"177\" data-end=\"217\">Design original en forme de fus\u00e9e 3D<\/li>\n<li data-section-id=\"2s6yk0\" data-start=\"218\" data-end=\"276\">3 niveaux pour exposer g\u00e2teaux, cupcakes ou friandises<\/li>\n<li data-section-id=\"1fsww0j\" data-start=\"277\" data-end=\"329\">Illustrations spatiales avec plan\u00e8tes et \u00e9toiles<\/li>\n<li data-section-id=\"60x8v2\" data-start=\"384\" data-end=\"422\">Montage facile et structure stable<\/li>\n<li data-section-id=\"ceb92i\" data-start=\"423\" data-end=\"478\" data-is-last-node=\"\">Dimensions : env 35 x30cm<\/li>\n<\/ul>","protected":false},"featured_media":23568,"comment_status":"open","ping_status":"closed","template":"","meta":[],"product_brand":[],"product_cat":[282,255],"product_tag":[],"class_list":{"0":"post-22359","1":"product","2":"type-product","3":"status-publish","4":"has-post-thumbnail","6":"product_cat-astronaute","7":"product_cat-presentoires","9":"first","10":"instock","11":"virtual","12":"purchasable","13":"product-type-simple"},"_links":{"self":[{"href":"https:\/\/some-store.projetsweb.net\/en\/wp-json\/wp\/v2\/product\/22359","targetHints":{"allow":["GET"]}}],"collection":[{"href":"https:\/\/some-store.projetsweb.net\/en\/wp-json\/wp\/v2\/product"}],"about":[{"href":"https:\/\/some-store.projetsweb.net\/en\/wp-json\/wp\/v2\/types\/product"}],"replies":[{"embeddable":true,"href":"https:\/\/some-store.projetsweb.net\/en\/wp-json\/wp\/v2\/comments?post=22359"}],"wp:featuredmedia":[{"embeddable":true,"href":"https:\/\/some-store.projetsweb.net\/en\/wp-json\/wp\/v2\/media\/23568"}],"wp:attachment":[{"href":"https:\/\/some-store.projetsweb.net\/en\/wp-json\/wp\/v2\/media?parent=22359"}],"wp:term":[{"taxonomy":"product_brand","embeddable":true,"href":"https:\/\/some-store.projetsweb.net\/en\/wp-json\/wp\/v2\/product_brand?post=22359"},{"taxonomy":"product_cat","embeddable":true,"href":"https:\/\/some-store.projetsweb.net\/en\/wp-json\/wp\/v2\/product_cat?post=22359"},{"taxonomy":"product_tag","embeddable":true,"href":"https:\/\/some-store.projetsweb.net\/en\/wp-json\/wp\/v2\/product_tag?post=22359"}],"curies":[{"name":"wp","href":"https:\/\/api.w.org\/{rel}","templated":true}]}}