{"id":22355,"date":"2026-03-25T13:33:26","date_gmt":"2026-03-25T13:33:26","guid":{"rendered":"https:\/\/some-store.projetsweb.net\/?post_type=product&#038;p=22355"},"modified":"2026-03-25T13:33:26","modified_gmt":"2026-03-25T13:33:26","slug":"presentoir-animaux-de-la-ferme","status":"publish","type":"product","link":"https:\/\/some-store.projetsweb.net\/en\/shop\/themes-occasions\/anniversaires\/par-themes\/animaux-de-la-ferme\/presentoir-animaux-de-la-ferme\/","title":{"rendered":"Pr\u00e9sentoir animaux de la ferme"},"content":{"rendered":"","protected":false},"excerpt":{"rendered":"<p data-start=\"0\" data-end=\"131\">Apportez une ambiance champ\u00eatre et ludique \u00e0 votre f\u00eate avec ce pr\u00e9sentoir animaux de la ferme, parfait pour sublimer vos desserts.<\/p>\n<ul data-start=\"133\" data-end=\"473\" data-is-only-node=\"\" data-is-last-node=\"\">\n<li data-section-id=\"y6xhsu\" data-start=\"133\" data-end=\"159\">Pr\u00e9sentoir th\u00e8me ferme<\/li>\n<li data-section-id=\"lgtuyp\" data-start=\"160\" data-end=\"208\">Design color\u00e9 avec grange, moulin et animaux<\/li>\n<li data-section-id=\"o1ze1n\" data-start=\"209\" data-end=\"269\">Illustrations adorables : vache, cochon, mouton et poule<\/li>\n<li data-section-id=\"1nkrpbd\" data-start=\"270\" data-end=\"314\">Id\u00e9al pour cupcakes, g\u00e2teaux et douceurs<\/li>\n<li data-section-id=\"1naifyd\" data-start=\"315\" data-end=\"368\">Dimensions : env 35 x 30 cm<\/li>\n<\/ul>","protected":false},"featured_media":22356,"comment_status":"open","ping_status":"closed","template":"","meta":[],"product_brand":[],"product_cat":[279,255],"product_tag":[],"class_list":{"0":"post-22355","1":"product","2":"type-product","3":"status-publish","4":"has-post-thumbnail","6":"product_cat-animaux-de-la-ferme","7":"product_cat-presentoires","9":"first","10":"instock","11":"virtual","12":"purchasable","13":"product-type-simple"},"_links":{"self":[{"href":"https:\/\/some-store.projetsweb.net\/en\/wp-json\/wp\/v2\/product\/22355","targetHints":{"allow":["GET"]}}],"collection":[{"href":"https:\/\/some-store.projetsweb.net\/en\/wp-json\/wp\/v2\/product"}],"about":[{"href":"https:\/\/some-store.projetsweb.net\/en\/wp-json\/wp\/v2\/types\/product"}],"replies":[{"embeddable":true,"href":"https:\/\/some-store.projetsweb.net\/en\/wp-json\/wp\/v2\/comments?post=22355"}],"wp:featuredmedia":[{"embeddable":true,"href":"https:\/\/some-store.projetsweb.net\/en\/wp-json\/wp\/v2\/media\/22356"}],"wp:attachment":[{"href":"https:\/\/some-store.projetsweb.net\/en\/wp-json\/wp\/v2\/media?parent=22355"}],"wp:term":[{"taxonomy":"product_brand","embeddable":true,"href":"https:\/\/some-store.projetsweb.net\/en\/wp-json\/wp\/v2\/product_brand?post=22355"},{"taxonomy":"product_cat","embeddable":true,"href":"https:\/\/some-store.projetsweb.net\/en\/wp-json\/wp\/v2\/product_cat?post=22355"},{"taxonomy":"product_tag","embeddable":true,"href":"https:\/\/some-store.projetsweb.net\/en\/wp-json\/wp\/v2\/product_tag?post=22355"}],"curies":[{"name":"wp","href":"https:\/\/api.w.org\/{rel}","templated":true}]}}