{"id":22343,"date":"2026-03-25T13:10:05","date_gmt":"2026-03-25T13:10:05","guid":{"rendered":"https:\/\/some-store.projetsweb.net\/?post_type=product&#038;p=22343"},"modified":"2026-04-14T08:57:28","modified_gmt":"2026-04-14T08:57:28","slug":"pinata-lion","status":"publish","type":"product","link":"https:\/\/some-store.projetsweb.net\/en\/shop\/themes-occasions\/anniversaires\/par-themes\/animaux-en-parade\/pinata-lion\/","title":{"rendered":"Pinata lion"},"content":{"rendered":"","protected":false},"excerpt":{"rendered":"<p data-start=\"68\" data-end=\"163\">Pinata lion pour anniversaire, id\u00e9ale pour une animation fun et festive qui ravira les enfants.<\/p>\n<ul data-start=\"165\" data-end=\"446\" data-is-only-node=\"\" data-is-last-node=\"\">\n<li data-section-id=\"1vfp586\" data-start=\"165\" data-end=\"192\">Pinata en forme de lion<\/li>\n<li data-section-id=\"1rk90v7\" data-start=\"193\" data-end=\"247\">Parfait pour anniversaires et f\u00eates \u00e0 th\u00e8me jungle<\/li>\n<li data-section-id=\"r5x452\" data-start=\"248\" data-end=\"300\">\u00c0 remplir de bonbons, petits jouets ou surprises<\/li>\n<li data-section-id=\"518wi9\" data-start=\"301\" data-end=\"344\">Animation ludique pour tous les enfants<\/li>\n<li data-section-id=\"1uxukwh\" data-start=\"345\" data-end=\"367\">Facile \u00e0 suspendre<\/li>\n<li data-section-id=\"1uxukwh\" data-start=\"345\" data-end=\"367\">Les rubans d\u00e9coratifs ne sont pas inclus<\/li>\n<li data-section-id=\"htzdcv\" data-start=\"369\" data-end=\"402\">Dimensions : 45 x 45 x 9,5 cm<\/li>\n<li data-section-id=\"1kynzbi\" data-start=\"403\" data-end=\"446\" data-is-last-node=\"\">B\u00e2ton et bandeau pour les yeux inclus<\/li>\n<\/ul>","protected":false},"featured_media":23012,"comment_status":"open","ping_status":"closed","template":"","meta":[],"product_brand":[],"product_cat":[233,281,264],"product_tag":[],"class_list":{"0":"post-22343","1":"product","2":"type-product","3":"status-publish","4":"has-post-thumbnail","6":"product_cat-animaux-en-parade","7":"product_cat-animaux-safari","8":"product_cat-pinatas","10":"first","11":"instock","12":"virtual","13":"purchasable","14":"product-type-simple"},"_links":{"self":[{"href":"https:\/\/some-store.projetsweb.net\/en\/wp-json\/wp\/v2\/product\/22343","targetHints":{"allow":["GET"]}}],"collection":[{"href":"https:\/\/some-store.projetsweb.net\/en\/wp-json\/wp\/v2\/product"}],"about":[{"href":"https:\/\/some-store.projetsweb.net\/en\/wp-json\/wp\/v2\/types\/product"}],"replies":[{"embeddable":true,"href":"https:\/\/some-store.projetsweb.net\/en\/wp-json\/wp\/v2\/comments?post=22343"}],"wp:featuredmedia":[{"embeddable":true,"href":"https:\/\/some-store.projetsweb.net\/en\/wp-json\/wp\/v2\/media\/23012"}],"wp:attachment":[{"href":"https:\/\/some-store.projetsweb.net\/en\/wp-json\/wp\/v2\/media?parent=22343"}],"wp:term":[{"taxonomy":"product_brand","embeddable":true,"href":"https:\/\/some-store.projetsweb.net\/en\/wp-json\/wp\/v2\/product_brand?post=22343"},{"taxonomy":"product_cat","embeddable":true,"href":"https:\/\/some-store.projetsweb.net\/en\/wp-json\/wp\/v2\/product_cat?post=22343"},{"taxonomy":"product_tag","embeddable":true,"href":"https:\/\/some-store.projetsweb.net\/en\/wp-json\/wp\/v2\/product_tag?post=22343"}],"curies":[{"name":"wp","href":"https:\/\/api.w.org\/{rel}","templated":true}]}}