{"id":22340,"date":"2026-03-25T13:06:17","date_gmt":"2026-03-25T13:06:17","guid":{"rendered":"https:\/\/some-store.projetsweb.net\/?post_type=product&#038;p=22340"},"modified":"2026-03-25T13:06:17","modified_gmt":"2026-03-25T13:06:17","slug":"presentoir-animaux-de-la-jungle","status":"publish","type":"product","link":"https:\/\/some-store.projetsweb.net\/en\/shop\/themes-occasions\/anniversaires\/par-themes\/animaux-safari\/presentoir-animaux-de-la-jungle\/","title":{"rendered":"Pr\u00e9sentoir animaux de la jungle"},"content":{"rendered":"","protected":false},"excerpt":{"rendered":"<p data-start=\"0\" data-end=\"136\">Ajoutez une touche adorable et naturelle \u00e0 votre table avec ce pr\u00e9sentoir animaux de la jungle, parfait pour une f\u00eate pleine de douceur.<\/p>\n<ul data-start=\"138\" data-end=\"504\" data-is-only-node=\"\" data-is-last-node=\"\">\n<li data-section-id=\"1ugwwsz\" data-start=\"138\" data-end=\"179\">Pr\u00e9sentoir th\u00e8me animaux de la jungle<\/li>\n<li data-section-id=\"15w6wjc\" data-start=\"180\" data-end=\"247\">Illustrations mignonnes : lion, girafe, \u00e9l\u00e9phant, z\u00e8bre et amis<\/li>\n<li data-section-id=\"1obk3tt\" data-start=\"248\" data-end=\"293\">Design doux et color\u00e9, id\u00e9al pour enfants<\/li>\n<li data-section-id=\"idja3d\" data-start=\"294\" data-end=\"340\">Parfait pour cupcakes, g\u00e2teaux et douceurs<\/li>\n<li data-section-id=\"1kpe2d1\" data-start=\"449\" data-end=\"504\" data-is-last-node=\"\">Dimensions : env 35 x 30 cm<\/li>\n<\/ul>","protected":false},"featured_media":22341,"comment_status":"open","ping_status":"closed","template":"","meta":[],"product_brand":[],"product_cat":[281,255],"product_tag":[],"class_list":{"0":"post-22340","1":"product","2":"type-product","3":"status-publish","4":"has-post-thumbnail","6":"product_cat-animaux-safari","7":"product_cat-presentoires","9":"first","10":"instock","11":"virtual","12":"purchasable","13":"product-type-simple"},"_links":{"self":[{"href":"https:\/\/some-store.projetsweb.net\/en\/wp-json\/wp\/v2\/product\/22340","targetHints":{"allow":["GET"]}}],"collection":[{"href":"https:\/\/some-store.projetsweb.net\/en\/wp-json\/wp\/v2\/product"}],"about":[{"href":"https:\/\/some-store.projetsweb.net\/en\/wp-json\/wp\/v2\/types\/product"}],"replies":[{"embeddable":true,"href":"https:\/\/some-store.projetsweb.net\/en\/wp-json\/wp\/v2\/comments?post=22340"}],"wp:featuredmedia":[{"embeddable":true,"href":"https:\/\/some-store.projetsweb.net\/en\/wp-json\/wp\/v2\/media\/22341"}],"wp:attachment":[{"href":"https:\/\/some-store.projetsweb.net\/en\/wp-json\/wp\/v2\/media?parent=22340"}],"wp:term":[{"taxonomy":"product_brand","embeddable":true,"href":"https:\/\/some-store.projetsweb.net\/en\/wp-json\/wp\/v2\/product_brand?post=22340"},{"taxonomy":"product_cat","embeddable":true,"href":"https:\/\/some-store.projetsweb.net\/en\/wp-json\/wp\/v2\/product_cat?post=22340"},{"taxonomy":"product_tag","embeddable":true,"href":"https:\/\/some-store.projetsweb.net\/en\/wp-json\/wp\/v2\/product_tag?post=22340"}],"curies":[{"name":"wp","href":"https:\/\/api.w.org\/{rel}","templated":true}]}}