{"id":22320,"date":"2026-03-25T12:53:12","date_gmt":"2026-03-25T12:53:12","guid":{"rendered":"https:\/\/some-store.projetsweb.net\/?post_type=product&#038;p=22320"},"modified":"2026-03-25T12:53:13","modified_gmt":"2026-03-25T12:53:13","slug":"presentoir-papillons","status":"publish","type":"product","link":"https:\/\/some-store.projetsweb.net\/en\/shop\/themes-occasions\/anniversaires\/par-themes\/papillons\/presentoir-papillons\/","title":{"rendered":"Pr\u00e9sentoir papillons"},"content":{"rendered":"","protected":false},"excerpt":{"rendered":"<p data-start=\"0\" data-end=\"115\">Apportez une touche \u00e9l\u00e9gante et f\u00e9erique \u00e0 votre table avec ce pr\u00e9sentoir \u00e0 cupcakes d\u00e9cor\u00e9 de fleurs et papillons.<\/p>\n<ul data-start=\"117\" data-end=\"473\" data-is-only-node=\"\" data-is-last-node=\"\">\n<li data-section-id=\"qdwwyo\" data-start=\"117\" data-end=\"156\">Pr\u00e9sentoir th\u00e8me fleurs &amp; papillons<\/li>\n<li data-section-id=\"17o52tc\" data-start=\"157\" data-end=\"206\">Design d\u00e9licat et color\u00e9, ambiance romantique<\/li>\n<li data-section-id=\"1e4wniu\" data-start=\"207\" data-end=\"255\">Id\u00e9al pour cupcakes, p\u00e2tisseries et douceurs<\/li>\n<li data-section-id=\"ce1utu\" data-start=\"421\" data-end=\"473\" data-is-last-node=\"\">Dimensions : env 35 x 30 cm<\/li>\n<\/ul>","protected":false},"featured_media":22321,"comment_status":"open","ping_status":"closed","template":"","meta":[],"product_brand":[],"product_cat":[293,255],"product_tag":[],"class_list":{"0":"post-22320","1":"product","2":"type-product","3":"status-publish","4":"has-post-thumbnail","6":"product_cat-papillons","7":"product_cat-presentoires","9":"first","10":"instock","11":"virtual","12":"purchasable","13":"product-type-simple"},"_links":{"self":[{"href":"https:\/\/some-store.projetsweb.net\/en\/wp-json\/wp\/v2\/product\/22320","targetHints":{"allow":["GET"]}}],"collection":[{"href":"https:\/\/some-store.projetsweb.net\/en\/wp-json\/wp\/v2\/product"}],"about":[{"href":"https:\/\/some-store.projetsweb.net\/en\/wp-json\/wp\/v2\/types\/product"}],"replies":[{"embeddable":true,"href":"https:\/\/some-store.projetsweb.net\/en\/wp-json\/wp\/v2\/comments?post=22320"}],"wp:featuredmedia":[{"embeddable":true,"href":"https:\/\/some-store.projetsweb.net\/en\/wp-json\/wp\/v2\/media\/22321"}],"wp:attachment":[{"href":"https:\/\/some-store.projetsweb.net\/en\/wp-json\/wp\/v2\/media?parent=22320"}],"wp:term":[{"taxonomy":"product_brand","embeddable":true,"href":"https:\/\/some-store.projetsweb.net\/en\/wp-json\/wp\/v2\/product_brand?post=22320"},{"taxonomy":"product_cat","embeddable":true,"href":"https:\/\/some-store.projetsweb.net\/en\/wp-json\/wp\/v2\/product_cat?post=22320"},{"taxonomy":"product_tag","embeddable":true,"href":"https:\/\/some-store.projetsweb.net\/en\/wp-json\/wp\/v2\/product_tag?post=22320"}],"curies":[{"name":"wp","href":"https:\/\/api.w.org\/{rel}","templated":true}]}}