{"id":22283,"date":"2026-03-25T11:45:20","date_gmt":"2026-03-25T11:45:20","guid":{"rendered":"https:\/\/some-store.projetsweb.net\/?post_type=product&#038;p=22283"},"modified":"2026-03-25T11:45:21","modified_gmt":"2026-03-25T11:45:21","slug":"boites-a-gouter-reine-des-neiges-x12","status":"publish","type":"product","link":"https:\/\/some-store.projetsweb.net\/en\/shop\/themes-occasions\/anniversaires\/par-personnage\/reine-des-neiges\/boites-a-gouter-reine-des-neiges-x12\/","title":{"rendered":"Boites \u00e0 gouter Reine des neiges x12"},"content":{"rendered":"","protected":false},"excerpt":{"rendered":"<p data-start=\"0\" data-end=\"134\">Faites plaisir aux enfants avec ces jolies bo\u00eetes \u00e0 go\u00fbter Reine des Neiges.<\/p>\n<ul data-start=\"136\" data-end=\"491\" data-is-last-node=\"\" data-is-only-node=\"\">\n<li data-section-id=\"12zgnf5\" data-start=\"136\" data-end=\"178\">Lot de 12 bo\u00eetes \u00e0 go\u00fbter th\u00e8me Reine des Neiges<\/li>\n<li data-section-id=\"1xdmbl7\" data-start=\"179\" data-end=\"233\">4 designs diff\u00e9rents<\/li>\n<li data-section-id=\"rqzbtc\" data-start=\"452\" data-end=\"491\" data-is-last-node=\"\">Montage facile<\/li>\n<\/ul>","protected":false},"featured_media":22284,"comment_status":"open","ping_status":"closed","template":"","meta":[],"product_brand":[],"product_cat":[319,303],"product_tag":[],"class_list":{"0":"post-22283","1":"product","2":"type-product","3":"status-publish","4":"has-post-thumbnail","6":"product_cat-boite-a-gouter","7":"product_cat-reine-des-neiges","9":"first","10":"instock","11":"virtual","12":"purchasable","13":"product-type-simple"},"_links":{"self":[{"href":"https:\/\/some-store.projetsweb.net\/en\/wp-json\/wp\/v2\/product\/22283","targetHints":{"allow":["GET"]}}],"collection":[{"href":"https:\/\/some-store.projetsweb.net\/en\/wp-json\/wp\/v2\/product"}],"about":[{"href":"https:\/\/some-store.projetsweb.net\/en\/wp-json\/wp\/v2\/types\/product"}],"replies":[{"embeddable":true,"href":"https:\/\/some-store.projetsweb.net\/en\/wp-json\/wp\/v2\/comments?post=22283"}],"wp:featuredmedia":[{"embeddable":true,"href":"https:\/\/some-store.projetsweb.net\/en\/wp-json\/wp\/v2\/media\/22284"}],"wp:attachment":[{"href":"https:\/\/some-store.projetsweb.net\/en\/wp-json\/wp\/v2\/media?parent=22283"}],"wp:term":[{"taxonomy":"product_brand","embeddable":true,"href":"https:\/\/some-store.projetsweb.net\/en\/wp-json\/wp\/v2\/product_brand?post=22283"},{"taxonomy":"product_cat","embeddable":true,"href":"https:\/\/some-store.projetsweb.net\/en\/wp-json\/wp\/v2\/product_cat?post=22283"},{"taxonomy":"product_tag","embeddable":true,"href":"https:\/\/some-store.projetsweb.net\/en\/wp-json\/wp\/v2\/product_tag?post=22283"}],"curies":[{"name":"wp","href":"https:\/\/api.w.org\/{rel}","templated":true}]}}