{"id":22275,"date":"2026-03-25T11:34:34","date_gmt":"2026-03-25T11:34:34","guid":{"rendered":"https:\/\/some-store.projetsweb.net\/?post_type=product&#038;p=22275"},"modified":"2026-03-25T11:34:35","modified_gmt":"2026-03-25T11:34:35","slug":"toppers-stitch-x24","status":"publish","type":"product","link":"https:\/\/some-store.projetsweb.net\/en\/shop\/themes-occasions\/anniversaires\/par-personnage\/stitch\/toppers-stitch-x24\/","title":{"rendered":"Toppers Stitch x24"},"content":{"rendered":"","protected":false},"excerpt":{"rendered":"<p data-start=\"0\" data-end=\"122\">Apportez une touche fun et color\u00e9e \u00e0 vos desserts avec ces toppers Stitch, parfaits pour sublimer vos g\u00e2teaux et cupcakes.<\/p>\n<ul data-start=\"124\" data-end=\"480\" data-is-last-node=\"\" data-is-only-node=\"\">\n<li data-section-id=\"1p8a2uy\" data-start=\"124\" data-end=\"148\">24 toppers th\u00e8me Stitch<\/li>\n<li data-section-id=\"1u52xdd\" data-start=\"149\" data-end=\"197\">6 designs diff\u00e9rents<\/li>\n<li data-section-id=\"1ijhkpc\" data-start=\"198\" data-end=\"250\">Id\u00e9al pour d\u00e9corer cupcakes, g\u00e2teaux et desserts<\/li>\n<\/ul>","protected":false},"featured_media":22276,"comment_status":"open","ping_status":"closed","template":"","meta":[],"product_brand":[],"product_cat":[304,267],"product_tag":[],"class_list":{"0":"post-22275","1":"product","2":"type-product","3":"status-publish","4":"has-post-thumbnail","6":"product_cat-stitch","7":"product_cat-toppers","9":"first","10":"instock","11":"virtual","12":"purchasable","13":"product-type-simple"},"_links":{"self":[{"href":"https:\/\/some-store.projetsweb.net\/en\/wp-json\/wp\/v2\/product\/22275","targetHints":{"allow":["GET"]}}],"collection":[{"href":"https:\/\/some-store.projetsweb.net\/en\/wp-json\/wp\/v2\/product"}],"about":[{"href":"https:\/\/some-store.projetsweb.net\/en\/wp-json\/wp\/v2\/types\/product"}],"replies":[{"embeddable":true,"href":"https:\/\/some-store.projetsweb.net\/en\/wp-json\/wp\/v2\/comments?post=22275"}],"wp:featuredmedia":[{"embeddable":true,"href":"https:\/\/some-store.projetsweb.net\/en\/wp-json\/wp\/v2\/media\/22276"}],"wp:attachment":[{"href":"https:\/\/some-store.projetsweb.net\/en\/wp-json\/wp\/v2\/media?parent=22275"}],"wp:term":[{"taxonomy":"product_brand","embeddable":true,"href":"https:\/\/some-store.projetsweb.net\/en\/wp-json\/wp\/v2\/product_brand?post=22275"},{"taxonomy":"product_cat","embeddable":true,"href":"https:\/\/some-store.projetsweb.net\/en\/wp-json\/wp\/v2\/product_cat?post=22275"},{"taxonomy":"product_tag","embeddable":true,"href":"https:\/\/some-store.projetsweb.net\/en\/wp-json\/wp\/v2\/product_tag?post=22275"}],"curies":[{"name":"wp","href":"https:\/\/api.w.org\/{rel}","templated":true}]}}