{"id":22223,"date":"2026-03-24T14:22:10","date_gmt":"2026-03-24T14:22:10","guid":{"rendered":"https:\/\/some-store.projetsweb.net\/?post_type=product&#038;p=22223"},"modified":"2026-03-24T14:22:10","modified_gmt":"2026-03-24T14:22:10","slug":"nappe-de-table-irisee-137-x-183-cm","status":"publish","type":"product","link":"https:\/\/some-store.projetsweb.net\/en\/shop\/themes-occasions\/anniversaires\/par-themes\/mix-match\/nappe-de-table-irisee-137-x-183-cm\/","title":{"rendered":"Nappe de table iris\u00e9e 137 x 183 cm"},"content":{"rendered":"","protected":false},"excerpt":{"rendered":"<p data-start=\"0\" data-end=\"107\">Apportez une touche brillante et tendance \u00e0 votre table avec cette nappe iris\u00e9e aux reflets holographiques.<\/p>\n<ul data-start=\"109\" data-end=\"395\" data-is-last-node=\"\" data-is-only-node=\"\">\n<li data-section-id=\"159kikh\" data-start=\"109\" data-end=\"153\">Nappe de table effet iris\u00e9 holographique<\/li>\n<li data-section-id=\"hldcd8\" data-start=\"154\" data-end=\"199\">Reflets multicolores lumineux et \u00e9l\u00e9gants<\/li>\n<li data-section-id=\"dnazqd\" data-start=\"200\" data-end=\"250\">Id\u00e9ale pour anniversaires, f\u00eates et \u00e9v\u00e9nements<\/li>\n<li data-section-id=\"1cgat0v\" data-start=\"251\" data-end=\"296\">Prot\u00e8ge et habille votre table avec style<\/li>\n<li data-section-id=\"9ihdoh\" data-start=\"297\" data-end=\"333\">Facile \u00e0 installer et \u00e0 nettoyer<\/li>\n<li data-section-id=\"1rpdkv8\" data-start=\"335\" data-end=\"395\" data-is-last-node=\"\">Dimensions : 137 x 183 cm<\/li>\n<\/ul>","protected":false},"featured_media":22225,"comment_status":"open","ping_status":"closed","template":"","meta":[],"product_brand":[],"product_cat":[327,253,296],"product_tag":[],"class_list":{"0":"post-22223","1":"product","2":"type-product","3":"status-publish","4":"has-post-thumbnail","6":"product_cat-mix-match","7":"product_cat-nappes","8":"product_cat-sirenes","10":"first","11":"instock","12":"virtual","13":"purchasable","14":"product-type-simple"},"_links":{"self":[{"href":"https:\/\/some-store.projetsweb.net\/en\/wp-json\/wp\/v2\/product\/22223","targetHints":{"allow":["GET"]}}],"collection":[{"href":"https:\/\/some-store.projetsweb.net\/en\/wp-json\/wp\/v2\/product"}],"about":[{"href":"https:\/\/some-store.projetsweb.net\/en\/wp-json\/wp\/v2\/types\/product"}],"replies":[{"embeddable":true,"href":"https:\/\/some-store.projetsweb.net\/en\/wp-json\/wp\/v2\/comments?post=22223"}],"wp:featuredmedia":[{"embeddable":true,"href":"https:\/\/some-store.projetsweb.net\/en\/wp-json\/wp\/v2\/media\/22225"}],"wp:attachment":[{"href":"https:\/\/some-store.projetsweb.net\/en\/wp-json\/wp\/v2\/media?parent=22223"}],"wp:term":[{"taxonomy":"product_brand","embeddable":true,"href":"https:\/\/some-store.projetsweb.net\/en\/wp-json\/wp\/v2\/product_brand?post=22223"},{"taxonomy":"product_cat","embeddable":true,"href":"https:\/\/some-store.projetsweb.net\/en\/wp-json\/wp\/v2\/product_cat?post=22223"},{"taxonomy":"product_tag","embeddable":true,"href":"https:\/\/some-store.projetsweb.net\/en\/wp-json\/wp\/v2\/product_tag?post=22223"}],"curies":[{"name":"wp","href":"https:\/\/api.w.org\/{rel}","templated":true}]}}