{"id":22200,"date":"2026-03-24T13:07:25","date_gmt":"2026-03-24T13:07:25","guid":{"rendered":"https:\/\/some-store.projetsweb.net\/?post_type=product&#038;p=22200"},"modified":"2026-03-24T13:07:25","modified_gmt":"2026-03-24T13:07:25","slug":"sacs-cadeaux-sirenes-x10","status":"publish","type":"product","link":"https:\/\/some-store.projetsweb.net\/en\/shop\/themes-occasions\/anniversaires\/par-themes\/sirenes\/sacs-cadeaux-sirenes-x10\/","title":{"rendered":"Sacs cadeaux sir\u00e8nes x10"},"content":{"rendered":"","protected":false},"excerpt":{"rendered":"<p data-start=\"0\" data-end=\"100\">Ajoutez une touche f\u00e9erique \u00e0 vos cadeaux avec ces sacs sir\u00e8ne aux couleurs douces et scintillantes.<\/p>\n<ul data-start=\"102\" data-end=\"381\" data-is-last-node=\"\" data-is-only-node=\"\">\n<li data-section-id=\"1y3tqkk\" data-start=\"102\" data-end=\"138\">Lot de 10 sacs cadeaux th\u00e8me sir\u00e8ne<\/li>\n<li data-section-id=\"1s35re0\" data-start=\"139\" data-end=\"188\">Motif \u00e9cailles avec queue de sir\u00e8ne brillante<\/li>\n<li data-section-id=\"190cd1y\" data-start=\"189\" data-end=\"230\">Couleurs pastel \u00e9l\u00e9gantes et tendance<\/li>\n<li data-section-id=\"wupptp\" data-start=\"231\" data-end=\"282\">Id\u00e9al pour cadeaux de retour ou petits pr\u00e9sents<\/li>\n<li data-section-id=\"65jsk7\" data-start=\"329\" data-end=\"381\" data-is-last-node=\"\"><\/li>\n<\/ul>","protected":false},"featured_media":22201,"comment_status":"open","ping_status":"closed","template":"","meta":[],"product_brand":[],"product_cat":[265,296],"product_tag":[],"class_list":{"0":"post-22200","1":"product","2":"type-product","3":"status-publish","4":"has-post-thumbnail","6":"product_cat-sacs-cadeaux","7":"product_cat-sirenes","9":"first","10":"instock","11":"virtual","12":"purchasable","13":"product-type-simple"},"_links":{"self":[{"href":"https:\/\/some-store.projetsweb.net\/en\/wp-json\/wp\/v2\/product\/22200","targetHints":{"allow":["GET"]}}],"collection":[{"href":"https:\/\/some-store.projetsweb.net\/en\/wp-json\/wp\/v2\/product"}],"about":[{"href":"https:\/\/some-store.projetsweb.net\/en\/wp-json\/wp\/v2\/types\/product"}],"replies":[{"embeddable":true,"href":"https:\/\/some-store.projetsweb.net\/en\/wp-json\/wp\/v2\/comments?post=22200"}],"wp:featuredmedia":[{"embeddable":true,"href":"https:\/\/some-store.projetsweb.net\/en\/wp-json\/wp\/v2\/media\/22201"}],"wp:attachment":[{"href":"https:\/\/some-store.projetsweb.net\/en\/wp-json\/wp\/v2\/media?parent=22200"}],"wp:term":[{"taxonomy":"product_brand","embeddable":true,"href":"https:\/\/some-store.projetsweb.net\/en\/wp-json\/wp\/v2\/product_brand?post=22200"},{"taxonomy":"product_cat","embeddable":true,"href":"https:\/\/some-store.projetsweb.net\/en\/wp-json\/wp\/v2\/product_cat?post=22200"},{"taxonomy":"product_tag","embeddable":true,"href":"https:\/\/some-store.projetsweb.net\/en\/wp-json\/wp\/v2\/product_tag?post=22200"}],"curies":[{"name":"wp","href":"https:\/\/api.w.org\/{rel}","templated":true}]}}