{"id":22194,"date":"2026-03-24T13:03:51","date_gmt":"2026-03-24T13:03:51","guid":{"rendered":"https:\/\/some-store.projetsweb.net\/?post_type=product&#038;p=22194"},"modified":"2026-04-15T13:31:47","modified_gmt":"2026-04-15T13:31:47","slug":"kit-vaisselle-sirene","status":"publish","type":"product","link":"https:\/\/some-store.projetsweb.net\/en\/shop\/themes-occasions\/anniversaires\/par-themes\/sirenes\/kit-vaisselle-sirene\/","title":{"rendered":"Kit vaisselle sir\u00e8ne"},"content":{"rendered":"","protected":false},"excerpt":{"rendered":"<section class=\"text-token-text-primary w-full focus:outline-none [--shadow-height:45px] has-data-writing-block:pointer-events-none has-data-writing-block:-mt-(--shadow-height) has-data-writing-block:pt-(--shadow-height) [&amp;:has([data-writing-block])&gt;*]:pointer-events-auto scroll-mt-(--header-height)\" dir=\"auto\" data-turn-id=\"05f3905e-8742-4b65-b459-427760b283f4\" data-testid=\"conversation-turn-27\" data-scroll-anchor=\"false\" data-turn=\"user\"><\/section>\n<section class=\"text-token-text-primary w-full focus:outline-none [--shadow-height:45px] has-data-writing-block:pointer-events-none has-data-writing-block:-mt-(--shadow-height) has-data-writing-block:pt-(--shadow-height) [&amp;:has([data-writing-block])&gt;*]:pointer-events-auto scroll-mt-[calc(var(--header-height)+min(200px,max(70px,20svh)))]\" dir=\"auto\" data-turn-id=\"request-WEB:c2cf196d-90cf-4d0b-9270-f16f44c49ca1-30\" data-testid=\"conversation-turn-28\" data-scroll-anchor=\"true\" data-turn=\"assistant\">\n<div class=\"text-base my-auto mx-auto pb-10 [--thread-content-margin:var(--thread-content-margin-xs,calc(var(--spacing)*4))] @w-sm\/main:[--thread-content-margin:var(--thread-content-margin-sm,calc(var(--spacing)*6))] @w-lg\/main:[--thread-content-margin:var(--thread-content-margin-lg,calc(var(--spacing)*16))] px-(--thread-content-margin)\">\n<div class=\"[--thread-content-max-width:40rem] @w-lg\/main:[--thread-content-max-width:48rem] mx-auto max-w-(--thread-content-max-width) flex-1 group\/turn-messages focus-visible:outline-hidden relative flex w-full min-w-0 flex-col agent-turn\">\n<div class=\"flex max-w-full flex-col gap-4 grow\">\n<div class=\"min-h-8 text-message relative flex w-full flex-col items-end gap-2 text-start break-words whitespace-normal outline-none keyboard-focused:focus-ring [.text-message+&amp;]:mt-1\" dir=\"auto\" tabindex=\"0\" data-message-author-role=\"assistant\" data-message-id=\"df526b81-a120-489d-9e6a-5f84bae4576f\" data-message-model-slug=\"gpt-5-3\" data-turn-start-message=\"true\">\n<div class=\"flex w-full flex-col gap-1 empty:hidden\">\n<div class=\"markdown prose dark:prose-invert w-full wrap-break-word light markdown-new-styling\">\n<p data-start=\"0\" data-end=\"116\">Cr\u00e9ez une ambiance magique et f\u00e9erique avec ce kit vaisselle sir\u00e8ne, parfait pour une f\u00eate sous le th\u00e8me des oc\u00e9ans. Le kit est compos\u00e9 de :<\/p>\n<ul data-start=\"118\" data-end=\"415\" data-is-last-node=\"\" data-is-only-node=\"\">\n<li data-section-id=\"1stkd93\" data-start=\"118\" data-end=\"148\">16 grandes assiettes<\/li>\n<li data-section-id=\"1stkd93\" data-start=\"118\" data-end=\"148\">16 assiettes \u00e0 dessert<\/li>\n<li data-section-id=\"1stkd93\" data-start=\"118\" data-end=\"148\">16 gobelets<\/li>\n<li data-section-id=\"1stkd93\" data-start=\"118\" data-end=\"148\">20 serviettes<\/li>\n<li data-section-id=\"1stkd93\" data-start=\"118\" data-end=\"148\">16 pailles<\/li>\n<li data-section-id=\"d4lmu3\" data-start=\"149\" data-end=\"213\">1 nappe de table de 137 x 274 cm<\/li>\n<\/ul>\n<\/div>\n<\/div>\n<\/div>\n<\/div>\n<\/div>\n<\/div>\n<\/section>\n","protected":false},"featured_media":23596,"comment_status":"open","ping_status":"closed","template":"","meta":[],"product_brand":[],"product_cat":[248,240,296],"product_tag":[],"class_list":{"0":"post-22194","1":"product","2":"type-product","3":"status-publish","4":"has-post-thumbnail","6":"product_cat-assiettes","7":"product_cat-kit-vaisselles","8":"product_cat-sirenes","10":"first","11":"instock","12":"virtual","13":"purchasable","14":"product-type-simple"},"_links":{"self":[{"href":"https:\/\/some-store.projetsweb.net\/en\/wp-json\/wp\/v2\/product\/22194","targetHints":{"allow":["GET"]}}],"collection":[{"href":"https:\/\/some-store.projetsweb.net\/en\/wp-json\/wp\/v2\/product"}],"about":[{"href":"https:\/\/some-store.projetsweb.net\/en\/wp-json\/wp\/v2\/types\/product"}],"replies":[{"embeddable":true,"href":"https:\/\/some-store.projetsweb.net\/en\/wp-json\/wp\/v2\/comments?post=22194"}],"wp:featuredmedia":[{"embeddable":true,"href":"https:\/\/some-store.projetsweb.net\/en\/wp-json\/wp\/v2\/media\/23596"}],"wp:attachment":[{"href":"https:\/\/some-store.projetsweb.net\/en\/wp-json\/wp\/v2\/media?parent=22194"}],"wp:term":[{"taxonomy":"product_brand","embeddable":true,"href":"https:\/\/some-store.projetsweb.net\/en\/wp-json\/wp\/v2\/product_brand?post=22194"},{"taxonomy":"product_cat","embeddable":true,"href":"https:\/\/some-store.projetsweb.net\/en\/wp-json\/wp\/v2\/product_cat?post=22194"},{"taxonomy":"product_tag","embeddable":true,"href":"https:\/\/some-store.projetsweb.net\/en\/wp-json\/wp\/v2\/product_tag?post=22194"}],"curies":[{"name":"wp","href":"https:\/\/api.w.org\/{rel}","templated":true}]}}