{"id":22191,"date":"2026-03-24T12:57:32","date_gmt":"2026-03-24T12:57:32","guid":{"rendered":"https:\/\/some-store.projetsweb.net\/?post_type=product&#038;p=22191"},"modified":"2026-04-17T09:57:46","modified_gmt":"2026-04-17T09:57:46","slug":"presentoir-chateau-de-princesse","status":"publish","type":"product","link":"https:\/\/some-store.projetsweb.net\/en\/shop\/themes-occasions\/anniversaires\/par-themes\/princesse\/presentoir-chateau-de-princesse\/","title":{"rendered":"Pr\u00e9sentoir ch\u00e2teau de princesse"},"content":{"rendered":"","protected":false},"excerpt":{"rendered":"<p data-start=\"0\" data-end=\"109\">Sublimez votre table avec ce pr\u00e9sentoir princesse \u00e0 \u00e9tages, parfait pour une d\u00e9coration f\u00e9erique et \u00e9l\u00e9gante.<\/p>\n<ul data-start=\"111\" data-end=\"400\" data-is-last-node=\"\" data-is-only-node=\"\">\n<li data-section-id=\"1io2eqn\" data-start=\"111\" data-end=\"152\">Pr\u00e9sentoir \u00e0 3 \u00e9tages th\u00e8me princesse<\/li>\n<li data-section-id=\"yggl0z\" data-start=\"153\" data-end=\"203\">Design rose avec ch\u00e2teau et \u00e9l\u00e9ments f\u00e9eriques<\/li>\n<li data-section-id=\"txmwyh\" data-start=\"204\" data-end=\"254\">Id\u00e9al pour cupcakes, bonbons et petits g\u00e2teaux<\/li>\n<li data-section-id=\"1n31bnx\" data-start=\"255\" data-end=\"283\">Montage facile et rapide<\/li>\n<li data-section-id=\"ndggp3\" data-start=\"342\" data-end=\"400\" data-is-last-node=\"\">Dimension : 35 x30 cm<\/li>\n<\/ul>","protected":false},"featured_media":24006,"comment_status":"open","ping_status":"closed","template":"","meta":[],"product_brand":[],"product_cat":[255,294],"product_tag":[],"class_list":{"0":"post-22191","1":"product","2":"type-product","3":"status-publish","4":"has-post-thumbnail","6":"product_cat-presentoires","7":"product_cat-princesse","9":"first","10":"instock","11":"virtual","12":"purchasable","13":"product-type-simple"},"_links":{"self":[{"href":"https:\/\/some-store.projetsweb.net\/en\/wp-json\/wp\/v2\/product\/22191","targetHints":{"allow":["GET"]}}],"collection":[{"href":"https:\/\/some-store.projetsweb.net\/en\/wp-json\/wp\/v2\/product"}],"about":[{"href":"https:\/\/some-store.projetsweb.net\/en\/wp-json\/wp\/v2\/types\/product"}],"replies":[{"embeddable":true,"href":"https:\/\/some-store.projetsweb.net\/en\/wp-json\/wp\/v2\/comments?post=22191"}],"wp:featuredmedia":[{"embeddable":true,"href":"https:\/\/some-store.projetsweb.net\/en\/wp-json\/wp\/v2\/media\/24006"}],"wp:attachment":[{"href":"https:\/\/some-store.projetsweb.net\/en\/wp-json\/wp\/v2\/media?parent=22191"}],"wp:term":[{"taxonomy":"product_brand","embeddable":true,"href":"https:\/\/some-store.projetsweb.net\/en\/wp-json\/wp\/v2\/product_brand?post=22191"},{"taxonomy":"product_cat","embeddable":true,"href":"https:\/\/some-store.projetsweb.net\/en\/wp-json\/wp\/v2\/product_cat?post=22191"},{"taxonomy":"product_tag","embeddable":true,"href":"https:\/\/some-store.projetsweb.net\/en\/wp-json\/wp\/v2\/product_tag?post=22191"}],"curies":[{"name":"wp","href":"https:\/\/api.w.org\/{rel}","templated":true}]}}